{"id":949,"date":"2016-05-09T18:21:42","date_gmt":"2016-05-09T17:21:42","guid":{"rendered":"http:\/\/padmaling.org\/wordpress\/?page_id=949"},"modified":"2016-05-09T18:21:42","modified_gmt":"2016-05-09T17:21:42","slug":"conferencias-y-ensenanzas-pedido","status":"publish","type":"page","link":"https:\/\/padmaling.org\/newpadmaling\/?page_id=949","title":{"rendered":"CONFERENCIAS Y ENSE\u00d1ANZAS: Pedidos"},"content":{"rendered":"<p>Se ha puesto a disposici\u00f3n de los estudiantes las ense\u00f1anzas de los maestros en diferentes formatos. Los pedidos han de realizarse a:<\/p>\n<p style=\"text-align: center;\"><a href=\"mailto:informacion@padmaling.org\">informacion@padmaling.org<\/a><\/p>\n<p style=\"text-align: left;\">A los pedidos por correo postal hay que a\u00f1adir los gastos de env\u00edo, unos 3\u20ac aproximadamento. En el momento de hacer el pedido se informar\u00e1 de la forma de realizar el pago,<\/p>\n<p style=\"text-align: left;\">En las siguientes tablas est\u00e1n las ense\u00f1anzas disponibles y su precio<\/p>\n<p><center><\/p>\n<table dir=\"ltr\" width=\"890\" cellspacing=\"0\" cellpadding=\"7\">\n<colgroup>\n<col width=\"124\" \/>\n<col width=\"71\" \/>\n<col width=\"137\" \/>\n<col width=\"90\" \/>\n<col width=\"321\" \/>\n<col width=\"61\" \/> <\/colgroup>\n<tbody>\n<tr valign=\"top\">\n<td width=\"124\"><span style=\"color: #4f81bd;\"><span style=\"font-family: Cambria, serif;\"><span style=\"font-size: medium;\"><i>SOPORTE<\/i><\/span><\/span><\/span><\/td>\n<td width=\"71\"><span style=\"color: #4f81bd;\"><span style=\"font-family: Cambria, serif;\"><span style=\"font-size: medium;\"><i>A\u00d1O<\/i><\/span><\/span><\/span><\/td>\n<td width=\"137\"><span style=\"color: #4f81bd;\"><span style=\"font-family: Cambria, serif;\"><span style=\"font-size: medium;\"><i>LUGAR<\/i><\/span><\/span><\/span><\/td>\n<td width=\"90\"><span style=\"color: #4f81bd;\"><span style=\"font-family: Cambria, serif;\"><span style=\"font-size: medium;\"><i>CATEGORIA<\/i><\/span><\/span><\/span><\/td>\n<td width=\"321\"><span style=\"color: #4f81bd;\"><span style=\"font-family: Cambria, serif;\"><span style=\"font-size: medium;\"><i>TITULO<\/i><\/span><\/span><\/span><\/td>\n<td width=\"61\"><span style=\"color: #4f81bd;\"><span style=\"font-family: Cambria, serif;\"><span style=\"font-size: medium;\"><i>PRECIO<\/i><\/span><\/span><\/span><\/p>\n<p align=\"center\"><span style=\"color: #4f81bd;\"><span style=\"font-family: Cambria, serif;\"><span style=\"font-size: medium;\"><i>en \u20ac<\/i><\/span><\/span><\/span><\/p>\n<\/td>\n<\/tr>\n<tr valign=\"top\">\n<td width=\"124\">PAPEL, cuadernillo<\/td>\n<td width=\"71\">2013<\/td>\n<td width=\"137\">Valencia<\/td>\n<td width=\"90\">Conferencia<\/td>\n<td width=\"321\">Meditaci\u00f3n en la vida diaria<\/td>\n<td width=\"61\">5<\/td>\n<\/tr>\n<tr valign=\"top\">\n<td width=\"124\">PAPEL, cuadernillo<\/td>\n<td width=\"71\">2003<\/td>\n<td width=\"137\">Barcelona<\/td>\n<td width=\"90\">Conferencia<\/td>\n<td width=\"321\">Karma y sue\u00f1os<\/td>\n<td width=\"61\">\n<p align=\"center\">4<\/p>\n<\/td>\n<\/tr>\n<tr valign=\"top\">\n<td width=\"124\">PAPEL , cuadernillo<\/td>\n<td width=\"71\">2002<\/td>\n<td width=\"137\">Barcelona<\/td>\n<td width=\"90\">Conferencia<\/td>\n<td width=\"321\">La disciplina<\/td>\n<td width=\"61\">4<\/td>\n<\/tr>\n<tr valign=\"top\">\n<td width=\"124\">PAPEL , cuadernillo<\/td>\n<td width=\"71\">2008<\/td>\n<td width=\"137\">Barcelona<\/td>\n<td width=\"90\">Conferencia<\/td>\n<td width=\"321\">Budismo y depresi\u00f3n<\/td>\n<td width=\"61\">\n<p align=\"center\">4<\/p>\n<\/td>\n<\/tr>\n<tr valign=\"top\">\n<td width=\"124\">PAPEL , cuadernillo<\/td>\n<td width=\"71\">2009<\/td>\n<td width=\"137\">Barcelona<\/td>\n<td width=\"90\">Conferencia<\/td>\n<td width=\"321\">El poder de la visualizaci\u00f3n<\/td>\n<td width=\"61\">4<\/td>\n<\/tr>\n<tr valign=\"top\">\n<td width=\"124\">PAPEL cuadernillo<\/td>\n<td width=\"71\">2016<\/td>\n<td width=\"137\">Badalona<\/td>\n<td width=\"90\">Ense\u00f1anzas<\/td>\n<td width=\"321\">Vivir con apertura, valent\u00eda y compasi\u00f3n<\/td>\n<td width=\"61\">\n<p align=\"center\">3<\/p>\n<\/td>\n<\/tr>\n<tr valign=\"top\">\n<td width=\"124\">PAPEL cuadernillo<\/td>\n<td width=\"71\">2008<\/td>\n<td width=\"137\">Suiza<\/td>\n<td width=\"90\">Ense\u00f1anzas<\/td>\n<td width=\"321\">El Buda de la Medicina<\/td>\n<td width=\"61\">\n<p align=\"center\">5<\/p>\n<\/td>\n<\/tr>\n<tr valign=\"top\">\n<td width=\"124\">PAPEL , cuadernillo<\/td>\n<td width=\"71\">2006\/2008<\/td>\n<td width=\"137\">Corps, Francia<\/td>\n<td width=\"90\">Ense\u00f1anzas<\/td>\n<td width=\"321\">NG\u00d6NDRO 1 Manual<\/td>\n<td width=\"61\">\n<p align=\"center\">10<\/p>\n<\/td>\n<\/tr>\n<tr valign=\"top\">\n<td width=\"124\">PAPEL , cuadernillo<\/td>\n<td width=\"71\">2006\/2008<\/td>\n<td width=\"137\">Corps, Francia<\/td>\n<td width=\"90\">Ense\u00f1anzas<\/td>\n<td width=\"321\">NG\u00d6NDRO 2 Ense\u00f1anzas preliminares<\/td>\n<td width=\"61\">\n<p align=\"center\">10<\/p>\n<\/td>\n<\/tr>\n<tr valign=\"top\">\n<td width=\"124\">PAPEL , cuadernillo<\/td>\n<td width=\"71\">2006\/2008<\/td>\n<td width=\"137\">Corps, Francia<\/td>\n<td width=\"90\">Ense\u00f1anzas<\/td>\n<td width=\"321\">NG\u00d6NDRO 3 Preliminares externos<\/td>\n<td width=\"61\">\n<p align=\"center\">10<\/p>\n<\/td>\n<\/tr>\n<tr valign=\"top\">\n<td width=\"124\">PAPEL , cuadernillo<\/td>\n<td width=\"71\">2006\/2008<\/td>\n<td width=\"137\">Corps, Francia<\/td>\n<td width=\"90\">Ense\u00f1anzas<\/td>\n<td width=\"321\">NG\u00d6NDRO 4 Preliminares internos<\/td>\n<td width=\"61\">\n<p align=\"center\">10<\/p>\n<\/td>\n<\/tr>\n<tr valign=\"top\">\n<td width=\"124\">PAPEL , cuadernillos<\/td>\n<td width=\"71\">2006\/2008<\/td>\n<td width=\"137\">Corps, Francia<\/td>\n<td width=\"90\">Ense\u00f1anzas<\/td>\n<td width=\"321\">NG\u00d6NDRO Completo (los 4 cuadernillos)<\/td>\n<td width=\"61\">\n<p align=\"center\"><b>30<\/b><\/p>\n<\/td>\n<\/tr>\n<tr valign=\"top\">\n<td width=\"124\"><\/td>\n<td width=\"71\"><\/td>\n<td width=\"137\"><\/td>\n<td width=\"90\"><\/td>\n<td width=\"321\"><\/td>\n<td width=\"61\"><\/td>\n<\/tr>\n<tr valign=\"top\">\n<td width=\"124\">PDF, electr\u00f3nico<\/td>\n<td width=\"71\">2006\/2008<\/td>\n<td width=\"137\">Corps, Francia<\/td>\n<td width=\"90\">Ense\u00f1anzas<\/td>\n<td width=\"321\">NG\u00d6NDRO 1 Manual<\/td>\n<td width=\"61\">\n<p align=\"center\">5<\/p>\n<\/td>\n<\/tr>\n<tr valign=\"top\">\n<td width=\"124\">PDF, electr\u00f3nico<\/td>\n<td width=\"71\">2006\/2008<\/td>\n<td width=\"137\">Corps, Francia<\/td>\n<td width=\"90\">Ense\u00f1anzas<\/td>\n<td width=\"321\">NG\u00d6NDRO 2 Ense\u00f1anzas preliminares<\/td>\n<td width=\"61\">\n<p align=\"center\">5<\/p>\n<\/td>\n<\/tr>\n<tr valign=\"top\">\n<td width=\"124\">PDF, electr\u00f3nico<\/td>\n<td width=\"71\">2006\/2008<\/td>\n<td width=\"137\">Corps, Francia<\/td>\n<td width=\"90\">Ense\u00f1anzas<\/td>\n<td width=\"321\">NG\u00d6NDRO 3 Preliminares externos<\/td>\n<td width=\"61\">\n<p align=\"center\">5<\/p>\n<\/td>\n<\/tr>\n<tr valign=\"top\">\n<td width=\"124\">PDF, electr\u00f3nico<\/td>\n<td width=\"71\">2006\/2008<\/td>\n<td width=\"137\">Corps, Francia<\/td>\n<td width=\"90\">Ense\u00f1anzas<\/td>\n<td width=\"321\">NG\u00d6NDRO 4 Preliminares internos<\/td>\n<td width=\"61\">\n<p align=\"center\">5<\/p>\n<\/td>\n<\/tr>\n<tr valign=\"top\">\n<td width=\"124\">PDF, electr\u00f3nico<\/td>\n<td width=\"71\">2006\/2008<\/td>\n<td width=\"137\">Corps, Francia<\/td>\n<td width=\"90\">Ense\u00f1anzas<\/td>\n<td width=\"321\">NG\u00d6NDRO Completo (los 4 archivos pdf)<\/td>\n<td width=\"61\">\n<p align=\"center\"><b>15<\/b><\/p>\n<\/td>\n<\/tr>\n<tr valign=\"top\">\n<td width=\"124\"><\/td>\n<td width=\"71\"><\/td>\n<td width=\"137\"><\/td>\n<td width=\"90\"><\/td>\n<td width=\"321\"><\/td>\n<td width=\"61\"><\/td>\n<\/tr>\n<tr valign=\"top\">\n<td width=\"124\">AUDIO, electr\u00f3nico<\/td>\n<td width=\"71\">2003<\/td>\n<td width=\"137\">Barcelona<\/td>\n<td width=\"90\">Ense\u00f1anzas<\/td>\n<td width=\"321\">El Buda de la Medicina<\/td>\n<td width=\"61\">\n<p align=\"center\">5<\/p>\n<\/td>\n<\/tr>\n<tr valign=\"top\">\n<td width=\"124\">AUDIO, electr\u00f3nico<\/td>\n<td width=\"71\">2003<\/td>\n<td width=\"137\">Barcelona<\/td>\n<td width=\"90\">Ense\u00f1anzas<\/td>\n<td width=\"321\">Shine<\/td>\n<td width=\"61\">\n<p align=\"center\">5<\/p>\n<\/td>\n<\/tr>\n<tr valign=\"top\">\n<td width=\"124\">AUDIO, electr\u00f3nico<\/td>\n<td width=\"71\">2008<\/td>\n<td width=\"137\">Alemania<\/td>\n<td width=\"90\">Ense\u00f1anzas<\/td>\n<td width=\"321\">Retiro: El Buda de la Medicina<\/td>\n<td width=\"61\">\n<p align=\"center\">5<\/p>\n<\/td>\n<\/tr>\n<tr valign=\"top\">\n<td width=\"124\">AUDIO, electr\u00f3nico<\/td>\n<td width=\"71\">2009<\/td>\n<td width=\"137\">Banyoles<\/td>\n<td width=\"90\">Ense\u00f1anzas<\/td>\n<td width=\"321\">Retiro: El Buda de la Medicina<\/td>\n<td width=\"61\">\n<p align=\"center\">5<\/p>\n<\/td>\n<\/tr>\n<tr valign=\"top\">\n<td width=\"124\">AUDIO, electr\u00f3nico<\/td>\n<td width=\"71\">2013<\/td>\n<td width=\"137\">Donostia-San Sebasti\u00e1n<\/td>\n<td width=\"90\">Ense\u00f1anzas<\/td>\n<td width=\"321\">Budismo en la sociedad<\/td>\n<td width=\"61\">\n<p align=\"center\">5<\/p>\n<\/td>\n<\/tr>\n<tr valign=\"top\">\n<td width=\"124\">AUDIO, electr\u00f3nico<\/td>\n<td width=\"71\">2013<\/td>\n<td width=\"137\">Valencia<\/td>\n<td width=\"90\">Ense\u00f1anzas<\/td>\n<td width=\"321\">La meditaci\u00f3n en la vida diaria<\/td>\n<td width=\"61\">\n<p align=\"center\">5<\/p>\n<\/td>\n<\/tr>\n<tr valign=\"top\">\n<td width=\"124\">AUDIO, electr\u00f3nico<\/td>\n<td width=\"71\">2015<\/td>\n<td width=\"137\">Donostia-San Sebasti\u00e1n<\/td>\n<td width=\"90\">Ense\u00f1anzas<\/td>\n<td width=\"321\">La meditaci\u00f3n<\/td>\n<td width=\"61\">\n<p align=\"center\">5<\/p>\n<\/td>\n<\/tr>\n<\/tbody>\n<\/table>\n<p><\/center><center><\/p>\n<table dir=\"ltr\" width=\"890\" cellspacing=\"0\" cellpadding=\"7\">\n<colgroup>\n<col width=\"124\" \/>\n<col width=\"62\" \/>\n<col width=\"147\" \/>\n<col width=\"90\" \/>\n<col width=\"321\" \/>\n<col width=\"61\" \/> <\/colgroup>\n<tbody>\n<tr valign=\"top\">\n<td width=\"124\"><span style=\"color: #4f81bd;\"><span style=\"font-family: Cambria, serif;\"><span style=\"font-size: medium;\"><i>SOPORTE<\/i><\/span><\/span><\/span><\/td>\n<td width=\"62\"><span style=\"color: #4f81bd;\"><span style=\"font-family: Cambria, serif;\"><span style=\"font-size: medium;\"><i>A\u00d1O<\/i><\/span><\/span><\/span><\/td>\n<td width=\"147\"><span style=\"color: #4f81bd;\"><span style=\"font-family: Cambria, serif;\"><span style=\"font-size: medium;\"><i>LUGAR<\/i><\/span><\/span><\/span><\/td>\n<td width=\"90\"><span style=\"color: #4f81bd;\"><span style=\"font-family: Cambria, serif;\"><span style=\"font-size: medium;\"><i>CATEGORIA<\/i><\/span><\/span><\/span><\/td>\n<td width=\"321\"><span style=\"color: #4f81bd;\"><span style=\"font-family: Cambria, serif;\"><span style=\"font-size: medium;\"><i>TITULO<\/i><\/span><\/span><\/span><\/td>\n<td width=\"61\"><span style=\"color: #4f81bd;\"><span style=\"font-family: Cambria, serif;\"><span style=\"font-size: medium;\"><i>PRECIO<\/i><\/span><\/span><\/span><\/p>\n<p align=\"center\"><span style=\"color: #4f81bd;\"><span style=\"font-family: Cambria, serif;\"><span style=\"font-size: medium;\"><i>en \u20ac<\/i><\/span><\/span><\/span><\/p>\n<\/td>\n<\/tr>\n<tr valign=\"top\">\n<td width=\"124\">AUDIO, electr\u00f3nico<\/td>\n<td width=\"62\">2002<\/td>\n<td width=\"147\">Barcelona<\/td>\n<td width=\"90\">Conferencia<\/td>\n<td width=\"321\">El Amor sin apego<\/td>\n<td width=\"61\">\n<p align=\"center\">5<\/p>\n<\/td>\n<\/tr>\n<tr valign=\"top\">\n<td width=\"124\">AUDIO, electr\u00f3nico<\/td>\n<td width=\"62\">2002<\/td>\n<td width=\"147\">Barcelona<\/td>\n<td width=\"90\">Conferencia<\/td>\n<td width=\"321\">La disciplina<\/td>\n<td width=\"61\">\n<p align=\"center\">5<\/p>\n<\/td>\n<\/tr>\n<tr valign=\"top\">\n<td width=\"124\">AUDIO, electr\u00f3nico<\/td>\n<td width=\"62\">2003<\/td>\n<td width=\"147\">Barcelona<\/td>\n<td width=\"90\">Conferencia<\/td>\n<td width=\"321\">El Buda de la Medicina<\/td>\n<td width=\"61\">\n<p align=\"center\">5<\/p>\n<\/td>\n<\/tr>\n<tr valign=\"top\">\n<td width=\"124\">AUDIO, electr\u00f3nico<\/td>\n<td width=\"62\">2003<\/td>\n<td width=\"147\">Girona<\/td>\n<td width=\"90\">Conferencia<\/td>\n<td width=\"321\">Budisme en Occident, cam\u00ed d\u2019apertura<\/td>\n<td width=\"61\">\n<p align=\"center\">5<\/p>\n<\/td>\n<\/tr>\n<tr valign=\"top\">\n<td width=\"124\">AUDIO, electr\u00f3nico<\/td>\n<td width=\"62\">2003<\/td>\n<td width=\"147\">Barcelona<\/td>\n<td width=\"90\">Conferencia<\/td>\n<td width=\"321\">La motivaci\u00f3n en la vida<\/td>\n<td width=\"61\">\n<p align=\"center\">5<\/p>\n<\/td>\n<\/tr>\n<tr valign=\"top\">\n<td width=\"124\">AUDIO, electr\u00f3nico<\/td>\n<td width=\"62\">2003<\/td>\n<td width=\"147\">Valencia<\/td>\n<td width=\"90\">Conferencia<\/td>\n<td width=\"321\"><\/td>\n<td width=\"61\">\n<p align=\"center\">5<\/p>\n<\/td>\n<\/tr>\n<tr valign=\"top\">\n<td width=\"124\">AUDIO, electr\u00f3nico<\/td>\n<td width=\"62\">2004<\/td>\n<td width=\"147\">Barcelona<\/td>\n<td width=\"90\">Conferencia<\/td>\n<td width=\"321\">El Amor sin apego<\/td>\n<td width=\"61\">\n<p align=\"center\">5<\/p>\n<\/td>\n<\/tr>\n<tr valign=\"top\">\n<td width=\"124\">AUDIO, electr\u00f3nico<\/td>\n<td width=\"62\">2005<\/td>\n<td width=\"147\">Barcelona<\/td>\n<td width=\"90\">Conferencia<\/td>\n<td width=\"321\"><span style=\"color: #00000a;\">Guru Rinpoche<\/span><\/td>\n<td width=\"61\">\n<p align=\"center\">5<\/p>\n<\/td>\n<\/tr>\n<tr valign=\"top\">\n<td width=\"124\">AUDIO, electr\u00f3nico<\/td>\n<td width=\"62\">2006<\/td>\n<td width=\"147\">Vic<\/td>\n<td width=\"90\">Conferencia<\/td>\n<td width=\"321\">Ser budista a occident<\/td>\n<td width=\"61\">\n<p align=\"center\">5<\/p>\n<\/td>\n<\/tr>\n<tr valign=\"top\">\n<td width=\"124\">AUDIO, electr\u00f3nico<\/td>\n<td width=\"62\">2003<\/td>\n<td width=\"147\">Barcelona<\/td>\n<td width=\"90\">Conferencia<\/td>\n<td width=\"321\">Karma y sue\u00f1os<\/td>\n<td width=\"61\">\n<p align=\"center\">5<\/p>\n<\/td>\n<\/tr>\n<tr valign=\"top\">\n<td width=\"124\">AUDIO, electr\u00f3nico<\/td>\n<td width=\"62\">2007<\/td>\n<td width=\"147\">Barcelona<\/td>\n<td width=\"90\">Conferencia<\/td>\n<td width=\"321\">Reconocer las emociones<\/td>\n<td width=\"61\">\n<p align=\"center\">5<\/p>\n<\/td>\n<\/tr>\n<tr valign=\"top\">\n<td width=\"124\">AUDIO, electr\u00f3nico<\/td>\n<td width=\"62\">2008<\/td>\n<td width=\"147\">Barcelona<\/td>\n<td width=\"90\">Conferencia<\/td>\n<td width=\"321\">Budismo y depresi\u00f3n<\/td>\n<td width=\"61\">\n<p align=\"center\">5<\/p>\n<\/td>\n<\/tr>\n<tr valign=\"top\">\n<td width=\"124\">AUDIO, electr\u00f3nico<\/td>\n<td width=\"62\">2009<\/td>\n<td width=\"147\">Bilbao<\/td>\n<td width=\"90\">Conferencia<\/td>\n<td width=\"321\">El mantra, perfeccionar el arte de la comunicaci\u00f3n<\/td>\n<td width=\"61\">\n<p align=\"center\">5<\/p>\n<\/td>\n<\/tr>\n<tr valign=\"top\">\n<td width=\"124\">AUDIO, electr\u00f3nico<\/td>\n<td width=\"62\">2009<\/td>\n<td width=\"147\">Barcelona<\/td>\n<td width=\"90\">Conferencia<\/td>\n<td width=\"321\">El poder de la visualizaci\u00f3n<\/td>\n<td width=\"61\">\n<p align=\"center\">5<\/p>\n<\/td>\n<\/tr>\n<tr valign=\"top\">\n<td width=\"124\">AUDIO, electr\u00f3nico<\/td>\n<td width=\"62\">2012<\/td>\n<td width=\"147\">Donostia-San Sebasti\u00e1n<\/td>\n<td width=\"90\">Conferencia<\/td>\n<td width=\"321\">Sanar el mundo en que vivimos<\/td>\n<td width=\"61\">\n<p align=\"center\">5<\/p>\n<\/td>\n<\/tr>\n<tr valign=\"top\">\n<td width=\"124\">AUDIO, electr\u00f3nico<\/td>\n<td width=\"62\">2013<\/td>\n<td width=\"147\">Donostia-San Sebasti\u00e1n<\/td>\n<td width=\"90\">Conferencia<\/td>\n<td width=\"321\">Superando la adversidad<\/td>\n<td width=\"61\">\n<p align=\"center\">5<\/p>\n<\/td>\n<\/tr>\n<tr valign=\"top\">\n<td width=\"124\">AUDIO, electr\u00f3nico<\/td>\n<td width=\"62\">2013<\/td>\n<td width=\"147\">Valencia<\/td>\n<td width=\"90\">Conferencia<\/td>\n<td width=\"321\">La meditaci\u00f3n en la vida diaria<\/td>\n<td width=\"61\">\n<p align=\"center\">5<\/p>\n<\/td>\n<\/tr>\n<tr valign=\"top\">\n<td width=\"124\">AUDIO, electr\u00f3nico<\/td>\n<td width=\"62\">2015<\/td>\n<td width=\"147\">Donostia-San Sebasti\u00e1n<\/td>\n<td width=\"90\">Conferencia<\/td>\n<td width=\"321\">El poder sanador de la meditaci\u00f3n<\/td>\n<td width=\"61\">\n<p align=\"center\">5<\/p>\n<\/td>\n<\/tr>\n<tr valign=\"top\">\n<td width=\"124\"><\/td>\n<td width=\"62\"><\/td>\n<td width=\"147\"><\/td>\n<td width=\"90\"><\/td>\n<td width=\"321\"><\/td>\n<td width=\"61\"><\/td>\n<\/tr>\n<tr valign=\"top\">\n<td width=\"124\"><\/td>\n<td width=\"62\"><\/td>\n<td width=\"147\"><\/td>\n<td width=\"90\"><\/td>\n<td width=\"321\"><\/td>\n<td width=\"61\"><\/td>\n<\/tr>\n<\/tbody>\n<\/table>\n<p><\/center><\/p>\n<p style=\"text-align: left;\">\n","protected":false},"excerpt":{"rendered":"<p>Se ha puesto a disposici\u00f3n de los estudiantes las ense\u00f1anzas de los maestros en diferentes formatos. Los pedidos han de realizarse a: informacion@padmaling.org A los pedidos por correo postal hay que a\u00f1adir los gastos de env\u00edo, unos 3\u20ac aproximadamento. En el momento de hacer el pedido se informar\u00e1 de la&#8230;<\/p>\n<p> <a class=\"continue-reading-link\" href=\"https:\/\/padmaling.org\/newpadmaling\/?page_id=949\"><span>Cotinuar leyendo<\/span><i class=\"crycon-right-dir\"><\/i><\/a> <\/p>\n","protected":false},"author":1,"featured_media":0,"parent":71,"menu_order":0,"comment_status":"closed","ping_status":"closed","template":"","meta":{"footnotes":""},"class_list":["post-949","page","type-page","status-publish","hentry"],"_links":{"self":[{"href":"https:\/\/padmaling.org\/newpadmaling\/index.php?rest_route=\/wp\/v2\/pages\/949","targetHints":{"allow":["GET"]}}],"collection":[{"href":"https:\/\/padmaling.org\/newpadmaling\/index.php?rest_route=\/wp\/v2\/pages"}],"about":[{"href":"https:\/\/padmaling.org\/newpadmaling\/index.php?rest_route=\/wp\/v2\/types\/page"}],"author":[{"embeddable":true,"href":"https:\/\/padmaling.org\/newpadmaling\/index.php?rest_route=\/wp\/v2\/users\/1"}],"replies":[{"embeddable":true,"href":"https:\/\/padmaling.org\/newpadmaling\/index.php?rest_route=%2Fwp%2Fv2%2Fcomments&post=949"}],"version-history":[{"count":0,"href":"https:\/\/padmaling.org\/newpadmaling\/index.php?rest_route=\/wp\/v2\/pages\/949\/revisions"}],"up":[{"embeddable":true,"href":"https:\/\/padmaling.org\/newpadmaling\/index.php?rest_route=\/wp\/v2\/pages\/71"}],"wp:attachment":[{"href":"https:\/\/padmaling.org\/newpadmaling\/index.php?rest_route=%2Fwp%2Fv2%2Fmedia&parent=949"}],"curies":[{"name":"wp","href":"https:\/\/api.w.org\/{rel}","templated":true}]}}