{"id":769,"date":"2015-02-05T18:09:14","date_gmt":"2015-02-05T17:09:14","guid":{"rendered":"http:\/\/padmaling.org\/wordpress\/?page_id=769"},"modified":"2015-02-05T18:09:14","modified_gmt":"2015-02-05T17:09:14","slug":"suscribete","status":"publish","type":"page","link":"https:\/\/padmaling.org\/newpadmaling\/?page_id=769","title":{"rendered":"SUSCR\u00cdBETE"},"content":{"rendered":"<p style=\"text-align: center;\"><strong>SUSCRIPCI\u00d3N A LA LISTA DE CORREOS DE PADMA LING ESPA\u00d1A<\/strong><\/p>\n<p>Si deseas recibir informaci\u00f3n de los eventos de Padma Ling, puedes suscribirte a la lista de correos rellenando el formulario que est\u00e1 en la siguiente direcci\u00f3n:<\/p>\n<p><a title=\"http:\/\/eepurl.com\/GPjDD\" href=\"http:\/\/eepurl.com\/GPjDD\">http:\/\/eepurl.com\/GPjDD<\/a><\/p>\n","protected":false},"excerpt":{"rendered":"<p>SUSCRIPCI\u00d3N A LA LISTA DE CORREOS DE PADMA LING ESPA\u00d1A Si deseas recibir informaci\u00f3n de los eventos de Padma Ling, puedes suscribirte a la lista de correos rellenando el formulario que est\u00e1 en la siguiente direcci\u00f3n: http:\/\/eepurl.com\/GPjDD<\/p>\n<p> <a class=\"continue-reading-link\" href=\"https:\/\/padmaling.org\/newpadmaling\/?page_id=769\"><span>Cotinuar leyendo<\/span><i class=\"crycon-right-dir\"><\/i><\/a> <\/p>\n","protected":false},"author":1,"featured_media":0,"parent":347,"menu_order":0,"comment_status":"closed","ping_status":"closed","template":"","meta":{"footnotes":""},"class_list":["post-769","page","type-page","status-publish","hentry"],"_links":{"self":[{"href":"https:\/\/padmaling.org\/newpadmaling\/index.php?rest_route=\/wp\/v2\/pages\/769","targetHints":{"allow":["GET"]}}],"collection":[{"href":"https:\/\/padmaling.org\/newpadmaling\/index.php?rest_route=\/wp\/v2\/pages"}],"about":[{"href":"https:\/\/padmaling.org\/newpadmaling\/index.php?rest_route=\/wp\/v2\/types\/page"}],"author":[{"embeddable":true,"href":"https:\/\/padmaling.org\/newpadmaling\/index.php?rest_route=\/wp\/v2\/users\/1"}],"replies":[{"embeddable":true,"href":"https:\/\/padmaling.org\/newpadmaling\/index.php?rest_route=%2Fwp%2Fv2%2Fcomments&post=769"}],"version-history":[{"count":0,"href":"https:\/\/padmaling.org\/newpadmaling\/index.php?rest_route=\/wp\/v2\/pages\/769\/revisions"}],"up":[{"embeddable":true,"href":"https:\/\/padmaling.org\/newpadmaling\/index.php?rest_route=\/wp\/v2\/pages\/347"}],"wp:attachment":[{"href":"https:\/\/padmaling.org\/newpadmaling\/index.php?rest_route=%2Fwp%2Fv2%2Fmedia&parent=769"}],"curies":[{"name":"wp","href":"https:\/\/api.w.org\/{rel}","templated":true}]}}