{"id":65,"date":"2014-01-27T09:58:49","date_gmt":"2014-01-27T09:58:49","guid":{"rendered":"http:\/\/padmaling.org\/wordpress\/?page_id=65"},"modified":"2025-10-20T18:15:32","modified_gmt":"2025-10-20T18:15:32","slug":"el-altar","status":"publish","type":"page","link":"https:\/\/padmaling.org\/newpadmaling\/?page_id=65","title":{"rendered":"El altar"},"content":{"rendered":"\n<p class=\"has-text-align-center\"><strong>EL ALTAR BUDISTA<\/strong><\/p>\n\n\n\n<figure class=\"wp-block-image size-large\"><img loading=\"lazy\" decoding=\"async\" width=\"1024\" height=\"768\" src=\"https:\/\/padmaling.org\/newpadmaling\/wp-content\/uploads\/2025\/10\/Altar-1024x768.jpeg\" alt=\"\" class=\"wp-image-1651\" srcset=\"https:\/\/padmaling.org\/newpadmaling\/wp-content\/uploads\/2025\/10\/Altar-1024x768.jpeg 1024w, https:\/\/padmaling.org\/newpadmaling\/wp-content\/uploads\/2025\/10\/Altar-300x225.jpeg 300w, https:\/\/padmaling.org\/newpadmaling\/wp-content\/uploads\/2025\/10\/Altar-768x576.jpeg 768w, https:\/\/padmaling.org\/newpadmaling\/wp-content\/uploads\/2025\/10\/Altar-1536x1152.jpeg 1536w, https:\/\/padmaling.org\/newpadmaling\/wp-content\/uploads\/2025\/10\/Altar-150x113.jpeg 150w, https:\/\/padmaling.org\/newpadmaling\/wp-content\/uploads\/2025\/10\/Altar.jpeg 2016w\" sizes=\"auto, (max-width: 1024px) 100vw, 1024px\" \/><\/figure>\n\n\n\n<p><\/p>\n\n\n\n<p class=\"has-text-align-center\"><strong>SIGNIFICADO<\/strong><\/p>\n\n\n\n<p><b>\u00a0<\/b>\u00a0El altar budista significa\u00a0 ofrenda. El termino tibetano para altar es\u00a0 \u201c<i>che-sam\u201d<\/i>, que\u00a0 traducido literalmente significa \u201cpresentaci\u00f3n de ofrendas\u201d<\/p>\n\n\n\n<p>La noci\u00f3n de ofrenda ocupa un lugar muy importante en la tradici\u00f3n budista, pues es nuestra capacidad de ofrecer la que nos permite acumular en nuestra conciencia el m\u00e9rito o \u201c<i>sonam\u201d <\/i>necesario en nuestro camino hacia el Despertar de la conciencia. Nos ense\u00f1a tambi\u00e9n a desapegarnos de los bienes de este mundo y a ganar una cierta libertad.<\/p>\n\n\n\n<p>Para que las ofrendas tengan todo su valor es necesario que vaya acompa\u00f1ada de una motivaci\u00f3n correcta y que el sujeto al cual se ofrece sea digno: Buda, Bodisatvas, Maestros, seres espiritualmente elevados, objetos sagrados.<\/p>\n\n\n\n<p><b>LOS BOLES DE OFRECIMIENTO<\/b> ocupan un lugar muy importante dentro del altar. Son el soporte para las ocho ofrendas tradicionales, y se disponen en un orden bien definido.<\/p>\n\n\n\n<p>Antiguamente, en la tradici\u00f3n India, cuando un personaje&nbsp; importante visitaba la casa se le agasajaba con estos ocho ofrecimientos. Cuando se recib\u00eda a un hu\u00e9sped importante, en primer lugar, se le ofrec\u00eda agua para refrescarse del camino, por lo que se le ofrec\u00eda agua para beber.<\/p>\n\n\n\n<p>-Luego, se ofrec\u00eda agua para lavar los pies del hu\u00e9sped, del polvo del camino.<\/p>\n\n\n\n<p>-Luego se le ofrec\u00edan guirnaldas de flores para honrar lo&nbsp; as\u00ed como se quemaba incienso en su honor y se le ofrec\u00edan perfumes.<\/p>\n\n\n\n<p>-A continuaci\u00f3n le ofrec\u00edan una comida exquisita.&nbsp; Por \u00faltimo, se le ofrec\u00eda m\u00fasica, para deleitarle al o\u00eddo.<\/p>\n\n\n\n<p>Si esto se ofrec\u00eda a un personaje ilustre, \u00bfc\u00f3mo no ofrec\u00e9rselo a los Budas?<\/p>\n\n\n\n<p>No nos confundamos. Los Budas no tienen ninguna necesidad de nuestras ofrendas, no esperan ning\u00fan sacrificio como recompensa a la ayuda que nos prestan. Pero se dice, que se alegran de nuestras ofrendas, cuando estas son ofrecidas con una motivaci\u00f3n pura, pues son parte de nuestro camino hacia el Despertar. M\u00e1s importante que la calidad material del ofrecimiento, es la motivaci\u00f3n lo que da valor a la ofrenda.<\/p>\n\n\n\n<p>-Las ofrendas materialmente presentadas, no son m\u00e1s que un soporte para ofrendas infinitamente m\u00e1s vastas, visualizadas mientras se hacen las ofrendas en los boles. Por ejemplo, al&nbsp; llenar el primer cuenco se puede visualizar que ofrecemos todos los r\u00edos, todos los mares y todas las aguas puras del universo.&nbsp; Al ofrecer las flores y el incienso, ofrecemos todas las flores y los aromas del mundo.&nbsp; Al ofrecer la vela, ofrecemos la luz del sol, de la luna, de las estrellas. Todos los manjares sabrosos de todos los universos y todos los cantos y m\u00fasicas melodiosas del mundo.<\/p>\n\n\n\n<p><strong>LOS BOLES DE OFRECIMIENTO, de izquierda a derecha<\/strong><\/p>\n\n\n\n<p><strong>ARGAM<\/strong>: Agua para beber.\u00a0 Calma el calor de las pasiones<\/p>\n\n\n\n<p><strong>PADIAM<\/strong>: Agua para lavarse. Limpia nuestra mente de las huellas negativas y de los velos que la manchan<\/p>\n\n\n\n<p><strong>PUPE<\/strong>: Flores. Abren el loto de la felicidad<\/p>\n\n\n\n<p><strong>DUPE<\/strong>: Incienso. Nos permite ver que todos los fen\u00f3menos son semejantes a un sue\u00f1o o a una creaci\u00f3n m\u00e1gica<\/p>\n\n\n\n<p><strong>ALOKE<\/strong>: Luz. La luz\u00a0 nos conduce a realizar la verdadera naturaleza de nuestra mente, lo que se llama la \u201cclara luz\u201d<\/p>\n\n\n\n<p><strong>GUENDE<\/strong>: Agua perfumada. El agua perfumada simboliza\u00a0 la sabidur\u00eda junto a la compasi\u00f3n<\/p>\n\n\n\n<p><strong>\u00d1EUIDE<\/strong>: Comida. La comida se asocia a la din\u00e1mica de la sabidur\u00eda<\/p>\n\n\n\n<p><strong>SHAPDA<\/strong>: M\u00fasica. La m\u00fasica prefigura la expansi\u00f3n de las m\u00faltiples cualidades del despertar<\/p>\n\n\n\n<p>&nbsp;<\/p>\n\n\n\n<p><strong>PREPARACION DEL ALTAR<\/strong><\/p>\n\n\n\n<p><b>\u00a0<\/b>\u00a0Cuando se ha generado la determinaci\u00f3n de practicar en casa, es necesario arreglar un peque\u00f1o sitio, destinado espec\u00edficamente a ese fin.-Naturalmente, esto no ha de ser muy dif\u00edcil, se trata de encontrar un peque\u00f1o rinc\u00f3n, limpio, agradable y digno\u00a0 y arreglarlo con la finalidad de que sea el \u00a0lugar reservado para hacer vuestra pr\u00e1ctica. El altar crea un espacio consagrado a la pr\u00e1ctica y es una invitaci\u00f3n diaria y constante que\u00a0 relaja, centra y predispone a la pr\u00e1ctica espiritual.<\/p>\n\n\n\n<p>Un altar instalado de manera adecuada contiene im\u00e1genes o ilustraciones del cuerpo, habla y mente del Buda. Sirven para desarrollar estas cualidades en uno mismo y de esta manera poder beneficiar a todos los seres sintientes. Al tener un altar, tu pr\u00e1ctica se vuelve m\u00e1s poderosa, ayuda a reducir las aflicciones mentales y aumenta la capacidad para ayudar a otros seres.<\/p>\n\n\n\n<p>-El lugar donde disponemos el altar ha de estar en alto, m\u00e1s alto que la altura de &nbsp;&nbsp;nuestra cabeza cuando estamos sentados. Ante todo, ha de estar limpio. Lo podemos cubrir, si queremos, con un trozo de tela hermosa, por ejemplo, de seda.<\/p>\n\n\n\n<p>-Se puede&nbsp; poner en el lugar central una estatua de Buda Sakiamuny, &nbsp;Guru Rinpoche o simplemente una &nbsp;foto con la que nos sintamos conectados o que nos inspire (representaci\u00f3n del cuerpo de Buda). Podemos poner unos textos del Dharma, represent\u00e1ndola su Palabra, y una estupa, o su representaci\u00f3n, simbolizando Su mente. En caso de no disponer de espacio, es suficiente con una foto o una estatua.<\/p>\n\n\n\n<p>-Si es posible, disponer &nbsp;los siete boles de ofrendas y tambi\u00e9n una vela, lo cual har\u00e1 un total de ocho ofrecimientos.<\/p>\n\n\n\n<p>-Se puede &nbsp;usar simplemente agua para las ofrendas, preferiblemente azafranada (si se deja por la noche la jarra de agua destinada a tal fin, con unas hebras de azafr\u00e1n, por la ma\u00f1ana el agua estar\u00e1 te\u00f1ida y dispuesta. Es lo m\u00e1s efectivo, es lo m\u00e1s f\u00e1cil y realmente bonito, y previene de volverse perezoso:\u00a1 el agua se tiene que cambiar &nbsp;cada d\u00eda!.<\/p>\n\n\n\n<p>-Los cuencos deben estar perfectamente limpios, bien dispuestos y separados uno del otro por&nbsp; la distancia de un grano de arroz (Los boles&nbsp; en l\u00ednea recta indican el camino directo a la iluminaci\u00f3n. La distancia de un grano de arroz entre los boles simboliza la cercan\u00eda al Buda).<\/p>\n\n\n\n<p><strong>\u00bfCOMO REALIZAR LA OFRENDA DE LOS BOLES?<\/strong><\/p>\n\n\n\n<p>&#8211;<b>Practicando las seis paramitas, mientras se rellenan los boles<\/b> de la&nbsp; forma siguiente:<\/p>\n\n\n\n<p>-practicamos&nbsp; generosidad al realizar las ofrendas<\/p>\n\n\n\n<p>-la paciencia por el hecho de servir<\/p>\n\n\n\n<p>-la \u00e9tica porque las ofrendas no pueden ser robadas ni prestadas ni obtenidas por halagos.<\/p>\n\n\n\n<p>-la concentraci\u00f3n por las visualizaciones, manteniendo la distancia de un grano de arroz y los mantras.<\/p>\n\n\n\n<p>-la perseverancia, al hacer las ofrendas cada d\u00eda<\/p>\n\n\n\n<p>-la sabidur\u00eda por la motivaci\u00f3n correcta y porque nos recuerda que nosotros somos luz<\/p>\n\n\n\n<p>1-\u00a0\u00a0\u00a0 <strong>OFRECIMIENTO DE LOS SIETE BOLES DE AGUA \u2013AZAFRANADA<\/strong><\/p>\n\n\n\n<p><b>\u00a0<\/b>&#8211; Disponed los siete boles, boca abajo, en el altar;<\/p>\n\n\n\n<p>-poner agua en el primer bol, <i>argam<\/i>,&nbsp; el de nuestra izquierda, y desde ese primer bol rellenamos con &nbsp;un poco de agua cada uno de los boles restantes, levant\u00e1ndolos de uno en uno, mientras recitamos el mantra de Vajrasatva, de modo que ning\u00fan bol quede vac\u00edo &nbsp;reservando un poco de agua en el primer bol de forma que todos contengan un poco de agua.<\/p>\n\n\n\n<p>-A continuaci\u00f3n acabar de rellenar&nbsp; los siete boles con la jarra, de forma que no est\u00e9n muy cerca ni muy lejos uno del otro, normalmente a una distancia de un grano de arroz entre unos y otros; tener cuidado de &nbsp;no derramar el agua al rellenar los boles y no dejarlos a medias, sino rellenarlos hasta arriba, solo debe quedar&nbsp; por rellenar &nbsp;la distancia de un grano &nbsp;de arroz, hasta el borde del bol; mientras se acaba de rellenar seguir recitando el mantra de Vajrasatva, con concentraci\u00f3n y conciencia de lo que estamos haciendo.<\/p>\n\n\n\n<p>\u00a0<b>2-<\/b><strong>OFRECIMIENTO RELLENANDO LOS BOLES CON AGUA Y ARROZ<\/strong><b> <\/b><\/p>\n\n\n\n<p><b>\u00a0<\/b>Tambi\u00e9n se pueden\u00a0 hacer las ofrendas, disponiendo los boles de la siguiente forma:<\/p>\n\n\n\n<p>-ARGAM: un cuenco lleno de agua pura (puede ser&nbsp; te\u00f1ida con azafr\u00e1n).<\/p>\n\n\n\n<p>-PADIAM: agua para lavarse, si puede ser, &nbsp;te\u00f1ida con azafr\u00e1n,<\/p>\n\n\n\n<p>-PUPE: flores: un cuenco lleno de arroz en el que se clavan flores<\/p>\n\n\n\n<p>-DUPE: incienso: un cuenco lleno de arroz en el que se ponen varias barritas de incienso (sin encender)<\/p>\n\n\n\n<p>-ALOKE: luz: una vela (en los monasterios una l\u00e1mpara de mantequilla).<\/p>\n\n\n\n<p>-GUENDE: agua perfumada: un cuenco lleno de agua pura en el que se vierten unas gotas de perfume o azafr\u00e1n.<\/p>\n\n\n\n<p>-\u00d1EUIDE: comida: un cuenco lleno de arroz en el que se pone una Torma (figurita de harina), llamada \u201c<i>shelze\u201d<\/i>, o en su caso, una pieza de fruta. En T\u00edbet la Torma se elabora con harina de cebada tostada (tsampa) o harina de avena, mantequilla y agua caliente.<\/p>\n\n\n\n<p>-SHABTA: M\u00fasica: un cuenco lleno de arroz en el que se coloca una caracola.<\/p>\n\n\n\n<p><b>Una vez rellenos los boles <\/b>encender la vela y el &nbsp;incienso \u2013\u00a1pero nunca encender el incienso de los boles de ofrecimiento!<\/p>\n\n\n\n<p>-Usar un trapo solo para limpiar los boles, no usar trapos que us\u00e1is para lavar los platos sucios u otras cosas y lavarlo de tiempo en tiempo, no lo guard\u00e9is por meses, sacarlos cada noche y lavarlos cada d\u00eda y secarlos, recitar el manta de purificaci\u00f3n, <i>Om venza sato samaya manu palaya..,. (Vajrasatva<\/i>) mientras los rellen\u00e1is &nbsp;por la ma\u00f1ana temprano y cuando los vaci\u00e1is por la noche.<\/p>\n\n\n\n<p><i>&nbsp;<\/i>-Usar una jarra que est\u00e9 destinada solo&nbsp; para las ofrendas. No dejar la jarra vac\u00eda en el altar.<\/p>\n\n\n\n<p>-Conviene limpiar la habitaci\u00f3n cada ma\u00f1ana, antes de hacer los ofrecimientos, mientras limpiamos visualizamos que limpiamos nuestros oscurecimientos<\/p>\n\n\n\n<p>-Los boles que contienen agua se llenan cuidadosamente cada ma\u00f1ana y se vac\u00edan por la noche. Los que contienen arroz, se cambian peri\u00f3dicamente, por ejemplo, en las lunas llenas.<\/p>\n\n\n\n<p>-Por la ma\u00f1ana se rellenan de izquierda a derecha.<\/p>\n\n\n\n<p>-Al vaciarlos por la noche se hace en sentido opuesto, o sea de derecha a izquierda. Se secan cuidadosamente con un trapo limpio <b>y se dejan boca abajo.<\/b><\/p>\n\n\n\n<p>\u00a0&#8211; <b>Hacerlo todo con felicidad, felices de hacer estos ofrecimientos;\u00a0 vuestro coraz\u00f3n, vuestra mente, y no solo el vuestro sino el de\u00a0 todos los seres se vuelve tan\u00a0 puro como el agua; esa es la manera de arreglar el altar.<\/b><\/p>\n\n\n\n<p>.<\/p>\n\n\n\n<p><\/p>\n","protected":false},"excerpt":{"rendered":"<p>EL ALTAR BUDISTA SIGNIFICADO \u00a0\u00a0El altar budista significa\u00a0 ofrenda. El termino tibetano para altar es\u00a0 \u201cche-sam\u201d, que\u00a0 traducido literalmente significa \u201cpresentaci\u00f3n de ofrendas\u201d La noci\u00f3n de ofrenda ocupa un lugar muy importante en la tradici\u00f3n budista, pues es nuestra capacidad de ofrecer la que nos permite acumular en nuestra conciencia&#8230;<\/p>\n<p> <a class=\"continue-reading-link\" href=\"https:\/\/padmaling.org\/newpadmaling\/?page_id=65\"><span>Cotinuar leyendo<\/span><i class=\"crycon-right-dir\"><\/i><\/a> <\/p>\n","protected":false},"author":1,"featured_media":0,"parent":63,"menu_order":0,"comment_status":"closed","ping_status":"closed","template":"page-templates\/full-width.php","meta":{"footnotes":""},"class_list":["post-65","page","type-page","status-publish","hentry"],"_links":{"self":[{"href":"https:\/\/padmaling.org\/newpadmaling\/index.php?rest_route=\/wp\/v2\/pages\/65","targetHints":{"allow":["GET"]}}],"collection":[{"href":"https:\/\/padmaling.org\/newpadmaling\/index.php?rest_route=\/wp\/v2\/pages"}],"about":[{"href":"https:\/\/padmaling.org\/newpadmaling\/index.php?rest_route=\/wp\/v2\/types\/page"}],"author":[{"embeddable":true,"href":"https:\/\/padmaling.org\/newpadmaling\/index.php?rest_route=\/wp\/v2\/users\/1"}],"replies":[{"embeddable":true,"href":"https:\/\/padmaling.org\/newpadmaling\/index.php?rest_route=%2Fwp%2Fv2%2Fcomments&post=65"}],"version-history":[{"count":6,"href":"https:\/\/padmaling.org\/newpadmaling\/index.php?rest_route=\/wp\/v2\/pages\/65\/revisions"}],"predecessor-version":[{"id":1656,"href":"https:\/\/padmaling.org\/newpadmaling\/index.php?rest_route=\/wp\/v2\/pages\/65\/revisions\/1656"}],"up":[{"embeddable":true,"href":"https:\/\/padmaling.org\/newpadmaling\/index.php?rest_route=\/wp\/v2\/pages\/63"}],"wp:attachment":[{"href":"https:\/\/padmaling.org\/newpadmaling\/index.php?rest_route=%2Fwp%2Fv2%2Fmedia&parent=65"}],"curies":[{"name":"wp","href":"https:\/\/api.w.org\/{rel}","templated":true}]}}