{"id":59,"date":"2014-01-27T09:47:32","date_gmt":"2014-01-27T08:47:32","guid":{"rendered":"http:\/\/padmaling.org\/wordpress\/?page_id=59"},"modified":"2026-04-04T17:42:40","modified_gmt":"2026-04-04T17:42:40","slug":"gyetrul-jigme-rinpoche","status":"publish","type":"page","link":"https:\/\/padmaling.org\/newpadmaling\/?page_id=59","title":{"rendered":"Dungsey Gyetrul Jigme Norbu Rinpoche"},"content":{"rendered":"<div class=\"wp-block-image\">\n<figure class=\"aligncenter size-full is-resized\"><img loading=\"lazy\" decoding=\"async\" width=\"720\" height=\"900\" src=\"https:\/\/padmaling.org\/newpadmaling\/wp-content\/uploads\/2026\/04\/1_GJR.jpg\" alt=\"\" class=\"wp-image-1883\" style=\"width:348px;height:auto\" srcset=\"https:\/\/padmaling.org\/newpadmaling\/wp-content\/uploads\/2026\/04\/1_GJR.jpg 720w, https:\/\/padmaling.org\/newpadmaling\/wp-content\/uploads\/2026\/04\/1_GJR-240x300.jpg 240w, https:\/\/padmaling.org\/newpadmaling\/wp-content\/uploads\/2026\/04\/1_GJR-120x150.jpg 120w\" sizes=\"auto, (max-width: 720px) 100vw, 720px\" \/><\/figure>\n<\/div>\n\n\n<p>Naci\u00f3 en India al amanecer del 15 de octubre de 1968, el d\u00e9cimo d\u00eda del sexto mes del a\u00f1o del Mono de Tierra, el d\u00eda del aniversario del nacimiento de Guru Rinpoche. Es hijo del renombrado <em>Tert\u00f6n<\/em>, revelador de tesoros, Su Eminencia Namkha Drimed Rabjam Rinpoche, sostenedor del linaje Ripa. Su madre es Khandro Chime Dolkar, que tambi\u00e9n desciende de una noble familia butanesa. Kyabje Chatrel Rinpoche ha dicho de Jigme Rinpoche que es \u201cel hijo de un padre que se parece a un tigre y de una madre que se parece a un leopardo.\u201d<br><br>Gyetrul Jigme Rinpoche es el sostenedor de dos linajes espirituales: en primer lugar, el linaje Ripa, un <em>dungy\u00fcd<\/em> o l\u00ednea hereditaria en la cual naci\u00f3, y que sostendr\u00e1 en un futuro como heredero de la misma; y en segundo lugar, es sostenedor del linaje de <em>Pema Lingpa<\/em> del monasterio Gyeling Orgyen Mindrolling, situado en las escondidas tierras de Pemak\u00f6, la cual mantiene de su vida precedente como <em>Tulku<\/em>. Gyetrul Jigme Rinpoche fue reconocido a la edad de tres a\u00f1os por Su Santidad Kyabje Dudjom Rinpoche, sostenedor supremo por aquel entonces de la escuela <em>\u00d1ingmapa<\/em>, como la encarnaci\u00f3n de Gyeling Yonten Lhundrub Gyatso Rinpoche, una manifestaci\u00f3n del <em>Tert\u00f6n<\/em> butan\u00e9s Pema Lingpa, uno de los cinco principales o emperadores <em>Tert\u00f6ns<\/em> del <em>Vajrayana<\/em> y cabeza principal del monasterio Gyeling Orgyen Mindrolling en la escondida tierra de Pemak\u00f6. Fue entronizado a los cinco a\u00f1os en el monasterio Rigon Thubten Mindrolling en Orissa, India. Durante la entronizaci\u00f3n Su Santidad Dudjom Rinpoche le dio el nombre de Gyetrul Jigme Lodoe Thaye Norbu Rinpoche. Otras vidas previas incluyen a Manjushrimitra (Jampel Shenyen), uno de los ocho grandes <em>Vidyadharas<\/em> de India y maestro del linaje <em>Dzogchen<\/em>. Durante la \u00e9poca de Guru Rinpoche en T\u00edbet fue la hija del rey Trisong Detsen, la princesa Pema Tsal.<\/p>\n\n\n<div class=\"wp-block-image\">\n<figure class=\"alignleft size-full is-resized\"><img loading=\"lazy\" decoding=\"async\" width=\"509\" height=\"765\" src=\"https:\/\/padmaling.org\/newpadmaling\/wp-content\/uploads\/2026\/04\/2_GJR.jpg\" alt=\"\" class=\"wp-image-1884\" style=\"aspect-ratio:0.6653670436369283;width:234px;height:auto\" srcset=\"https:\/\/padmaling.org\/newpadmaling\/wp-content\/uploads\/2026\/04\/2_GJR.jpg 509w, https:\/\/padmaling.org\/newpadmaling\/wp-content\/uploads\/2026\/04\/2_GJR-200x300.jpg 200w, https:\/\/padmaling.org\/newpadmaling\/wp-content\/uploads\/2026\/04\/2_GJR-100x150.jpg 100w\" sizes=\"auto, (max-width: 509px) 100vw, 509px\" \/><\/figure>\n<\/div>\n\n<div class=\"wp-block-image\">\n<figure class=\"alignright size-full is-resized\"><img loading=\"lazy\" decoding=\"async\" width=\"478\" height=\"262\" src=\"https:\/\/padmaling.org\/newpadmaling\/wp-content\/uploads\/2026\/04\/3_GJR_SE_DL.jpg\" alt=\"\" class=\"wp-image-1885\" style=\"aspect-ratio:1.8244336794811074;width:527px;height:auto\" srcset=\"https:\/\/padmaling.org\/newpadmaling\/wp-content\/uploads\/2026\/04\/3_GJR_SE_DL.jpg 478w, https:\/\/padmaling.org\/newpadmaling\/wp-content\/uploads\/2026\/04\/3_GJR_SE_DL-300x164.jpg 300w, https:\/\/padmaling.org\/newpadmaling\/wp-content\/uploads\/2026\/04\/3_GJR_SE_DL-150x82.jpg 150w\" sizes=\"auto, (max-width: 478px) 100vw, 478px\" \/><\/figure>\n<\/div>\n\n\n<div style=\"height:47px\" aria-hidden=\"true\" class=\"wp-block-spacer\"><\/div>\n\n\n\n<p>A la edad de ocho a\u00f1os, comprendiendo que los tiempos hab\u00edan cambiado, Jigme Rinpoche fue enviado a estudiar durante seis a\u00f1os a una moderna escuela en Darjeeling, fuera del monasterio, para que de este modo pudiera aprender ingl\u00e9s y tener a su vez contacto con el mundo exterior. Durante estos seis a\u00f1os llev\u00f3 la vida de un chico normal. Jigme Rinpoche considera que este fue un per\u00edodo muy bonito de su vida, ya que pudo disfrutar de una vida normal, jugar con otros ni\u00f1os, tener relaciones normales y participar de la vida de un modo natural. Considera tambi\u00e9n que este per\u00edodo le trajo una gran riqueza interior. Sin embargo, mientras disfrutaba de su \u201cvida normal\u201d, recibi\u00f3 una carta para que volviera al monasterio y cursara los estudios tradicionales. Con diecisiete a\u00f1os asisti\u00f3 al Instituto \u00d1ingma de Estudios Superiores e Investigaci\u00f3n Ngagyur Dojo Ling en Bouddhanath, Nepal, fundado por Su Santidad D\u00fcdjom Rinpoche, y en 1993 recibi\u00f3 el doctorado en el estudio de los <em>Sutras<\/em> y <em>Tantras<\/em> budistas, donde estudi\u00f3 con el erudito Khetsun Sangpo Rinpoche.<br><br>Los principales maestros espirituales de Jigme Rinpoche han sido Su Santidad D\u00fcdjom Rinpoche y, en esta vida, su padre y maestro ra\u00edz, Su Eminencia Namkha Drimed Rabjam Rinpoche. Su Santidad D\u00fcdjom Rinpoche tambi\u00e9n fue el maestro ra\u00edz de Jigme Rinpoche en su vida anterior. De estos maestros ha recibido todas las transmisiones principales <em>\u00d1ingma<\/em>, el ciclo completo de transmisiones <em>Taksham<\/em>, incluyendo especialmente la pr\u00e1ctica de <em>Tamdrin<\/em> y <em>Lama Norbu<\/em>, y las transmisiones ininterrumpidas de <em>Vidyadhara<\/em> del linaje Ripa, incluyendo las <em>mahasadhanas<\/em> Tukdrub Lama Norbu, Yidam Gongdu Drubchen<em>, <\/em>Dorsem Nyingthing y Gur\u00fa Kilaya, as\u00ed como la totalidad del ciclo de Tesoros de la Mente de Gesar. Otros maestros incluyen Su Santidad Dilgo Khyentse Rinpoche, Kalu Rinpoche y Su Eminencia Khatog Moksa Rinpoche.<\/p>\n\n\n\n<figure class=\"wp-block-gallery has-nested-images columns-default is-cropped wp-block-gallery-1 is-layout-flex wp-block-gallery-is-layout-flex\">\n<figure class=\"wp-block-image size-large is-resized\"><img loading=\"lazy\" decoding=\"async\" width=\"960\" height=\"960\" data-id=\"1029\" src=\"https:\/\/padmaling.org\/newpadmaling\/wp-content\/uploads\/2014\/02\/GJR-Bendiciendo-2016.jpg\" alt=\"\" class=\"wp-image-1029\" style=\"width:317px;height:auto\" srcset=\"https:\/\/padmaling.org\/newpadmaling\/wp-content\/uploads\/2014\/02\/GJR-Bendiciendo-2016.jpg 960w, https:\/\/padmaling.org\/newpadmaling\/wp-content\/uploads\/2014\/02\/GJR-Bendiciendo-2016-300x300.jpg 300w, https:\/\/padmaling.org\/newpadmaling\/wp-content\/uploads\/2014\/02\/GJR-Bendiciendo-2016-150x150.jpg 150w, https:\/\/padmaling.org\/newpadmaling\/wp-content\/uploads\/2014\/02\/GJR-Bendiciendo-2016-768x768.jpg 768w\" sizes=\"auto, (max-width: 960px) 100vw, 960px\" \/><\/figure>\n\n\n\n<figure class=\"wp-block-image size-large is-resized\"><img loading=\"lazy\" decoding=\"async\" width=\"640\" height=\"960\" data-id=\"1887\" src=\"https:\/\/padmaling.org\/newpadmaling\/wp-content\/uploads\/2026\/04\/5_GJR.jpg\" alt=\"\" class=\"wp-image-1887\" style=\"width:316px;height:auto\" srcset=\"https:\/\/padmaling.org\/newpadmaling\/wp-content\/uploads\/2026\/04\/5_GJR.jpg 640w, https:\/\/padmaling.org\/newpadmaling\/wp-content\/uploads\/2026\/04\/5_GJR-200x300.jpg 200w, https:\/\/padmaling.org\/newpadmaling\/wp-content\/uploads\/2026\/04\/5_GJR-100x150.jpg 100w\" sizes=\"auto, (max-width: 640px) 100vw, 640px\" \/><\/figure>\n<\/figure>\n\n\n\n<div style=\"height:32px\" aria-hidden=\"true\" class=\"wp-block-spacer\"><\/div>\n\n\n<div class=\"wp-block-image\">\n<figure class=\"aligncenter size-large is-resized\"><img loading=\"lazy\" decoding=\"async\" width=\"1024\" height=\"576\" src=\"https:\/\/padmaling.org\/newpadmaling\/wp-content\/uploads\/2026\/04\/6_GJR-1024x576.png\" alt=\"\" class=\"wp-image-1888\" style=\"aspect-ratio:1.7777956585186039;width:516px;height:auto\" srcset=\"https:\/\/padmaling.org\/newpadmaling\/wp-content\/uploads\/2026\/04\/6_GJR-1024x576.png 1024w, https:\/\/padmaling.org\/newpadmaling\/wp-content\/uploads\/2026\/04\/6_GJR-300x169.png 300w, https:\/\/padmaling.org\/newpadmaling\/wp-content\/uploads\/2026\/04\/6_GJR-768x432.png 768w, https:\/\/padmaling.org\/newpadmaling\/wp-content\/uploads\/2026\/04\/6_GJR-150x84.png 150w, https:\/\/padmaling.org\/newpadmaling\/wp-content\/uploads\/2026\/04\/6_GJR.png 1280w\" sizes=\"auto, (max-width: 1024px) 100vw, 1024px\" \/><\/figure>\n<\/div>\n\n\n<p><br> Adem\u00e1s, Jigme Rinpoche es bisnieto del c\u00e9lebre sabio Shakya Shri, considerado el <em>Siddha<\/em> m\u00e1s grande de su tiempo. Ha estudiado y recibido transmisiones de maestros de la tradici\u00f3n Drukpa Kagyu, especialmente del linaje Shakya Shri: el XII Gyalwang Drukpa Rinpoche y Kyabje Thuksay Rinpoche. Es cabeza de dos monasterios en India y Nepal, supervisando a m\u00e1s de cuatrocientos monjes, as\u00ed como l\u00edder espiritual de la comunidad de Chandragiri y fundador de la Thubten Mindrolling \u00d1ingmapa Society vinculada al Padmasambhava Mahavihara.<\/p>\n\n\n\n<p>Jigme Rinpoche ha realizado retiros de entre tres meses y un a\u00f1o. Sus ense\u00f1anzas principales incluyen las pr\u00e1cticas de Yeshe Tsogyal, Guru Rinpoche, Buda de la Medicina, Chenrezig, las deidades Taksham y el ciclo de Gesar. Lleg\u00f3 a Occidente en 1996 y fund\u00f3 los centros Padma Ling en numerosos pa\u00edses.<\/p>\n\n\n\n<p>Es conocido por su fluidez en ingl\u00e9s, la frescura y claridad de sus ense\u00f1anzas y su sentido del humor. Viaja entre Oriente y Occidente supervisando los monasterios Ripa y ense\u00f1ando a trav\u00e9s de Padma Ling y la Fundaci\u00f3n Ripa Ladrang.<\/p>\n\n\n\n<p>Desde 1996 ha viajado extensamente impartiendo ense\u00f1anzas sobre meditaci\u00f3n y sabidur\u00eda aplicada a la vida contempor\u00e1nea. Fund\u00f3 el Ripa International Center en Suiza en 2012 y el Ripa Center de Mosc\u00fa en 2014.<\/p>\n\n\n\n<figure class=\"wp-block-gallery has-nested-images columns-default is-cropped wp-block-gallery-2 is-layout-flex wp-block-gallery-is-layout-flex\">\n<figure class=\"wp-block-image size-large\"><img loading=\"lazy\" decoding=\"async\" width=\"749\" height=\"847\" data-id=\"1106\" src=\"https:\/\/padmaling.org\/newpadmaling\/wp-content\/uploads\/2018\/12\/GJR2018f.jpg\" alt=\"\" class=\"wp-image-1106\" srcset=\"https:\/\/padmaling.org\/newpadmaling\/wp-content\/uploads\/2018\/12\/GJR2018f.jpg 749w, https:\/\/padmaling.org\/newpadmaling\/wp-content\/uploads\/2018\/12\/GJR2018f-265x300.jpg 265w, https:\/\/padmaling.org\/newpadmaling\/wp-content\/uploads\/2018\/12\/GJR2018f-133x150.jpg 133w\" sizes=\"auto, (max-width: 749px) 100vw, 749px\" \/><\/figure>\n\n\n\n<figure class=\"wp-block-image size-large\"><img loading=\"lazy\" decoding=\"async\" width=\"682\" height=\"1024\" data-id=\"1395\" src=\"https:\/\/padmaling.org\/newpadmaling\/wp-content\/uploads\/2025\/03\/GJR2025_04-682x1024.png\" alt=\"\" class=\"wp-image-1395\" srcset=\"https:\/\/padmaling.org\/newpadmaling\/wp-content\/uploads\/2025\/03\/GJR2025_04-682x1024.png 682w, https:\/\/padmaling.org\/newpadmaling\/wp-content\/uploads\/2025\/03\/GJR2025_04-200x300.png 200w, https:\/\/padmaling.org\/newpadmaling\/wp-content\/uploads\/2025\/03\/GJR2025_04-100x150.png 100w, https:\/\/padmaling.org\/newpadmaling\/wp-content\/uploads\/2025\/03\/GJR2025_04.png 691w\" sizes=\"auto, (max-width: 682px) 100vw, 682px\" \/><\/figure>\n\n\n\n<figure class=\"wp-block-image size-large\"><img loading=\"lazy\" decoding=\"async\" width=\"445\" height=\"708\" data-id=\"1890\" src=\"https:\/\/padmaling.org\/newpadmaling\/wp-content\/uploads\/2026\/04\/9_GJR.jpg\" alt=\"\" class=\"wp-image-1890\" srcset=\"https:\/\/padmaling.org\/newpadmaling\/wp-content\/uploads\/2026\/04\/9_GJR.jpg 445w, https:\/\/padmaling.org\/newpadmaling\/wp-content\/uploads\/2026\/04\/9_GJR-189x300.jpg 189w, https:\/\/padmaling.org\/newpadmaling\/wp-content\/uploads\/2026\/04\/9_GJR-94x150.jpg 94w\" sizes=\"auto, (max-width: 445px) 100vw, 445px\" \/><\/figure>\n<\/figure>\n\n\n\n<div style=\"height:32px\" aria-hidden=\"true\" class=\"wp-block-spacer\"><\/div>\n\n\n\n<div style=\"height:32px\" aria-hidden=\"true\" class=\"wp-block-spacer\"><\/div>\n\n\n\n<p>Desde 1993, adem\u00e1s de su labor espiritual, comenz\u00f3 su trabajo humanitario como budista socialmente comprometido. Fund\u00f3 el Proyecto Agua Pura, recibi\u00f3 el reconocimiento de Su Santidad el Dalai Lama y del Gobierno tibetano en el exilio, y desarroll\u00f3 proyectos de abastecimiento de agua, prevenci\u00f3n del paludismo y apoyo a hu\u00e9rfanos, monjes y ancianos.<\/p>\n\n\n\n<p>Ha desarrollado una extensa labor social y humanitaria durante m\u00e1s de dos d\u00e9cadas. Construy\u00f3 el hospital Menlha, impuls\u00f3 campa\u00f1as contra la malaria y el sida, y proporcion\u00f3 atenci\u00f3n m\u00e9dica a los m\u00e1s vulnerables. Tras el terremoto de 2014 en Nepal encabez\u00f3 la reconstrucci\u00f3n de una aldea mediante el proyecto Mero Gaun, siguiendo criterios ecol\u00f3gicos.<\/p>\n\n\n\n<p>Desde 1995 ha otorgado becas educativas a cientos de ni\u00f1os y ha apoyado la formaci\u00f3n de enfermeras. Su acci\u00f3n social encarna la uni\u00f3n entre el Dharma y el servicio altruista.<\/p>\n","protected":false},"excerpt":{"rendered":"<p>Naci\u00f3 en India al amanecer del 15 de octubre de 1968, el d\u00e9cimo d\u00eda del sexto mes del a\u00f1o del Mono de Tierra, el d\u00eda del aniversario del nacimiento de Guru Rinpoche. Es hijo del renombrado Tert\u00f6n, revelador de tesoros, Su Eminencia Namkha Drimed Rabjam Rinpoche, sostenedor del linaje Ripa&#8230;.<\/p>\n<p> <a class=\"continue-reading-link\" href=\"https:\/\/padmaling.org\/newpadmaling\/?page_id=59\"><span>Cotinuar leyendo<\/span><i class=\"crycon-right-dir\"><\/i><\/a> <\/p>\n","protected":false},"author":1,"featured_media":0,"parent":0,"menu_order":1,"comment_status":"closed","ping_status":"closed","template":"page-templates\/full-width.php","meta":{"footnotes":""},"class_list":["post-59","page","type-page","status-publish","hentry"],"_links":{"self":[{"href":"https:\/\/padmaling.org\/newpadmaling\/index.php?rest_route=\/wp\/v2\/pages\/59","targetHints":{"allow":["GET"]}}],"collection":[{"href":"https:\/\/padmaling.org\/newpadmaling\/index.php?rest_route=\/wp\/v2\/pages"}],"about":[{"href":"https:\/\/padmaling.org\/newpadmaling\/index.php?rest_route=\/wp\/v2\/types\/page"}],"author":[{"embeddable":true,"href":"https:\/\/padmaling.org\/newpadmaling\/index.php?rest_route=\/wp\/v2\/users\/1"}],"replies":[{"embeddable":true,"href":"https:\/\/padmaling.org\/newpadmaling\/index.php?rest_route=%2Fwp%2Fv2%2Fcomments&post=59"}],"version-history":[{"count":30,"href":"https:\/\/padmaling.org\/newpadmaling\/index.php?rest_route=\/wp\/v2\/pages\/59\/revisions"}],"predecessor-version":[{"id":1904,"href":"https:\/\/padmaling.org\/newpadmaling\/index.php?rest_route=\/wp\/v2\/pages\/59\/revisions\/1904"}],"wp:attachment":[{"href":"https:\/\/padmaling.org\/newpadmaling\/index.php?rest_route=%2Fwp%2Fv2%2Fmedia&parent=59"}],"curies":[{"name":"wp","href":"https:\/\/api.w.org\/{rel}","templated":true}]}}