{"id":466,"date":"2014-03-15T12:17:36","date_gmt":"2014-03-15T11:17:36","guid":{"rendered":"http:\/\/padmaling.org\/wordpress\/?page_id=466"},"modified":"2026-04-08T17:20:47","modified_gmt":"2026-04-08T17:20:47","slug":"programa-de-prevencion-de-malaria","status":"publish","type":"page","link":"https:\/\/padmaling.org\/newpadmaling\/?page_id=466","title":{"rendered":"ZPrograma de prevenci\u00f3n de malaria"},"content":{"rendered":"\n<p>Cada a\u00f1o es necesario continuar con el programa de prevenci\u00f3n de malaria entre la poblaci\u00f3n tibetana e india de los campamentos de refugiados en Orissa.<\/p>\n\n\n<div class=\"wp-block-image\">\n<figure class=\"aligncenter\"><img decoding=\"async\" src=\"https:\/\/padmaling.org\/newpadmaling\/wp-content\/uploads\/2014\/03\/PCM01.jpg\" alt=\"PCM01\"\/><\/figure>\n<\/div>\n\n\n<p><\/p>\n\n\n\n<h1 class=\"wp-block-heading\">PROGRAMA DE CONTROL DE MALARIA 2007<\/h1>\n\n\n\n<h2 class=\"wp-block-heading\">Memoria de un a\u00f1o de trabajo<\/h2>\n\n\n\n<p>LA MALARIA es una enfermedad causada por un par\u00e1sito que se transmite por la picada de las hembras de mosquitos del g\u00e9nero Anopheles.<\/p>\n\n\n<div class=\"wp-block-image\">\n<figure class=\"aligncenter\"><img decoding=\"async\" src=\"https:\/\/padmaling.org\/newpadmaling\/wp-content\/uploads\/2014\/03\/PCM02.jpg\" alt=\"PCM02\"\/><\/figure>\n<\/div>\n\n\n<p><\/p>\n\n\n\n<p>Orissa es una zona end\u00e9mica donde las reinfestaciones y muertes por malaria son muy frecuentes ya que la poblaci\u00f3n se encuentra continuamente expuesta a las picadas de mosquitos.&nbsp;&nbsp; &nbsp;(clicar para m\u00e1s informaci\u00f3n sobre que es la malaria)<\/p>\n\n\n\n<p>Dentro del programa de asistencia sanitaria, en Abril del 2007 se inici\u00f3 una campa\u00f1a de ayuda en el control de la malaria en los campamentos de refugiados tibetanos en Jeerang, Orissa, India.<\/p>\n\n\n\n<p>Este programa inclu\u00eda:<br>&#8211;&nbsp;&nbsp;&nbsp; la compra de un equipo de detecci\u00f3n de malaria<br>&#8211;&nbsp;&nbsp;&nbsp; la compra de telas mosquiteras<br>En esta campa\u00f1a&nbsp; el Programa result\u00f3 agraciado por el Col.legi d\u2019Enginyers T\u00e8cnics Industrials de Barcelona con una ayuda de 4.450 \u20ac para LA COMPRA DE UN EQUIPO DE DETECCI\u00d3N DE MALARIA. El Col.legi d\u2019Enginyers T\u00e8cnics Industrials de Barcelona destina el 0,7% del presupuesto total anual a la subvenci\u00f3n de proyectos de acci\u00f3n social.<\/p>\n\n\n<div class=\"wp-block-image\">\n<figure class=\"aligncenter\"><img decoding=\"async\" src=\"https:\/\/padmaling.org\/newpadmaling\/wp-content\/uploads\/2014\/03\/PCM03.jpg\" alt=\"PCM03\"\/><\/figure>\n<\/div>\n\n\n<p><\/p>\n\n\n\n<p>J. de Anta, representante de Padma Ling, recogi\u00f3 el pasado 22 de Noviembre la subvenci\u00f3n otorgada durante la celebraci\u00f3n de la Diada de la Professi\u00f3 2007 del CETIB en Barcelona.<\/p>\n\n\n\n<p>Y para LA COMPRA DE TELAS MOSQUITERAS como medida de control de la malaria en la zona se organiz\u00f3 un sorteo de la estatua de Guru Rinpoche. El sorteo tuvo lugar en la sede de Padma Ling en Barcelona el d\u00eda 23 de Diciembre del 2007, resultando ganador el n\u00famero 644, que correspondi\u00f3 a un miembro de la sangha francesa de Padma Ling. La estatua fue entregada en persona por SE Gyetrul Jigme Rinpoche durante el retiro de invierno 2007 en Corps, Francia.<\/p>\n\n\n\n<p><img loading=\"lazy\" decoding=\"async\" src=\"https:\/\/padmaling.org\/newpadmaling\/wp-content\/uploads\/2014\/03\/PCM04.jpg\" alt=\"PCM04\" width=\"95\" height=\"150\"><br>Los ingresos recibidos se distribuyen como sigue:<\/p>\n\n\n\n<p><\/p>\n\n\n\n<figure class=\"wp-block-table is-style-stripes\"><table class=\"has-fixed-layout\"><tbody><tr><td><span style=\"color: #660000;\"><span style=\"font-family: Verdana,sans-serif;\"><span style=\"font-size: small;\"><b>Donaciones Campa\u00f1a Telas Mosquiteras 2007<\/b><\/span><\/span><\/span><\/td><td>\n<p align=\"RIGHT\"><span style=\"color: #660000;\"><span style=\"font-family: Verdana,sans-serif;\"><span style=\"font-size: small;\"><b>Ingresos <\/b><\/span><\/span><\/span><\/p>\n<\/td><\/tr><tr><td><span style=\"font-family: Verdana,sans-serif;\"><span style=\"font-size: small;\">Donaciones de Padma Ling Espa\u00f1a<\/span><\/span><\/td><td>\n<p align=\"RIGHT\"><span style=\"font-family: Verdana,sans-serif;\"><span style=\"font-size: small;\">3.987,43 \u20ac<\/span><\/span><\/p>\n<\/td><\/tr><tr><td><span style=\"font-family: Verdana,sans-serif;\"><span style=\"font-size: small;\">Donaciones particulares Padma Ling Espa\u00f1a<\/span><\/span><\/td><td>\n<p align=\"RIGHT\"><span style=\"font-family: Verdana,sans-serif;\"><span style=\"font-size: small;\">2.821,00 \u20ac<\/span><\/span><\/p>\n<\/td><\/tr><tr><td><span style=\"font-family: Verdana,sans-serif;\"><span style=\"font-size: small;\">Donaciones particulares retiro Padma Ling Suiza<\/span><\/span><\/td><td>\n<p align=\"RIGHT\"><span style=\"font-family: Verdana,sans-serif;\"><span style=\"font-size: small;\">527,00 \u20ac<\/span><\/span><\/p>\n<\/td><\/tr><tr><td><span style=\"font-family: Verdana,sans-serif;\"><span style=\"font-size: small;\">Donaciones particulares retiros Padma Ling Francia<\/span><\/span><\/td><td>\n<p align=\"RIGHT\"><span style=\"font-family: Verdana,sans-serif;\"><span style=\"font-size: small;\">929,00 \u20ac<\/span><\/span><\/p>\n<\/td><\/tr><tr><td><span style=\"font-family: Verdana,sans-serif;\"><span style=\"font-size: small;\">Donaciones particulares retiro Padma Ling B\u00e9lgica<\/span><\/span><\/td><td>\n<p align=\"RIGHT\"><span style=\"font-family: Verdana,sans-serif;\"><span style=\"font-size: small;\">360,00 \u20ac<\/span><\/span><\/p>\n<\/td><\/tr><tr><td><span style=\"font-family: Verdana,sans-serif;\"><span style=\"font-size: small;\">Donaciones particulares Padma Ling United Kingdom<\/span><\/span><\/td><td>\n<p align=\"RIGHT\"><span style=\"font-family: Verdana,sans-serif;\"><span style=\"font-size: small;\">616.70 \u20ac <\/span><\/span><\/p>\n<\/td><\/tr><tr><td>\n<p align=\"RIGHT\"><span style=\"color: #660000;\"><span style=\"font-family: Verdana,sans-serif;\"><span style=\"font-size: small;\"><b>TOTAL &nbsp;<\/b><\/span><\/span><\/span><\/p>\n<\/td><td>\n<p align=\"RIGHT\"><span style=\"color: #660000;\"><span style=\"font-family: Verdana,sans-serif;\"><span style=\"font-size: small;\"><b>8.624,43 \u20ac<\/b><\/span><\/span><\/span><\/p>\n<\/td><\/tr><\/tbody><\/table><\/figure>\n\n\n\n<p>En el mes de Noviembre del 2007 se han comprado y repartido 800 telas mosquiteras entre los monjes, la poblaci\u00f3n tibetana de los campamentos e india de los poblados vecinos. Adem\u00e1s las restantes telas mosquiteras est\u00e1n encargadas y pendientes de recibir y distribuir (ya que no hab\u00eda stoks disponibles en ese momento). Con las restantes har\u00e1n un total aproximado de 1.437 telas mosquiteras con que se ha prove\u00eddo a la poblaci\u00f3n. Estas telas mosquiteras son de muy buena calidad, recomendadas por la OMS, y con un tratamiento repelente de larga duraci\u00f3n.<\/p>\n\n\n\n<p>Esta actuaci\u00f3n se ha realizado simult\u00e1neamente junto con la aportaci\u00f3n de otras cantidades de telas mosquiteras procedentes de ayudas recibidas de otros colectivos, y con ello se ha podido comprobar una reducci\u00f3n efectiva del n\u00famero de enfermos por malaria en el 2007 en comparaci\u00f3n con los afectados en a\u00f1os anteriores.<\/p>\n\n\n\n<p>Se han repartido telas mosquiteras entre los monjes del Monasterio Rigon Thupten Mindrolling, en el campamento 4. Noviembre 2007.<\/p>\n\n\n<div class=\"wp-block-image\">\n<figure class=\"alignleft\"><img decoding=\"async\" src=\"https:\/\/padmaling.org\/newpadmaling\/wp-content\/uploads\/2014\/03\/PCM05.jpg\" alt=\"PCM05\"\/><\/figure>\n<\/div>\n\n\n<figure class=\"wp-block-image\"><img loading=\"lazy\" decoding=\"async\" width=\"300\" height=\"400\" src=\"https:\/\/padmaling.org\/newpadmaling\/wp-content\/uploads\/2014\/03\/PCM06.jpg\" alt=\"PCM06\" class=\"wp-image-501\" srcset=\"https:\/\/padmaling.org\/newpadmaling\/wp-content\/uploads\/2014\/03\/PCM06.jpg 300w, https:\/\/padmaling.org\/newpadmaling\/wp-content\/uploads\/2014\/03\/PCM06-225x300.jpg 225w, https:\/\/padmaling.org\/newpadmaling\/wp-content\/uploads\/2014\/03\/PCM06-113x150.jpg 113w\" sizes=\"auto, (max-width: 300px) 100vw, 300px\" \/><\/figure>\n\n\n<div class=\"wp-block-image\">\n<figure class=\"aligncenter\"><img decoding=\"async\" src=\"https:\/\/padmaling.org\/newpadmaling\/wp-content\/uploads\/2014\/03\/PCM07.jpg\" alt=\"PCM07\"\/><\/figure>\n<\/div>\n\n<div class=\"wp-block-image\">\n<figure class=\"alignleft\"><img decoding=\"async\" src=\"https:\/\/padmaling.org\/newpadmaling\/wp-content\/uploads\/2014\/03\/PCM08.jpg\" alt=\"PCM08\"\/><\/figure>\n<\/div>\n\n<div class=\"wp-block-image\">\n<figure class=\"alignleft size-full\"><img loading=\"lazy\" decoding=\"async\" width=\"300\" height=\"400\" src=\"https:\/\/padmaling.org\/newpadmaling\/wp-content\/uploads\/2014\/03\/PCM09.jpg\" alt=\"\" class=\"wp-image-504\" srcset=\"https:\/\/padmaling.org\/newpadmaling\/wp-content\/uploads\/2014\/03\/PCM09.jpg 300w, https:\/\/padmaling.org\/newpadmaling\/wp-content\/uploads\/2014\/03\/PCM09-225x300.jpg 225w, https:\/\/padmaling.org\/newpadmaling\/wp-content\/uploads\/2014\/03\/PCM09-113x150.jpg 113w\" sizes=\"auto, (max-width: 300px) 100vw, 300px\" \/><\/figure>\n<\/div>\n\n\n<div style=\"height:32px\" aria-hidden=\"true\" class=\"wp-block-spacer\"><\/div>\n\n\n\n<p>En los campamentos indios de Jeerang. Noviembre 2007.<\/p>\n\n\n<div class=\"wp-block-image\">\n<figure class=\"alignleft\"><img loading=\"lazy\" decoding=\"async\" width=\"400\" height=\"300\" src=\"https:\/\/padmaling.org\/newpadmaling\/wp-content\/uploads\/2014\/03\/PCM10.jpg\" alt=\"\" class=\"wp-image-505\" srcset=\"https:\/\/padmaling.org\/newpadmaling\/wp-content\/uploads\/2014\/03\/PCM10.jpg 400w, https:\/\/padmaling.org\/newpadmaling\/wp-content\/uploads\/2014\/03\/PCM10-300x225.jpg 300w, https:\/\/padmaling.org\/newpadmaling\/wp-content\/uploads\/2014\/03\/PCM10-150x113.jpg 150w, https:\/\/padmaling.org\/newpadmaling\/wp-content\/uploads\/2014\/03\/PCM10-200x150.jpg 200w\" sizes=\"auto, (max-width: 400px) 100vw, 400px\" \/><\/figure>\n<\/div>\n\n\n<figure class=\"wp-block-image\"><img loading=\"lazy\" decoding=\"async\" width=\"300\" height=\"400\" src=\"https:\/\/padmaling.org\/newpadmaling\/wp-content\/uploads\/2014\/03\/PCM11.jpg\" alt=\"\" class=\"wp-image-506\" srcset=\"https:\/\/padmaling.org\/newpadmaling\/wp-content\/uploads\/2014\/03\/PCM11.jpg 300w, https:\/\/padmaling.org\/newpadmaling\/wp-content\/uploads\/2014\/03\/PCM11-225x300.jpg 225w, https:\/\/padmaling.org\/newpadmaling\/wp-content\/uploads\/2014\/03\/PCM11-113x150.jpg 113w\" sizes=\"auto, (max-width: 300px) 100vw, 300px\" \/><\/figure>\n\n\n<div class=\"wp-block-image\">\n<figure class=\"alignleft\"><img loading=\"lazy\" decoding=\"async\" width=\"400\" height=\"300\" src=\"https:\/\/padmaling.org\/newpadmaling\/wp-content\/uploads\/2014\/03\/PCM12.jpg\" alt=\"\" class=\"wp-image-507\" srcset=\"https:\/\/padmaling.org\/newpadmaling\/wp-content\/uploads\/2014\/03\/PCM12.jpg 400w, https:\/\/padmaling.org\/newpadmaling\/wp-content\/uploads\/2014\/03\/PCM12-300x225.jpg 300w, https:\/\/padmaling.org\/newpadmaling\/wp-content\/uploads\/2014\/03\/PCM12-150x113.jpg 150w, https:\/\/padmaling.org\/newpadmaling\/wp-content\/uploads\/2014\/03\/PCM12-200x150.jpg 200w\" sizes=\"auto, (max-width: 400px) 100vw, 400px\" \/><\/figure>\n<\/div>\n\n\n<figure class=\"wp-block-image\"><img loading=\"lazy\" decoding=\"async\" width=\"300\" height=\"400\" src=\"https:\/\/padmaling.org\/newpadmaling\/wp-content\/uploads\/2014\/03\/PCM13.jpg\" alt=\"\" class=\"wp-image-508\" srcset=\"https:\/\/padmaling.org\/newpadmaling\/wp-content\/uploads\/2014\/03\/PCM13.jpg 300w, https:\/\/padmaling.org\/newpadmaling\/wp-content\/uploads\/2014\/03\/PCM13-225x300.jpg 225w, https:\/\/padmaling.org\/newpadmaling\/wp-content\/uploads\/2014\/03\/PCM13-113x150.jpg 113w\" sizes=\"auto, (max-width: 300px) 100vw, 300px\" \/><\/figure>\n\n\n\n<figure class=\"wp-block-image\"><img loading=\"lazy\" decoding=\"async\" width=\"300\" height=\"400\" src=\"https:\/\/padmaling.org\/newpadmaling\/wp-content\/uploads\/2014\/03\/PCM14.jpg\" alt=\"\" class=\"wp-image-509\" srcset=\"https:\/\/padmaling.org\/newpadmaling\/wp-content\/uploads\/2014\/03\/PCM14.jpg 300w, https:\/\/padmaling.org\/newpadmaling\/wp-content\/uploads\/2014\/03\/PCM14-225x300.jpg 225w, https:\/\/padmaling.org\/newpadmaling\/wp-content\/uploads\/2014\/03\/PCM14-113x150.jpg 113w\" sizes=\"auto, (max-width: 300px) 100vw, 300px\" \/><\/figure>\n\n\n\n<p><\/p>\n\n\n\n<p>Se repartieron telas mosquiteras entre la poblaci\u00f3n tibetana e india de los campamentos. Noviembre 2007.<\/p>\n\n\n<div class=\"wp-block-image\">\n<figure class=\"alignleft\"><img decoding=\"async\" src=\"https:\/\/padmaling.org\/newpadmaling\/wp-content\/uploads\/2014\/03\/PCM15.jpg\" alt=\"PCM15\"\/><\/figure>\n<\/div>\n\n<div class=\"wp-block-image\">\n<figure class=\"alignright\"><img loading=\"lazy\" decoding=\"async\" width=\"400\" height=\"300\" src=\"https:\/\/padmaling.org\/newpadmaling\/wp-content\/uploads\/2014\/03\/PCM16.jpg\" alt=\"\" class=\"wp-image-511\" srcset=\"https:\/\/padmaling.org\/newpadmaling\/wp-content\/uploads\/2014\/03\/PCM16.jpg 400w, https:\/\/padmaling.org\/newpadmaling\/wp-content\/uploads\/2014\/03\/PCM16-300x225.jpg 300w, https:\/\/padmaling.org\/newpadmaling\/wp-content\/uploads\/2014\/03\/PCM16-150x113.jpg 150w, https:\/\/padmaling.org\/newpadmaling\/wp-content\/uploads\/2014\/03\/PCM16-200x150.jpg 200w\" sizes=\"auto, (max-width: 400px) 100vw, 400px\" \/><\/figure>\n<\/div>\n\n\n<figure class=\"wp-block-image\"><img decoding=\"async\" src=\"https:\/\/padmaling.org\/newpadmaling\/wp-content\/uploads\/2014\/03\/PCM17.jpg\" alt=\"PCM17\"\/><\/figure>\n\n\n\n<p> <br><\/p>\n\n\n\n<p><strong>\u00a1La campa\u00f1a para la prevenci\u00f3n de malaria contin\u00faa\u2026!<\/strong><\/p>\n","protected":false},"excerpt":{"rendered":"<p>Cada a\u00f1o es necesario continuar con el programa de prevenci\u00f3n de malaria entre la poblaci\u00f3n tibetana e india de los campamentos de refugiados en Orissa. PROGRAMA DE CONTROL DE MALARIA 2007 Memoria de un a\u00f1o de trabajo LA MALARIA es una enfermedad causada por un par\u00e1sito que se transmite por&#8230;<\/p>\n<p> <a class=\"continue-reading-link\" href=\"https:\/\/padmaling.org\/newpadmaling\/?page_id=466\"><span>Cotinuar leyendo<\/span><i class=\"crycon-right-dir\"><\/i><\/a> <\/p>\n","protected":false},"author":1,"featured_media":0,"parent":0,"menu_order":2,"comment_status":"closed","ping_status":"closed","template":"page-templates\/full-width.php","meta":{"footnotes":""},"class_list":["post-466","page","type-page","status-publish","hentry"],"_links":{"self":[{"href":"https:\/\/padmaling.org\/newpadmaling\/index.php?rest_route=\/wp\/v2\/pages\/466","targetHints":{"allow":["GET"]}}],"collection":[{"href":"https:\/\/padmaling.org\/newpadmaling\/index.php?rest_route=\/wp\/v2\/pages"}],"about":[{"href":"https:\/\/padmaling.org\/newpadmaling\/index.php?rest_route=\/wp\/v2\/types\/page"}],"author":[{"embeddable":true,"href":"https:\/\/padmaling.org\/newpadmaling\/index.php?rest_route=\/wp\/v2\/users\/1"}],"replies":[{"embeddable":true,"href":"https:\/\/padmaling.org\/newpadmaling\/index.php?rest_route=%2Fwp%2Fv2%2Fcomments&post=466"}],"version-history":[{"count":21,"href":"https:\/\/padmaling.org\/newpadmaling\/index.php?rest_route=\/wp\/v2\/pages\/466\/revisions"}],"predecessor-version":[{"id":1929,"href":"https:\/\/padmaling.org\/newpadmaling\/index.php?rest_route=\/wp\/v2\/pages\/466\/revisions\/1929"}],"wp:attachment":[{"href":"https:\/\/padmaling.org\/newpadmaling\/index.php?rest_route=%2Fwp%2Fv2%2Fmedia&parent=466"}],"curies":[{"name":"wp","href":"https:\/\/api.w.org\/{rel}","templated":true}]}}