{"id":464,"date":"2014-03-15T12:16:54","date_gmt":"2014-03-15T11:16:54","guid":{"rendered":"http:\/\/padmaling.org\/wordpress\/?page_id=464"},"modified":"2026-03-30T17:02:11","modified_gmt":"2026-03-30T17:02:11","slug":"apadrinamientos","status":"publish","type":"page","link":"https:\/\/padmaling.org\/newpadmaling\/?page_id=464","title":{"rendered":"Actividad humanitaria"},"content":{"rendered":"\nDonaciones al Fondo de ayuda de Ripa Humanitaria:<\/br>\nDestinatario: Asociaci\u00f3n Padma Ling <\/br>\nCuenta: ES49 2100 0843 8202 0045 5146\n\n\n\n<h1 class=\"wp-block-heading\">S.E. Namkha Drimed Rinpoche y Dungsey Gyetrul Jigme Rinpoche<\/h1>\n\n\n<div class=\"wp-block-image\">\n<figure class=\"alignright\"><a href=\"https:\/\/padmaling.org\/newpadmaling\/wp-content\/uploads\/2014\/03\/AH01.jpg\"><img loading=\"lazy\" decoding=\"async\" width=\"189\" height=\"300\" src=\"http:\/\/padmaling.org\/wordpress\/wp-content\/uploads\/2014\/03\/AH01-189x300.jpg\" alt=\"AH01\" class=\"wp-image-487\" srcset=\"https:\/\/padmaling.org\/newpadmaling\/wp-content\/uploads\/2014\/03\/AH01-189x300.jpg 189w, https:\/\/padmaling.org\/newpadmaling\/wp-content\/uploads\/2014\/03\/AH01-95x150.jpg 95w, https:\/\/padmaling.org\/newpadmaling\/wp-content\/uploads\/2014\/03\/AH01.jpg 200w\" sizes=\"auto, (max-width: 189px) 100vw, 189px\" \/><\/a><\/figure>\n<\/div>\n\n\n<p>Ambos maestros recorren continuamente el mundo ense\u00f1ando el precioso tesoro del Dharma, confiriendo iniciaciones,&nbsp;haciendo pr\u00e1cticas dirigidas a la eliminaci\u00f3n de las negatividades, plegarias por la paz de los pueblos de la Tierra, y expandiendo su amor ecu\u00e1nime y compasi\u00f3n a todos los seres sin excepci\u00f3n.<\/p>\n\n\n\n<p>En su Monasterio de Orissa, India, organizan anualmente ceremonias rituales en las que intervienen lamas y monjes, y tambi\u00e9n la comunidad laica,&nbsp; para eliminar los obst\u00e1culos de la humanidad, para la purificaci\u00f3n de cuerpo, palabra y mente, y por la paz mundial (entre ellas las pr\u00e1cticas muy elboradas llamadas \u00abDrubchen\u201c)<\/p>\n\n\n\n<p>El poblado tibetano de Puntsokling<br>1. El Monasterio Thubten Mindrolling<br>2. La econom\u00eda de la zona<br>3. Programa de Apadrinamientos<br>4. Proyecto de Asistencia Sanitaria<br>5. Programa de ayuda a los estudios universitarios<br>6. Plan de saneamiento de agua.<br>7. Fotos de una visita realizada a Orissa en Oct-2007<\/p>\n\n\n\n<p><\/p>\n\n\n\n<h2 class=\"wp-block-heading\">El poblado tibetano de Puntsokling<\/h2>\n\n\n<div class=\"wp-block-image\">\n<figure class=\"alignright\"><a href=\"https:\/\/padmaling.org\/newpadmaling\/wp-content\/uploads\/2014\/03\/AH02.jpg\"><img loading=\"lazy\" decoding=\"async\" width=\"300\" height=\"225\" src=\"https:\/\/padmaling.org\/newpadmaling\/wp-content\/uploads\/2014\/03\/AH02.jpg\" alt=\"AH02\" class=\"wp-image-488\" srcset=\"https:\/\/padmaling.org\/newpadmaling\/wp-content\/uploads\/2014\/03\/AH02.jpg 300w, https:\/\/padmaling.org\/newpadmaling\/wp-content\/uploads\/2014\/03\/AH02-150x113.jpg 150w, https:\/\/padmaling.org\/newpadmaling\/wp-content\/uploads\/2014\/03\/AH02-200x150.jpg 200w\" sizes=\"auto, (max-width: 300px) 100vw, 300px\" \/><\/a><\/figure>\n<\/div>\n\n\n<p>Los asentamientos de refugiados tibetanos en la India surgieron a ra\u00edz de la ocupaci\u00f3n del T\u00edbet por la China. La poblaci\u00f3n tibetana tuvo que huir con grandes dificultades por la orograf\u00eda de las monta\u00f1as del Himalaya y finalmente llegaron sanos a la India donde el Gobierno, dentro del programa de rehabilitaci\u00f3n, empez\u00f3 a alojar a esta poblaci\u00f3n en diferentes asentamientos dentro de su territorio.<br>As\u00ed se estableci\u00f3 el asentamiento tibetano Phuntsokling en el a\u00f1o 1963, localiz\u00e1ndose en un remoto pueblo en medio de la selva, en Chandragiri, Dto. Gajapati, al sur de Orissa.<\/p>\n\n\n\n<p>Originalmente la poblaci\u00f3n era de unos 500 refugiados estableci\u00e9ndose posteriormente numerosos exiliados tibetanos creciendo hasta cerca de los 3.500 habitantes en la actualidad. Hoy es uno de los mayores asentamientos de tibetanos en el exilio en India. Se encuentra dividido en 5 Campamentos y en el centro del Campamento n\u00ba 4 se encuentra el Monasterio Rigon Thupten Mindrolling.<\/p>\n\n\n\n<h1 class=\"wp-block-heading\">El Monasterio Thubten Mindrolling<\/h1>\n\n\n\n<p>Despu\u00e9s de su salida del T\u00edbet, por Andzi Rinpoche, hermano mayor de S.E. Namkha Drimed Rinpoche y cabeza del linaje en ese momento, estableci\u00f3 el primer monasterio del linaje en el exilio en la regi\u00f3n de Orissa, inaugurado en 1985 por Su Santidad el Dalai Lama.&nbsp; A\u00f1os m\u00e1s tarde, en el 2010, de nuevo por S.S. Dalai Lama, un monasterio con mejor infraestructura y mayor capacidad.<br>Cuenta con cerca de 200 monjes, la mayor\u00eda ni\u00f1os y j\u00f3venes. Es un centro desde donde se mantiene y se preserva la herencia cultural y espiritual del pueblo tibetano en grave riesgo de desaparici\u00f3n en el T\u00edbet. Tambi\u00e9n ofrece una gran ayuda a los tibetanos en esta situaci\u00f3n de refugiados, tiempos de gran dificultad en su historia.<\/p>\n\n\n\n<h1 class=\"wp-block-heading\">La econom\u00eda de la zona<\/h1>\n\n\n<div class=\"wp-block-image\">\n<figure class=\"alignright\"><a href=\"https:\/\/padmaling.org\/newpadmaling\/wp-content\/uploads\/2014\/03\/AH03.jpg\"><img loading=\"lazy\" decoding=\"async\" width=\"300\" height=\"222\" src=\"https:\/\/padmaling.org\/newpadmaling\/wp-content\/uploads\/2014\/03\/AH03.jpg\" alt=\"AH03\" class=\"wp-image-489\" srcset=\"https:\/\/padmaling.org\/newpadmaling\/wp-content\/uploads\/2014\/03\/AH03.jpg 300w, https:\/\/padmaling.org\/newpadmaling\/wp-content\/uploads\/2014\/03\/AH03-150x111.jpg 150w, https:\/\/padmaling.org\/newpadmaling\/wp-content\/uploads\/2014\/03\/AH03-203x150.jpg 203w\" sizes=\"auto, (max-width: 300px) 100vw, 300px\" \/><\/a><\/figure>\n<\/div>\n\n\n<p>La regi\u00f3n de Orissa es pobre y las actividades econ\u00f3micas de la zona no facilitan el poder salir de las condiciones de pobreza. Las familias se dedican a la agricultura durante seis meses al a\u00f1o (principalmente cultivan ma\u00edz) y algunas familias tienen tambi\u00e9n alg\u00fan animal de granja. Otras se dedican a recorrer ciudades con el comercio de ropa y objetos de artesan\u00eda, generalmente durante los meses de invierno, cuando no hay trabajo en el campo.<br>La transformaci\u00f3n de la tierra selv\u00e1tica en campos de cultivo no ha sido una labor f\u00e1cil. Adem\u00e1s la poblaci\u00f3n joven tiende a buscar trabajo fuera de los campamentos con lo que las tradiciones y la cultura tibetana en tan fr\u00e1gil situaci\u00f3n se ven seriamente amenazadas.<\/p>\n\n\n\n<h1 class=\"wp-block-heading\">Programa de Apadrinamientos<\/h1>\n\n\n\n<p>En Mayo del 2002 empez\u00f3 a funcionar en Espa\u00f1a la secci\u00f3n de apadrinamientos de Padma Ling, desarrollando un proyecto de apadrinamiento de ni\u00f1os, ancianos, enfermos y monjes. Gracias a estas ayudas&nbsp; se ha mejorado notablemente la calidad de vida de estos refugiados, permitiendo la escolarizaci\u00f3n de los ni\u00f1os y la posibilidad para ellos de acceder a una asistencia sanitaria b\u00e1sica.<\/p>\n\n\n\n<h3 class=\"wp-block-heading\">1.&nbsp;&nbsp;&nbsp; Programa de apadrinamiento de laicos:<\/h3>\n\n\n<div class=\"wp-block-image\">\n<figure class=\"alignright\"><a href=\"https:\/\/padmaling.org\/newpadmaling\/wp-content\/uploads\/2014\/03\/AH04.jpg\"><img loading=\"lazy\" decoding=\"async\" width=\"300\" height=\"225\" src=\"https:\/\/padmaling.org\/newpadmaling\/wp-content\/uploads\/2014\/03\/AH04.jpg\" alt=\"AH04\" class=\"wp-image-490\" srcset=\"https:\/\/padmaling.org\/newpadmaling\/wp-content\/uploads\/2014\/03\/AH04.jpg 300w, https:\/\/padmaling.org\/newpadmaling\/wp-content\/uploads\/2014\/03\/AH04-150x113.jpg 150w, https:\/\/padmaling.org\/newpadmaling\/wp-content\/uploads\/2014\/03\/AH04-200x150.jpg 200w\" sizes=\"auto, (max-width: 300px) 100vw, 300px\" \/><\/a><\/figure>\n<\/div>\n\n\n<p>\u2022&nbsp; &nbsp; los ni\u00f1os proceden de las familias de los cinco campamentos de refugiados del asentamiento de Phuntsokling, as\u00ed como de otros campamentos m\u00e1s remotos cuyas familias se encuentran necesitadas.<br>\u2022&nbsp;&nbsp;&nbsp; ancianos y enfermos pertenecientes a los citados campamentos, que se encuentren en situaci\u00f3n especialmente desfavorecida sin ninguna otra fuente de subsistencia.<\/p>\n\n\n\n<h3 class=\"wp-block-heading\">2.&nbsp;&nbsp;&nbsp; Programa de apadrinamiento de monjes:<\/h3>\n\n\n\n<p>El programa incluye:<br>\u2022&nbsp;&nbsp;&nbsp; los monjes de los Monasterios de Rigon Thupten Mindrolling, en el campo n\u00ba 4 de Orissa, India.<br>\u2022&nbsp;&nbsp;&nbsp; los monjes de los monasterios de Rigon Tashi Choeling en Parphing, Katmand\u00fa, Nepal y de Rigon Tashi Choeling, en Kam, Tibet oriental.<br>El dinero de los apadrinamientos de los monjes se destina en conjunto a la manutenci\u00f3n y sostenimiento de todos los monjes y del monasterio para cubrir sus necesidades de escolarizaci\u00f3n, ropa, comida, asistencia sanitaria, etc<\/p>\n\n\n\n<h2 class=\"wp-block-heading\">Proyecto de Asistencia Sanitaria en Jeerang, Orissa<\/h2>\n\n\n<div class=\"wp-block-image\">\n<figure class=\"alignleft\"><a href=\"https:\/\/padmaling.org\/newpadmaling\/wp-content\/uploads\/2014\/03\/AH05.jpg\"><img loading=\"lazy\" decoding=\"async\" width=\"200\" height=\"198\" src=\"https:\/\/padmaling.org\/newpadmaling\/wp-content\/uploads\/2014\/03\/AH05.jpg\" alt=\"AH05\" class=\"wp-image-492\" srcset=\"https:\/\/padmaling.org\/newpadmaling\/wp-content\/uploads\/2014\/03\/AH05.jpg 200w, https:\/\/padmaling.org\/newpadmaling\/wp-content\/uploads\/2014\/03\/AH05-150x150.jpg 150w, https:\/\/padmaling.org\/newpadmaling\/wp-content\/uploads\/2014\/03\/AH05-152x150.jpg 152w\" sizes=\"auto, (max-width: 200px) 100vw, 200px\" \/><\/a><\/figure>\n<\/div>\n\n\n<p>La zona de Jeerang es un \u00e1rea selv\u00e1tica&nbsp; remota en medio de la selva del este de la India, a 6 horas de la ciudad m\u00e1s cercana.<\/p>\n\n\n\n<p>Gyetrul Jigme Rinpoche, gracias a su gran compasi\u00f3n hacia los desfavorecidos, ha promovido el Proyecto de Asistencia Sanitaria en el asentamiento de refugiados tibetanos en Orissa.<br>Tambi\u00e9n el Hospital Menlha, situado en el campamento n\u00ba 2 requiere la rehabilitaci\u00f3n de algunas dependencias y su acondicionamiento con aparatos y equipos m\u00e9dicos que permitan la realizaci\u00f3n de pruebas diagn\u00f3sticas y cirug\u00edas ambulatorias, as\u00ed como poder ingresar los enfermos que requieren una atenci\u00f3n hospitalaria. -as\u00ed como un peque\u00f1o dispensario para la comunidad mon\u00e1stica en el monasterio Rigon Tashi Choeling, Pharping (Nepal).<br>Desde Diciembre del 2004 se est\u00e1 prestando atenci\u00f3n sanitaria primaria al Monasterio y campos de refugiados tibetanos y a la poblaci\u00f3n residente en la zona de Jeerang, Orissa gracias a la instalaci\u00f3n de un peque\u00f1o dispensario y los servicios de una Agente de Salud.<\/p>\n\n\n\n<ul class=\"wp-block-list\">\n<li>El dispensario atiende\u00a0 entre 20 y 25 pacientes al d\u00eda.<\/li>\n\n\n\n<li>Los beneficiarios son la poblaci\u00f3n tibetana e indianos locales, que han podido ser asistidos sin tener que desplazarse grandes distancias.<\/li>\n\n\n\n<li>Las principales enfermedades tratadas son: malaria, fiebre tifoidea, asma, hepatitis B, gastritis, hipertensi\u00f3n, diabetes, artritis, infecciones respiratorias, afecciones de la piel y accidentes.<\/li>\n\n\n\n<li>En el monasterio Rigon Tashi Choeling, Pharping (Nepal) se ha establecido un peque\u00f1o dispensario para la prevenci\u00f3n y atenci\u00f3n b\u00e1sica de salud de la comunidad mon\u00e1stica.<\/li>\n<\/ul>\n\n\n\n<p><\/p>\n","protected":false},"excerpt":{"rendered":"<p>Donaciones al Fondo de ayuda de Ripa Humanitaria: Destinatario: Asociaci\u00f3n Padma Ling Cuenta: ES49 2100 0843 8202 0045 5146 S.E. Namkha Drimed Rinpoche y Dungsey Gyetrul Jigme Rinpoche Ambos maestros recorren continuamente el mundo ense\u00f1ando el precioso tesoro del Dharma, confiriendo iniciaciones,&nbsp;haciendo pr\u00e1cticas dirigidas a la eliminaci\u00f3n de las negatividades,&#8230;<\/p>\n<p> <a class=\"continue-reading-link\" href=\"https:\/\/padmaling.org\/newpadmaling\/?page_id=464\"><span>Cotinuar leyendo<\/span><i class=\"crycon-right-dir\"><\/i><\/a> <\/p>\n","protected":false},"author":1,"featured_media":0,"parent":0,"menu_order":0,"comment_status":"closed","ping_status":"closed","template":"page-templates\/full-width.php","meta":{"footnotes":""},"class_list":["post-464","page","type-page","status-publish","hentry"],"_links":{"self":[{"href":"https:\/\/padmaling.org\/newpadmaling\/index.php?rest_route=\/wp\/v2\/pages\/464","targetHints":{"allow":["GET"]}}],"collection":[{"href":"https:\/\/padmaling.org\/newpadmaling\/index.php?rest_route=\/wp\/v2\/pages"}],"about":[{"href":"https:\/\/padmaling.org\/newpadmaling\/index.php?rest_route=\/wp\/v2\/types\/page"}],"author":[{"embeddable":true,"href":"https:\/\/padmaling.org\/newpadmaling\/index.php?rest_route=\/wp\/v2\/users\/1"}],"replies":[{"embeddable":true,"href":"https:\/\/padmaling.org\/newpadmaling\/index.php?rest_route=%2Fwp%2Fv2%2Fcomments&post=464"}],"version-history":[{"count":5,"href":"https:\/\/padmaling.org\/newpadmaling\/index.php?rest_route=\/wp\/v2\/pages\/464\/revisions"}],"predecessor-version":[{"id":1864,"href":"https:\/\/padmaling.org\/newpadmaling\/index.php?rest_route=\/wp\/v2\/pages\/464\/revisions\/1864"}],"wp:attachment":[{"href":"https:\/\/padmaling.org\/newpadmaling\/index.php?rest_route=%2Fwp%2Fv2%2Fmedia&parent=464"}],"curies":[{"name":"wp","href":"https:\/\/api.w.org\/{rel}","templated":true}]}}