{"id":462,"date":"2014-03-15T12:16:21","date_gmt":"2014-03-15T11:16:21","guid":{"rendered":"http:\/\/padmaling.org\/wordpress\/?page_id=462"},"modified":"2026-04-08T17:27:09","modified_gmt":"2026-04-08T17:27:09","slug":"actividad-humanitaria","status":"publish","type":"page","link":"https:\/\/padmaling.org\/newpadmaling\/?page_id=462","title":{"rendered":"ZApadrinamientos"},"content":{"rendered":"\nDonaciones al Fondo de apadrinamientos de Ripa Humanitaria<\/br>Destinatario: Asociaci\u00f3n Padma Ling<\/br>Cuenta: ES49 2100 0843 8202 0045 5146\n\n\n\n<h1 class=\"wp-block-heading\">JEERANG<\/h1>\n\n\n\n<h2 class=\"wp-block-heading\">(Campamento de refugiados tibetanos n\u00ba 4, en Orissa, India)<\/h2>\n\n\n\n<p>En el Sureste de Orisa, la costa central este del Estado, en el \u00e1rea de Chandragiri del distrito de Gajapati, est\u00e1 ahora el hogar de cerca de 4000 tibetanos que fueron desplazados por la ocupaci\u00f3n china del T\u00edbet, a quienes el gobierno indio dio categor\u00eda de refugiados al llegar aqu\u00ed en 1966.<\/p>\n\n\n\n<figure class=\"wp-block-image\"><a href=\"https:\/\/padmaling.org\/newpadmaling\/wp-content\/uploads\/2014\/03\/Apa01.jpg\"><img loading=\"lazy\" decoding=\"async\" width=\"300\" height=\"160\" src=\"https:\/\/padmaling.org\/newpadmaling\/wp-content\/uploads\/2014\/03\/Apa01.jpg\" alt=\"Apa01\" class=\"wp-image-469\" srcset=\"https:\/\/padmaling.org\/newpadmaling\/wp-content\/uploads\/2014\/03\/Apa01.jpg 300w, https:\/\/padmaling.org\/newpadmaling\/wp-content\/uploads\/2014\/03\/Apa01-150x80.jpg 150w, https:\/\/padmaling.org\/newpadmaling\/wp-content\/uploads\/2014\/03\/Apa01-250x133.jpg 250w\" sizes=\"auto, (max-width: 300px) 100vw, 300px\" \/><\/a><\/figure>\n\n\n\n<p><\/p>\n\n\n\n<p>La vida no es f\u00e1cil para ellos en una tierra tan diferente a la suya, donde las temperaturas son a menudo 20 grados cent\u00edgrados m\u00e1s c\u00e1lidas de&nbsp; las de su pa\u00eds de origen. A\u00fan as\u00ed, se las han arreglado para hacer un lugar habitable para ellos.<\/p>\n\n\n\n<p>Hay cinco principales poblados tibetanos en el \u00e1rea, en la que Jeerang es el cuarto. Est\u00e1 situado a 7 km de la carretera principal y conectada con ella por un camino bastante bueno para camiones y autobuses, pero no circula por ah\u00ed ning\u00fan autob\u00fas de l\u00ednea.<\/p>\n\n\n\n<p>Jeerang es un pueblo remoto que se las arregla para proveer de hogares a la gente y luchar en la adversidad con la ayuda de Rigon Thupten Mindrolling, una instituci\u00f3n mon\u00e1stica budista bajo los auspicios del Tert\u00f6n Namkha Drimed Rinpoche, cuyo monasterio fue inaugurado por Su Santidad el Dalai Lama. Su hijo mayor Gyetrul Jigme Rinpoche tambi\u00e9n juega un creciente e importante papel en el desarrollo del monasterio y en los medios de subsistencia del poblado. Ello ha merecido los elogios de las autoridades indias locales y del gobierno tibetano en el exilio. Su \u00e9xito en el proyecto de llevar agua al interior de las casas ha tra\u00eddo como consecuencia mejores medios sanitarios y, consecuentemente, la mejora de la salud, lo cual ha beneficiado a la comunidad de toda el \u00e1rea.<\/p>\n\n\n\n<figure class=\"wp-block-image size-full\"><img loading=\"lazy\" decoding=\"async\" width=\"400\" height=\"272\" src=\"https:\/\/padmaling.org\/newpadmaling\/wp-content\/uploads\/2014\/03\/Apa02.jpg\" alt=\"\" class=\"wp-image-470\" srcset=\"https:\/\/padmaling.org\/newpadmaling\/wp-content\/uploads\/2014\/03\/Apa02.jpg 400w, https:\/\/padmaling.org\/newpadmaling\/wp-content\/uploads\/2014\/03\/Apa02-300x204.jpg 300w, https:\/\/padmaling.org\/newpadmaling\/wp-content\/uploads\/2014\/03\/Apa02-150x102.jpg 150w, https:\/\/padmaling.org\/newpadmaling\/wp-content\/uploads\/2014\/03\/Apa02-221x150.jpg 221w\" sizes=\"auto, (max-width: 400px) 100vw, 400px\" \/><figcaption class=\"wp-element-caption\">Antiguo Monasterio Rigon Thupten Mindrolling<\/figcaption><\/figure>\n\n\n\n<p>En muchos sentidos, el pueblo es un lugar importante porque ayuda a preservar una herencia cultural que est\u00e1 amenazada, sirvi\u00e9ndose de muchos medios como, por ejemplo, las danzas mon\u00e1sticas anuales por las que la gente de los alrededores del \u00e1rea, de otras partes de India y del extranjero visita el lugar para ver lo que es una muy desarrollada de arte.<\/p>\n\n\n\n<h2 class=\"wp-block-heading\">\u00bfC\u00f3mo ayudar ?<\/h2>\n\n\n\n<p>El apadrinamiento es una forma de compartir no s\u00f3lo los bienes materiales que otros precisan, sino tambi\u00e9n de establecer una relaci\u00f3n personal entre el benefactor y la persona a quien se ayuda.&nbsp; Mediante la correspondencia, en un ingl\u00e9s muy b\u00e1sico, se puede llegar con el tiempo a desarrollar una amistad que resulte gratificante y enriquecedora.<\/p>\n\n\n\n<h2 class=\"wp-block-heading\">Apadrinamiento de ni\u00f1os<\/h2>\n\n\n<div class=\"wp-block-image\">\n<figure class=\"alignright\"><a href=\"https:\/\/padmaling.org\/newpadmaling\/wp-content\/uploads\/2014\/03\/Apa03.jpg\"><img loading=\"lazy\" decoding=\"async\" width=\"200\" height=\"113\" src=\"https:\/\/padmaling.org\/newpadmaling\/wp-content\/uploads\/2014\/03\/Apa03.jpg\" alt=\"Apa03\" class=\"wp-image-472\" srcset=\"https:\/\/padmaling.org\/newpadmaling\/wp-content\/uploads\/2014\/03\/Apa03.jpg 200w, https:\/\/padmaling.org\/newpadmaling\/wp-content\/uploads\/2014\/03\/Apa03-150x85.jpg 150w\" sizes=\"auto, (max-width: 200px) 100vw, 200px\" \/><\/a><\/figure>\n<\/div>\n\n\n<p>Cuando las necesidades b\u00e1sicas de vida son precarias, la educaci\u00f3n de ni\u00f1os y ni\u00f1as se resiente y tiene graves carencias por falta de medios: maestros cualificados, locales adecuados, material pedag\u00f3gico, actividades deportivas, transporte escolar&#8230;<br>El fin que se persigue con este original sistema de apadrinamiento de un ni\u00f1o o ni\u00f1a es que \u00e9stos puedan aportar una cantidad que les permita recibir una educaci\u00f3n de calidad dentro del pueblo, gracias a la asignaci\u00f3n econ\u00f3mica que el padrino o madrina le env\u00eden peri\u00f3dicamente.<\/p>\n\n\n\n<p>La cantidad m\u00ednima calculada para mejorar la situaci\u00f3n individual del ni\u00f1o que lo necesite, y que pueda colaborar con la mejora de la escuela es de 23 \u20ac al mes.<\/p>\n\n\n\n<h2 class=\"wp-block-heading\">Apadrinamiento de ancianos<\/h2>\n\n\n<div class=\"wp-block-image\">\n<figure class=\"alignright\"><a href=\"https:\/\/padmaling.org\/newpadmaling\/wp-content\/uploads\/2014\/03\/Apa04.jpg\"><img loading=\"lazy\" decoding=\"async\" width=\"200\" height=\"150\" src=\"https:\/\/padmaling.org\/newpadmaling\/wp-content\/uploads\/2014\/03\/Apa04.jpg\" alt=\"Apa04\" class=\"wp-image-474\" srcset=\"https:\/\/padmaling.org\/newpadmaling\/wp-content\/uploads\/2014\/03\/Apa04.jpg 200w, https:\/\/padmaling.org\/newpadmaling\/wp-content\/uploads\/2014\/03\/Apa04-150x113.jpg 150w\" sizes=\"auto, (max-width: 200px) 100vw, 200px\" \/><\/a><\/figure>\n<\/div>\n\n\n<p>Si los ni\u00f1os son el futuro de un pueblo, los ancianos son su memoria viva. Ellos tienen la experiencia, la sabidur\u00eda. Ellos vivieron la tragedia de la ocupaci\u00f3n de su pa\u00eds y guardan en su retina las atrocidades cometidas en aquellos a\u00f1os, y la muerte de padres, hijos, esposos, hermanos, amigos&#8230;<\/p>\n\n\n\n<p>Todav\u00eda, despu\u00e9s de tantos a\u00f1os de soportar el clima caluroso y h\u00famedo del sudeste indio, sienten la&nbsp; nostalgia del aire fresco y puro de los Himalayas acarici\u00e1ndoles el rostro.<\/p>\n\n\n\n<p>Muchos ancianos en los poblados de refugiados no tienen familia, est\u00e1n enfermos, tienen pocos recursos y algunos viven en unas condiciones de pobreza extrema. Necesitan ayuda.<\/p>\n\n\n\n<p>El c\u00e1lculo que se ha hecho para cubrir las necesidades de un anciano es de 23 \u20ac al mes.<br>\u00bfQuieres apadrinar y hacerte amigo de un anciano o anciana?<\/p>\n\n\n\n<h2 class=\"wp-block-heading\">Apadrinaiento de monjes<\/h2>\n\n\n<div class=\"wp-block-image\">\n<figure class=\"alignleft\"><a href=\"https:\/\/padmaling.org\/newpadmaling\/wp-content\/uploads\/2014\/03\/Apa05.jpg\"><img loading=\"lazy\" decoding=\"async\" width=\"200\" height=\"150\" src=\"https:\/\/padmaling.org\/newpadmaling\/wp-content\/uploads\/2014\/03\/Apa05.jpg\" alt=\"Apa05\" class=\"wp-image-475\" srcset=\"https:\/\/padmaling.org\/newpadmaling\/wp-content\/uploads\/2014\/03\/Apa05.jpg 200w, https:\/\/padmaling.org\/newpadmaling\/wp-content\/uploads\/2014\/03\/Apa05-150x113.jpg 150w\" sizes=\"auto, (max-width: 200px) 100vw, 200px\" \/><\/a><\/figure>\n<\/div>\n\n\n<p>Objetivos del apadrinamiento<br>El objetivo del apadrinamiento es garantizar los medios de subsistencia de los monjes durante su vida en el monasterio. Vuestra contribuci\u00f3n&nbsp; ayudar\u00e1&nbsp; a los monjes del monasterio de S.E. Namkha Drimed Rinpoche y Gyetrul Jigme Rinpoche a hacer frente a los gastos de comida, alojamiento, ropa, material escolar y gastos sanitarios. De esta forma podr\u00e1n&nbsp; consagrarse a la pr\u00e1ctica espiritual sin tener que preocuparse de los aspectos&nbsp; pr\u00e1cticos de la existencia.<\/p>\n\n\n\n<p>La importancia de la vida mon\u00e1stica en la comunidad tibetana<\/p>\n\n\n\n<p>La vida mon\u00e1stica desempe\u00f1a un papel de vital importancia para el desarrollo del Budismo. Gracias al estudio cotidiano de los textos de pr\u00e1ctica y de las oraciones, los monjes garantizan la preservaci\u00f3n de la cultura y de la lengua tibetanas. Esta labor inestimable asegura la continuidad de las transmisiones que el maestro excelente, Padmasambhava, llev\u00f3 al T\u00edbet y de esta forma, la preservaci\u00f3n de su profundo patrimonio espiritual.<\/p>\n\n\n\n<p><strong>Los beneficios de apadrinar un monje<\/strong><\/p>\n\n\n\n<p>Los efectos ben\u00e9ficos de este tipo de apadrinamiento van m\u00e1s all\u00e1 del buen karma acumulado gracias a una acci\u00f3n virtuosa;&nbsp; ayudar a un monje es como arrojar una piedra a un estanque tranquilo: la onda crece y se expande de forma ilimitada. Os compromet\u00e9is a ayudar a una persona que ha dedicado su vida entera al Dharma y al servicio de los dem\u00e1s; los beneficios de un tal acto son inconmensurables.<\/p>\n\n\n\n<p>Adem\u00e1s, gracias a este apadrinamiento, establec\u00e9is un v\u00ednculo con la comunidad mon\u00e1stica que hace que vuestra vida, tanto en el plano espiritual como material, sea receptiva a los efectos positivos de las pr\u00e1cticas y los rituales&nbsp; del monasterio.<\/p>\n\n\n\n<p><strong>La situaci\u00f3n actual<\/strong><\/p>\n\n\n\n<p>El monasterio de Rigon Thupten Mindrolling en Orissa, India, recibi\u00f3 en octubre 2002 a un centenar de monjes provinientes de la regi\u00f3n del Himalaya . Las familias y personal docente, al constatar el tremendo desarraigo cultural y espiritual que sufre actualmente la nueva generaci\u00f3n debido a la ausencia de un polo cultural cercano, pidieron ayuda al monasterio de S.E. Namkha Drimed Rinpoche y&nbsp; Gyetrul Jigme Rinpoche en Orisa, India.<\/p>\n\n\n\n<p>Sin embargo, los medios del monasterio son escasos y la infraestructura inadecuada para hacer frente a la llegada repentina de la nueva generaci\u00f3n de monjes.<\/p>\n\n\n\n<p>Por esta raz\u00f3n, Gyetrul Jigme Rinpoche ha pedido a los centros de Padma Ling en Europa que se establezca un programa de apadrinamiento de monjes. La contribuci\u00f3n mensual de 23\u20ac permitir\u00e1 a la comunidad mon\u00e1stica de Rigon Thupten Mindrolling en Orisa, India, crecer y desarrollarse de la mejor forma posible para el beneficio de todos los seres.<\/p>\n\n\n\n<p><strong>Palabras de S.E. Namkha Drimed Rinpoche sobre la vida mon\u00e1stica:<\/strong><\/p>\n\n\n\n<p class=\"has-text-align-left\">\u00ab El Buda-Dharma&nbsp; es la fuente \u00faltima de felicidad y de ayuda para todos los seres; para preservarlo, debemos practicar y conservar el valioso linaje de sabidur\u00eda viva. Para ello, la vida mon\u00e1stica es imprescindible. Un santuario tal tiene la virtud de irradiar energ\u00eda positiva y de fomentar la paz, la armon\u00eda, la felicidad y la libertad en el universo entero. El monasterio es un lugar privilegiado para experimentar la \u00ab tradici\u00f3n viva \u00bb del Budismo T\u00e1ntrico; quienquiera que entre en contacto con ese lugar gozar\u00e1 instant\u00e1neamente de un sentimiento de paz, de serenidad, de compasi\u00f3n y de sabidur\u00eda y ser\u00e1 capaz de invocar en su interior los recursos espirituales innatos y necesarios para el establecimiento de una base espiritual aut\u00e9ntica \u00bb.<\/p>\n\n\n\n<p class=\"has-text-align-right\">Namkha Drimed Rinpoche<\/p>\n\n\n\n<p class=\"has-text-align-left\">Padma Ling coordina los apadrinamientos de ni\u00f1os ancianos y monjes y establece el primer contacto entre el padrino y su ahijado. Una vez la relaci\u00f3n est\u00e1 creada, se hacen los tr\u00e1mites para que la asignaci\u00f3n llegue por v\u00eda postal o bancaria directamente a la familia del ni\u00f1o\/a, al anciano\/a o al monasterio al que el monje\/a pertenece. Para evitar en lo posible los elevados gastos bancarios, las asignaciones deber\u00e1n hacerse trimestral, semestral o, mejor a\u00fan, anualmente.<\/p>\n\n\n\n<p>Gyetrul Jigme Rinpoche supervisa y tutela el conjunto del proyecto y el seguimiento de los contactos.<\/p>\n\n\n\n<p>Los que deseen aportar una asignaci\u00f3n para las instalaciones y necesidades generales de los poblados o deseen apadrinar a un ni\u00f1o\/a, anciano\/a o monje\/a, pueden dirigirse por correo electr\u00f3nico a:<\/p>\n\n\n\n<p>Email: <a href=\"mailto:ripahumanitaria@gmail.com\"><span style=\"color: #0000ff;\"><span style=\"font-family: Times New Roman,serif;\"><span style=\"font-size: medium;\"><span style=\"text-decoration: underline;\">ripahumanitaria@gmail.com<\/span><\/span><\/span><\/span><\/a><\/p>\n","protected":false},"excerpt":{"rendered":"<p>Donaciones al Fondo de apadrinamientos de Ripa HumanitariaDestinatario: Asociaci\u00f3n Padma LingCuenta: ES49 2100 0843 8202 0045 5146 JEERANG (Campamento de refugiados tibetanos n\u00ba 4, en Orissa, India) En el Sureste de Orisa, la costa central este del Estado, en el \u00e1rea de Chandragiri del distrito de Gajapati, est\u00e1 ahora el&#8230;<\/p>\n<p> <a class=\"continue-reading-link\" href=\"https:\/\/padmaling.org\/newpadmaling\/?page_id=462\"><span>Cotinuar leyendo<\/span><i class=\"crycon-right-dir\"><\/i><\/a> <\/p>\n","protected":false},"author":1,"featured_media":0,"parent":0,"menu_order":1,"comment_status":"closed","ping_status":"closed","template":"page-templates\/full-width.php","meta":{"footnotes":""},"class_list":["post-462","page","type-page","status-publish","hentry"],"_links":{"self":[{"href":"https:\/\/padmaling.org\/newpadmaling\/index.php?rest_route=\/wp\/v2\/pages\/462","targetHints":{"allow":["GET"]}}],"collection":[{"href":"https:\/\/padmaling.org\/newpadmaling\/index.php?rest_route=\/wp\/v2\/pages"}],"about":[{"href":"https:\/\/padmaling.org\/newpadmaling\/index.php?rest_route=\/wp\/v2\/types\/page"}],"author":[{"embeddable":true,"href":"https:\/\/padmaling.org\/newpadmaling\/index.php?rest_route=\/wp\/v2\/users\/1"}],"replies":[{"embeddable":true,"href":"https:\/\/padmaling.org\/newpadmaling\/index.php?rest_route=%2Fwp%2Fv2%2Fcomments&post=462"}],"version-history":[{"count":4,"href":"https:\/\/padmaling.org\/newpadmaling\/index.php?rest_route=\/wp\/v2\/pages\/462\/revisions"}],"predecessor-version":[{"id":1931,"href":"https:\/\/padmaling.org\/newpadmaling\/index.php?rest_route=\/wp\/v2\/pages\/462\/revisions\/1931"}],"wp:attachment":[{"href":"https:\/\/padmaling.org\/newpadmaling\/index.php?rest_route=%2Fwp%2Fv2%2Fmedia&parent=462"}],"curies":[{"name":"wp","href":"https:\/\/api.w.org\/{rel}","templated":true}]}}