{"id":347,"date":"2014-02-21T19:19:20","date_gmt":"2014-02-21T18:19:20","guid":{"rendered":"http:\/\/padmaling.org\/wordpress\/?page_id=347"},"modified":"2014-02-21T19:19:20","modified_gmt":"2014-02-21T18:19:20","slug":"padma","status":"publish","type":"page","link":"https:\/\/padmaling.org\/newpadmaling\/?page_id=347","title":{"rendered":"Padma Ling"},"content":{"rendered":"<h1><a title=\"Asociaci\u00f3n\" href=\"https:\/\/padmaling.org\/padmaling\/?page_id=200\">Nuestra asociaci\u00f3n<\/a><\/h1>\n<h1><a title=\"Casa de retiros\" href=\"https:\/\/padmaling.org\/padmaling\/?page_id=98\">Casa de retiros<\/a><\/h1>\n<h1><a href=\"https:\/\/padmaling.org\/padmaling\/?page_id=769\">Suscripci\u00f3n<\/a><\/h1>\n<h1><a title=\"Links de inter\u00e9s\" href=\"https:\/\/padmaling.org\/padmaling\/?page_id=207\">Links de inter\u00e9s<\/a><\/h1>\n","protected":false},"excerpt":{"rendered":"<p>Nuestra asociaci\u00f3n Casa de retiros Suscripci\u00f3n Links de inter\u00e9s<\/p>\n<p> <a class=\"continue-reading-link\" href=\"https:\/\/padmaling.org\/newpadmaling\/?page_id=347\"><span>Cotinuar leyendo<\/span><i class=\"crycon-right-dir\"><\/i><\/a> <\/p>\n","protected":false},"author":1,"featured_media":0,"parent":0,"menu_order":2,"comment_status":"closed","ping_status":"closed","template":"page-templates\/full-width.php","meta":{"footnotes":""},"class_list":["post-347","page","type-page","status-publish","hentry"],"_links":{"self":[{"href":"https:\/\/padmaling.org\/newpadmaling\/index.php?rest_route=\/wp\/v2\/pages\/347","targetHints":{"allow":["GET"]}}],"collection":[{"href":"https:\/\/padmaling.org\/newpadmaling\/index.php?rest_route=\/wp\/v2\/pages"}],"about":[{"href":"https:\/\/padmaling.org\/newpadmaling\/index.php?rest_route=\/wp\/v2\/types\/page"}],"author":[{"embeddable":true,"href":"https:\/\/padmaling.org\/newpadmaling\/index.php?rest_route=\/wp\/v2\/users\/1"}],"replies":[{"embeddable":true,"href":"https:\/\/padmaling.org\/newpadmaling\/index.php?rest_route=%2Fwp%2Fv2%2Fcomments&post=347"}],"version-history":[{"count":0,"href":"https:\/\/padmaling.org\/newpadmaling\/index.php?rest_route=\/wp\/v2\/pages\/347\/revisions"}],"wp:attachment":[{"href":"https:\/\/padmaling.org\/newpadmaling\/index.php?rest_route=%2Fwp%2Fv2%2Fmedia&parent=347"}],"curies":[{"name":"wp","href":"https:\/\/api.w.org\/{rel}","templated":true}]}}