{"id":276,"date":"2014-02-20T20:46:14","date_gmt":"2014-02-20T19:46:14","guid":{"rendered":"http:\/\/padmaling.org\/wordpress\/?page_id=276"},"modified":"2026-04-05T12:58:52","modified_gmt":"2026-04-05T12:58:52","slug":"dungsey-lhuntrul-dechen-gyurme-rinpoche","status":"publish","type":"page","link":"https:\/\/padmaling.org\/newpadmaling\/?page_id=276","title":{"rendered":"Dungsey Lhuntrul Dechen Gyurme Rinpoche"},"content":{"rendered":"<div class=\"wp-block-image\">\n<figure class=\"aligncenter size-full is-resized\"><img loading=\"lazy\" decoding=\"async\" width=\"505\" height=\"415\" src=\"https:\/\/padmaling.org\/newpadmaling\/wp-content\/uploads\/2026\/04\/1_LTR.jpg\" alt=\"\" class=\"wp-image-1908\" style=\"width:443px;height:auto\" srcset=\"https:\/\/padmaling.org\/newpadmaling\/wp-content\/uploads\/2026\/04\/1_LTR.jpg 505w, https:\/\/padmaling.org\/newpadmaling\/wp-content\/uploads\/2026\/04\/1_LTR-300x247.jpg 300w, https:\/\/padmaling.org\/newpadmaling\/wp-content\/uploads\/2026\/04\/1_LTR-150x123.jpg 150w\" sizes=\"auto, (max-width: 505px) 100vw, 505px\" \/><\/figure>\n<\/div>\n\n\n<p>Naci\u00f3, seg\u00fan estableci\u00f3 la profec\u00eda de Guru Rinpoche, en 1976 como hijo de Namkha Drimed Rabjam Rinpoche y de Sangyum Chime Drolkar. Fue reconocido como la reencarnaci\u00f3n de Jigme Tempay Gyeltsen, el Tercer Tamdrin Lhunpo Chogtrul. Tras este reconocimiento fue entronizado en el monasterio Namdroling de Mysore entre un oc\u00e9ano de lamas, <em>tulkus<\/em> y monjes, presididos por Kyabje Drupwang Penor Rinpoche, quien le otorg\u00f3 el nombre de Gyurme Thegchog Shedrub Tenpay Gyeltsen.<br><\/p>\n\n\n\n<p>En la universidad Ngagyur \u00d1ingma de Mysore complet\u00f3 el estudio y contemplaci\u00f3n del <em>Sutra<\/em> y del <em>Tantra<\/em>, adem\u00e1s de varios cursos de artes liberales, culminando el programa completo de nueve a\u00f1os. Como un recipiente rebosante, recibi\u00f3 de Kyabje Dilgo Kyentse Rinpoche, Kalu Rinpoche y Kyabje Penor Rinpoche una corriente sagrada de iniciaciones, transmisiones e instrucciones de los textos sagrados, consistentes principalmente en el Gran Precioso Tesoro de Termas (Rinchen Terz\u00f6). De su padre, Su Eminencia Namkha Drimed Rabjam Rinpoche, recibi\u00f3 abundantes bendiciones, ense\u00f1anzas y profundas instrucciones de pr\u00e1ctica que consolidaron su comprensi\u00f3n y realizaci\u00f3n.<\/p>\n\n\n<div class=\"wp-block-image\">\n<figure class=\"aligncenter size-full is-resized\"><img loading=\"lazy\" decoding=\"async\" width=\"501\" height=\"427\" src=\"https:\/\/padmaling.org\/newpadmaling\/wp-content\/uploads\/2026\/04\/2_LTR.jpg\" alt=\"\" class=\"wp-image-1909\" style=\"width:409px;height:auto\" srcset=\"https:\/\/padmaling.org\/newpadmaling\/wp-content\/uploads\/2026\/04\/2_LTR.jpg 501w, https:\/\/padmaling.org\/newpadmaling\/wp-content\/uploads\/2026\/04\/2_LTR-300x256.jpg 300w, https:\/\/padmaling.org\/newpadmaling\/wp-content\/uploads\/2026\/04\/2_LTR-150x128.jpg 150w, https:\/\/padmaling.org\/newpadmaling\/wp-content\/uploads\/2026\/04\/2_LTR-366x311.jpg 366w\" sizes=\"auto, (max-width: 501px) 100vw, 501px\" \/><\/figure>\n<\/div>\n\n\n<p>Es el sostenedor del linaje Ripa del budismo <em>Vajrayana<\/em> y abad del monasterio Rigon Tashi Choeling en Nepal. La compasi\u00f3n y humildad de Rinpoche tocan profundamente los corazones de sus estudiantes en todo el mundo. Su vida encarna la uni\u00f3n perfecta entre la erudici\u00f3n y la realizaci\u00f3n meditativa, y su ejemplo inspira a quienes lo conocen a cultivar la sabidur\u00eda, la bondad y la devoci\u00f3n.<\/p>\n\n\n<div class=\"wp-block-image\">\n<figure class=\"aligncenter size-full is-resized\"><img loading=\"lazy\" decoding=\"async\" width=\"528\" height=\"800\" src=\"https:\/\/padmaling.org\/newpadmaling\/wp-content\/uploads\/2014\/02\/Lhuntrul-.jpg\" alt=\"\" class=\"wp-image-763\" style=\"width:308px;height:auto\" srcset=\"https:\/\/padmaling.org\/newpadmaling\/wp-content\/uploads\/2014\/02\/Lhuntrul-.jpg 528w, https:\/\/padmaling.org\/newpadmaling\/wp-content\/uploads\/2014\/02\/Lhuntrul--198x300.jpg 198w, https:\/\/padmaling.org\/newpadmaling\/wp-content\/uploads\/2014\/02\/Lhuntrul--99x150.jpg 99w\" sizes=\"auto, (max-width: 528px) 100vw, 528px\" \/><\/figure>\n<\/div>\n\n\n<p>En el marco de su reconocimiento, fue entronizado en el monasterio Namdroling de Mysore, en medio de un oc\u00e9ano de lamas, tulkus y monjes, bajo la presidencia de Kyabje Drupwang Penor Rinpoche, quien le otorg\u00f3 el nombre de Gyurme Thegchog Shedrub Tenpay Gyaltsen. En el Ngagyur Nyingma College de Mysore complet\u00f3 el estudio y la contemplaci\u00f3n de los <em>Sutras<\/em>, los <em>Tantras<\/em> y diversas materias de artes liberales, culminando el programa completo de nueve a\u00f1os. A la manera de un recipiente colmado hasta desbordar, recibi\u00f3 de Kyabje Dilgo Kyentse Rinpoche, Kalu Rinpoche y Kyabje Penor Rinpoche una corriente sagrada de iniciaciones, transmisiones de las escrituras e instrucciones, que consist\u00edan principalmente en el Gran Precioso Tesoro de Termas (Rinchen Terz\u00f6).<\/p>\n\n\n<div class=\"wp-block-image\">\n<figure class=\"aligncenter size-full is-resized\"><img loading=\"lazy\" decoding=\"async\" width=\"491\" height=\"644\" src=\"https:\/\/padmaling.org\/newpadmaling\/wp-content\/uploads\/2026\/04\/4_LTR.jpg\" alt=\"\" class=\"wp-image-1910\" style=\"width:278px;height:auto\" srcset=\"https:\/\/padmaling.org\/newpadmaling\/wp-content\/uploads\/2026\/04\/4_LTR.jpg 491w, https:\/\/padmaling.org\/newpadmaling\/wp-content\/uploads\/2026\/04\/4_LTR-229x300.jpg 229w, https:\/\/padmaling.org\/newpadmaling\/wp-content\/uploads\/2026\/04\/4_LTR-114x150.jpg 114w\" sizes=\"auto, (max-width: 491px) 100vw, 491px\" \/><\/figure>\n<\/div>\n\n\n<p>Es ampliamente reconocido por el poder ben\u00e9fico de su presencia ritual en los numerosos ritos de realizaci\u00f3n y de ofrecimiento que se celebran anualmente en Rigon Thupten Mindroling, por la influencia ben\u00e9fica de su maestr\u00eda en los rituales dedicados al bienestar de los miembros de las comunidades del asentamiento, y tambi\u00e9n por el poder beneficioso de sus bendiciones en favor de los enfermos. Actualmente contin\u00faa expandiendo sus acciones virtuosas en los \u00e1mbitos de la ense\u00f1anza, la pr\u00e1ctica y las actividades espirituales, inspirando con su ejemplo de humildad, compasi\u00f3n y devoci\u00f3n al Dharma.<\/p>\n\n\n\n<figure class=\"wp-block-gallery has-nested-images columns-default is-cropped wp-block-gallery-1 is-layout-flex wp-block-gallery-is-layout-flex\">\n<figure class=\"wp-block-image size-large\"><img loading=\"lazy\" decoding=\"async\" width=\"547\" height=\"480\" data-id=\"1911\" src=\"https:\/\/padmaling.org\/newpadmaling\/wp-content\/uploads\/2026\/04\/5_LTR.jpg\" alt=\"\" class=\"wp-image-1911\" srcset=\"https:\/\/padmaling.org\/newpadmaling\/wp-content\/uploads\/2026\/04\/5_LTR.jpg 547w, https:\/\/padmaling.org\/newpadmaling\/wp-content\/uploads\/2026\/04\/5_LTR-300x263.jpg 300w, https:\/\/padmaling.org\/newpadmaling\/wp-content\/uploads\/2026\/04\/5_LTR-150x132.jpg 150w\" sizes=\"auto, (max-width: 547px) 100vw, 547px\" \/><\/figure>\n\n\n\n<figure class=\"wp-block-image size-large\"><img loading=\"lazy\" decoding=\"async\" width=\"687\" height=\"936\" data-id=\"1912\" src=\"https:\/\/padmaling.org\/newpadmaling\/wp-content\/uploads\/2026\/04\/6_LTR.jpg\" alt=\"\" class=\"wp-image-1912\" srcset=\"https:\/\/padmaling.org\/newpadmaling\/wp-content\/uploads\/2026\/04\/6_LTR.jpg 687w, https:\/\/padmaling.org\/newpadmaling\/wp-content\/uploads\/2026\/04\/6_LTR-220x300.jpg 220w, https:\/\/padmaling.org\/newpadmaling\/wp-content\/uploads\/2026\/04\/6_LTR-110x150.jpg 110w\" sizes=\"auto, (max-width: 687px) 100vw, 687px\" \/><\/figure>\n\n\n\n<figure class=\"wp-block-image size-large\"><img loading=\"lazy\" decoding=\"async\" width=\"660\" height=\"971\" data-id=\"1913\" src=\"https:\/\/padmaling.org\/newpadmaling\/wp-content\/uploads\/2026\/04\/7_LTR.jpg\" alt=\"\" class=\"wp-image-1913\" srcset=\"https:\/\/padmaling.org\/newpadmaling\/wp-content\/uploads\/2026\/04\/7_LTR.jpg 660w, https:\/\/padmaling.org\/newpadmaling\/wp-content\/uploads\/2026\/04\/7_LTR-204x300.jpg 204w, https:\/\/padmaling.org\/newpadmaling\/wp-content\/uploads\/2026\/04\/7_LTR-102x150.jpg 102w\" sizes=\"auto, (max-width: 660px) 100vw, 660px\" \/><\/figure>\n<\/figure>\n\n\n\n<div style=\"height:32px\" aria-hidden=\"true\" class=\"wp-block-spacer\"><\/div>\n\n\n<div class=\"wp-block-image\">\n<figure class=\"aligncenter size-full is-resized\"><img loading=\"lazy\" decoding=\"async\" width=\"640\" height=\"472\" src=\"https:\/\/padmaling.org\/newpadmaling\/wp-content\/uploads\/2026\/04\/8_LTR.jpg\" alt=\"\" class=\"wp-image-1914\" style=\"width:365px;height:auto\" srcset=\"https:\/\/padmaling.org\/newpadmaling\/wp-content\/uploads\/2026\/04\/8_LTR.jpg 640w, https:\/\/padmaling.org\/newpadmaling\/wp-content\/uploads\/2026\/04\/8_LTR-300x221.jpg 300w, https:\/\/padmaling.org\/newpadmaling\/wp-content\/uploads\/2026\/04\/8_LTR-150x111.jpg 150w\" sizes=\"auto, (max-width: 640px) 100vw, 640px\" \/><\/figure>\n<\/div>","protected":false},"excerpt":{"rendered":"<p>Naci\u00f3, seg\u00fan estableci\u00f3 la profec\u00eda de Guru Rinpoche, en 1976 como hijo de Namkha Drimed Rabjam Rinpoche y de Sangyum Chime Drolkar. Fue reconocido como la reencarnaci\u00f3n de Jigme Tempay Gyeltsen, el Tercer Tamdrin Lhunpo Chogtrul. Tras este reconocimiento fue entronizado en el monasterio Namdroling de Mysore entre un oc\u00e9ano&#8230;<\/p>\n<p> <a class=\"continue-reading-link\" href=\"https:\/\/padmaling.org\/newpadmaling\/?page_id=276\"><span>Cotinuar leyendo<\/span><i class=\"crycon-right-dir\"><\/i><\/a> <\/p>\n","protected":false},"author":1,"featured_media":0,"parent":0,"menu_order":2,"comment_status":"closed","ping_status":"closed","template":"page-templates\/full-width.php","meta":{"footnotes":""},"class_list":["post-276","page","type-page","status-publish","hentry"],"_links":{"self":[{"href":"https:\/\/padmaling.org\/newpadmaling\/index.php?rest_route=\/wp\/v2\/pages\/276","targetHints":{"allow":["GET"]}}],"collection":[{"href":"https:\/\/padmaling.org\/newpadmaling\/index.php?rest_route=\/wp\/v2\/pages"}],"about":[{"href":"https:\/\/padmaling.org\/newpadmaling\/index.php?rest_route=\/wp\/v2\/types\/page"}],"author":[{"embeddable":true,"href":"https:\/\/padmaling.org\/newpadmaling\/index.php?rest_route=\/wp\/v2\/users\/1"}],"replies":[{"embeddable":true,"href":"https:\/\/padmaling.org\/newpadmaling\/index.php?rest_route=%2Fwp%2Fv2%2Fcomments&post=276"}],"version-history":[{"count":11,"href":"https:\/\/padmaling.org\/newpadmaling\/index.php?rest_route=\/wp\/v2\/pages\/276\/revisions"}],"predecessor-version":[{"id":1927,"href":"https:\/\/padmaling.org\/newpadmaling\/index.php?rest_route=\/wp\/v2\/pages\/276\/revisions\/1927"}],"wp:attachment":[{"href":"https:\/\/padmaling.org\/newpadmaling\/index.php?rest_route=%2Fwp%2Fv2%2Fmedia&parent=276"}],"curies":[{"name":"wp","href":"https:\/\/api.w.org\/{rel}","templated":true}]}}