{"id":207,"date":"2014-02-08T10:58:39","date_gmt":"2014-02-08T09:58:39","guid":{"rendered":"http:\/\/padmaling.org\/wordpress\/?page_id=207"},"modified":"2025-09-15T15:42:15","modified_gmt":"2025-09-15T15:42:15","slug":"links-de-interes","status":"publish","type":"page","link":"https:\/\/padmaling.org\/newpadmaling\/?page_id=207","title":{"rendered":"Links de inter\u00e9s"},"content":{"rendered":"<p style=\"text-align: center;\"><b>Otras webs de inter\u00e9s<\/b><\/p>\n<p><b>Relacionados con Padma Ling<\/b><\/p>\n<p><a href=\"http:\/\/www.ripa-international.com\" target=\"_blank\" rel=\"noopener noreferrer\">Ripa Internacional <\/a><\/p>\n<p><a href=\"http:\/\/www.ripaladrang.org\" target=\"_blank\" rel=\"noopener noreferrer\">Ripa Ladrang<\/a><\/p>\n<p><a href=\"https:\/\/www.shabdaedicions.com\/\">Shabda edicions<\/a><\/p>\n<p><b>Federaci\u00f3n budista<\/b><\/p>\n<p><a href=\"http:\/\/www.federacionbudista.es\/\" target=\"_blank\" rel=\"noopener noreferrer\">www.federacionbudista.es<\/a><\/p>\n<table border=\"1\" width=\"70%\" cellspacing=\"2\" cellpadding=\"2\" align=\"center\">\n<tbody>\n<tr>\n<td valign=\"top\"><b>Centros Budistas en Espa\u00f1a<\/b><\/td>\n<\/tr>\n<tr>\n<td valign=\"top\">\n<blockquote>\n<p><a href=\"https:\/\/www.shambhala.es\" target=\"_blank\" rel=\"noopener noreferrer\"> Shambhala Espa\u00f1a<\/a><\/p>\n<\/blockquote>\n<\/td>\n<\/tr>\n<tr>\n<td valign=\"top\">\n<blockquote>\n<p><a href=\"https:\/\/www.paramita.org\" target=\"_blank\" rel=\"noopener noreferrer\"> Sakya Trinzin Espa\u00f1a<\/a><\/p>\n<\/blockquote>\n<\/td>\n<\/tr>\n<tr>\n<td valign=\"top\">\n<blockquote>\n<p><a href=\"http:\/\/www.casadeltibetbcn.org\/principal.html\" target=\"_blank\" rel=\"noopener noreferrer\"> Casa del T\u00edbet en Barcelona<\/a><\/p>\n<\/blockquote>\n<\/td>\n<\/tr>\n<tr>\n<td valign=\"top\">\n<blockquote>\n<p><a href=\"https:\/\/www.dskpanillo.org\" target=\"_blank\" rel=\"noopener noreferrer\"> Monasterio Dag Shang Kagyu en Graus (Huesca)<\/a><\/p>\n<\/blockquote>\n<\/td>\n<\/tr>\n<tr>\n<td valign=\"top\">\n<blockquote>\n<p><a href=\"http:\/\/www.samye.es\" target=\"_blank\" rel=\"noopener noreferrer\"> Centros Samye Dzong Barcelona y Manresa <\/a><\/p>\n<\/blockquote>\n<\/td>\n<\/tr>\n<tr>\n<td valign=\"top\">\n<blockquote>\n<p><a href=\"https:\/\/www.rigpameditacion.org\" target=\"_blank\" rel=\"noopener noreferrer\"> Rigpa Espa\u00f1a<\/a><\/p>\n<\/blockquote>\n<\/td>\n<\/tr>\n<tr>\n<td valign=\"top\">\n<blockquote>\n<p><a href=\"http:\/\/www.centrobudistatara.com\/\" target=\"_blank\" rel=\"noopener noreferrer\"> Centro Budista Tara<\/a><\/p>\n<\/blockquote>\n<\/td>\n<\/tr>\n<tr>\n<td valign=\"top\">\n<blockquote>\n<p><a href=\"http:\/\/www.nagarjunabcn.org\" target=\"_blank\" rel=\"noopener noreferrer\"> Centro Nagarjuna de Barcelona<\/a><\/p>\n<\/blockquote>\n<\/td>\n<\/tr>\n<tr>\n<td valign=\"top\">\n<blockquote>\n<p>&nbsp;<\/p>\n<\/blockquote>\n<\/td>\n<\/tr>\n<\/tbody>\n<\/table>\n<table border=\"1\" width=\"70%\" cellspacing=\"2\" cellpadding=\"2\" align=\"center\">\n<tbody>\n<tr>\n<td valign=\"top\"><b>Centros Budistas en el mundo<\/b><\/td>\n<\/tr>\n<tr>\n<td valign=\"top\">\n<blockquote>\n<p><a href=\"http:\/\/www.drukpa.org.uk\" target=\"_blank\" rel=\"noopener noreferrer\">The 12th Gyalwang Drukpa <\/a><\/p>\n<\/blockquote>\n<\/td>\n<\/tr>\n<tr>\n<td valign=\"top\">\n<blockquote>\n<p><a href=\"http:\/\/www.bodhicharya.org\/\" target=\"_blank\" rel=\"noopener noreferrer\"> Ringu Tulku Rinpoche<\/a><\/p>\n<\/blockquote>\n<\/td>\n<\/tr>\n<tr>\n<td valign=\"top\">\n<blockquote>\n<p><a href=\"http:\/\/www.melong.com\/\" target=\"_blank\" rel=\"noopener noreferrer\"> The Mirror<\/a> is the international newspaper of the Dzogchen Community of Choegyal Namkhai Norbu.<\/p>\n<\/blockquote>\n<\/td>\n<\/tr>\n<tr>\n<td valign=\"top\">\n<blockquote>\n<p><a href=\"http:\/\/www.plumvillage.org\/\" target=\"_blank\" rel=\"noopener noreferrer\"> Centro Plumvillage en Francia<\/a><\/p>\n<\/blockquote>\n<\/td>\n<\/tr>\n<tr>\n<td valign=\"top\">\n<blockquote>\n<p><a href=\"https:\/\/www.songtsen.org\" target=\"_blank\" rel=\"noopener noreferrer\"> Centro Chanteloube en Francia<\/a><\/p>\n<\/blockquote>\n<\/td>\n<\/tr>\n<tr>\n<td valign=\"top\">\n<blockquote>\n<p><a href=\"https:\/\/www.khandrorinpoche.org\" target=\"_blank\" rel=\"noopener noreferrer\"> Venerable Khandro Rinpoche <\/a><\/p>\n<\/blockquote>\n<\/td>\n<\/tr>\n<tr>\n<td valign=\"top\">\n<blockquote>\n<p><a href=\"https:\/\/www.samyeling.org\" target=\"_blank\" rel=\"noopener noreferrer\"> Kagyu Samye Ling <\/a><\/p>\n<\/blockquote>\n<\/td>\n<\/tr>\n<tr>\n<td valign=\"top\">\n<blockquote>\n<p><a href=\"https:\/\/www.rokpa.org\" target=\"_blank\" rel=\"noopener noreferrer\"> Fundaci\u00f3n Rokpa <\/a><\/p>\n<\/blockquote>\n<\/td>\n<\/tr>\n<\/tbody>\n<\/table>\n<table border=\"1\" width=\"70%\" cellspacing=\"2\" cellpadding=\"2\" align=\"center\">\n<tbody>\n<tr>\n<td valign=\"top\"><b>webs de enlaces de budismo<\/b><\/td>\n<\/tr>\n<tr>\n<td valign=\"top\">\n<blockquote>\n<p><a href=\"http:\/\/www.budismotibetano.net\" target=\"_blank\" rel=\"noopener noreferrer\"> budismotibetano.net<\/a><\/p>\n<\/blockquote>\n<\/td>\n<\/tr>\n<\/tbody>\n<\/table>\n<table border=\"1\" width=\"70%\" cellspacing=\"2\" cellpadding=\"2\" align=\"center\">\n<tbody>\n<tr>\n<td valign=\"top\"><b>Libros y revistas<\/b><\/td>\n<\/tr>\n<tr>\n<td>\n<blockquote>\n<p><a href=\"http:\/\/www.edicionesdharma.com\" target=\"_blank\" rel=\"noopener noreferrer\"> Ediciones Dharma<\/a><\/p>\n<\/blockquote>\n<\/td>\n<\/tr>\n<tr>\n<td>\n<blockquote>\n<p><a href=\"http:\/\/www.ediciones-amara.net\/\" target=\"_blank\" rel=\"noopener noreferrer\">Ediciones Amara<\/a><\/p>\n<\/blockquote>\n<\/td>\n<\/tr>\n<tr>\n<td>\n<blockquote>\n<p><a href=\"http:\/\/www.wisdompubs.org\/\" target=\"_blank\" rel=\"noopener noreferrer\"> Wisdom Publications<\/a><\/p>\n<\/blockquote>\n<\/td>\n<\/tr>\n<tr>\n<td>\n<blockquote>\n<p><a href=\"http:\/\/www.tricycle.com\/\" target=\"_blank\" rel=\"noopener noreferrer\"> tricycle.com<\/a><\/p>\n<\/blockquote>\n<\/td>\n<\/tr>\n<tr>\n<td>\n<blockquote>\n<p><a href=\"https:\/\/www.shambhala.com\/\" target=\"_blank\" rel=\"noopener noreferrer\"> Snow Lion Publications<\/a><\/p>\n<\/blockquote>\n<\/td>\n<\/tr>\n<tr>\n<td>\n<blockquote>\n<p><a href=\"http:\/\/www.padmakara.com\/\" target=\"_blank\" rel=\"noopener noreferrer\"> Ediciones Padmakara<\/a><\/p>\n<\/blockquote>\n<\/td>\n<\/tr>\n<\/tbody>\n<\/table>\n\n\n<p><\/p>\n","protected":false},"excerpt":{"rendered":"<p>Otras webs de inter\u00e9s Relacionados con Padma Ling Ripa Internacional Ripa Ladrang Shabda edicions Federaci\u00f3n budista www.federacionbudista.es Centros Budistas en Espa\u00f1a Shambhala Espa\u00f1a Sakya Trinzin Espa\u00f1a Casa del T\u00edbet en Barcelona Monasterio Dag Shang Kagyu en Graus (Huesca) Centros Samye Dzong Barcelona y Manresa Rigpa Espa\u00f1a Centro Budista Tara Centro&#8230;<\/p>\n<p> <a class=\"continue-reading-link\" href=\"https:\/\/padmaling.org\/newpadmaling\/?page_id=207\"><span>Cotinuar leyendo<\/span><i class=\"crycon-right-dir\"><\/i><\/a> <\/p>\n","protected":false},"author":1,"featured_media":0,"parent":347,"menu_order":0,"comment_status":"closed","ping_status":"closed","template":"page-templates\/full-width.php","meta":{"footnotes":""},"class_list":["post-207","page","type-page","status-publish","hentry"],"_links":{"self":[{"href":"https:\/\/padmaling.org\/newpadmaling\/index.php?rest_route=\/wp\/v2\/pages\/207","targetHints":{"allow":["GET"]}}],"collection":[{"href":"https:\/\/padmaling.org\/newpadmaling\/index.php?rest_route=\/wp\/v2\/pages"}],"about":[{"href":"https:\/\/padmaling.org\/newpadmaling\/index.php?rest_route=\/wp\/v2\/types\/page"}],"author":[{"embeddable":true,"href":"https:\/\/padmaling.org\/newpadmaling\/index.php?rest_route=\/wp\/v2\/users\/1"}],"replies":[{"embeddable":true,"href":"https:\/\/padmaling.org\/newpadmaling\/index.php?rest_route=%2Fwp%2Fv2%2Fcomments&post=207"}],"version-history":[{"count":1,"href":"https:\/\/padmaling.org\/newpadmaling\/index.php?rest_route=\/wp\/v2\/pages\/207\/revisions"}],"predecessor-version":[{"id":1545,"href":"https:\/\/padmaling.org\/newpadmaling\/index.php?rest_route=\/wp\/v2\/pages\/207\/revisions\/1545"}],"up":[{"embeddable":true,"href":"https:\/\/padmaling.org\/newpadmaling\/index.php?rest_route=\/wp\/v2\/pages\/347"}],"wp:attachment":[{"href":"https:\/\/padmaling.org\/newpadmaling\/index.php?rest_route=%2Fwp%2Fv2%2Fmedia&parent=207"}],"curies":[{"name":"wp","href":"https:\/\/api.w.org\/{rel}","templated":true}]}}