{"id":200,"date":"2014-02-08T10:57:47","date_gmt":"2014-02-08T09:57:47","guid":{"rendered":"http:\/\/padmaling.org\/wordpress\/?page_id=200"},"modified":"2026-04-14T17:10:04","modified_gmt":"2026-04-14T17:10:04","slug":"asociacion","status":"publish","type":"page","link":"https:\/\/padmaling.org\/newpadmaling\/?page_id=200","title":{"rendered":"Asociaci\u00f3n-Socios"},"content":{"rendered":"\n<p class=\"has-text-align-center has-text-color has-link-color wp-elements-c47fdd500255f165c513ab2110bbca45\" style=\"color:#800000\"><strong>Direcci\u00f3n espiritual de Dungsey Gyetrul Jigme Rinpoche<\/strong><\/p>\n\n\n\n<figure class=\"wp-block-image size-large\"><img loading=\"lazy\" decoding=\"async\" width=\"1024\" height=\"595\" src=\"https:\/\/padmaling.org\/newpadmaling\/wp-content\/uploads\/2026\/04\/Banderas-1024x595.png\" alt=\"\" class=\"wp-image-1947\" srcset=\"https:\/\/padmaling.org\/newpadmaling\/wp-content\/uploads\/2026\/04\/Banderas-1024x595.png 1024w, https:\/\/padmaling.org\/newpadmaling\/wp-content\/uploads\/2026\/04\/Banderas-300x174.png 300w, https:\/\/padmaling.org\/newpadmaling\/wp-content\/uploads\/2026\/04\/Banderas-768x446.png 768w, https:\/\/padmaling.org\/newpadmaling\/wp-content\/uploads\/2026\/04\/Banderas-150x87.png 150w, https:\/\/padmaling.org\/newpadmaling\/wp-content\/uploads\/2026\/04\/Banderas.png 1211w\" sizes=\"auto, (max-width: 1024px) 100vw, 1024px\" \/><\/figure>\n\n\n\n<p class=\"has-text-align-center has-text-color has-link-color wp-elements-a6016cafa5c217fe9118e6b734fa0610\" style=\"color:#800000\"><strong>ASOCIACI\u00d3N<\/strong><\/p>\n\n\n\n<p>La asociaci\u00f3n Padma Ling fue fundada por Dungsey Gyetrul Jigme Rinpoche en 1997 para proporcionar a sus estudiantes una plataforma que les permita acceder a sus ense\u00f1anzas, as\u00ed como la formaci\u00f3n coherente, continuada y progresiva de la pr\u00e1ctica espiritual, organizando retiros, cursos, conferencias, etc. en distintos pa\u00edses europeos. La inauguraci\u00f3n en Espa\u00f1a tuvo lugar en Barcelona el 23 de noviembre de 2001.<\/p>\n\n\n\n<p>Las ense\u00f1anzas se imparten en ingl\u00e9s y son traducidas al castellano y, si es necesario, a otros idiomas.<\/p>\n\n\n\n<p>Otro objetivo importante de la Asociaci\u00f3n es el de sostener las tareas humanitarias que Rinpoche lleva a cabo en los campos de refugiados tibetanos en torno al Monasterio de Orissa.<\/p>\n\n\n\n<p>Padma Ling est\u00e1 presente con nuestro lama residente en Zaragoza.<\/p>\n\n\n\n<p class=\"has-text-align-center has-text-color has-link-color wp-elements-9f444b5bf79b3113274064e91d15cfcb\" style=\"color:#800000\"><strong>HAZTE SOCIO DE PADMA LING<\/strong><\/p>\n\n\n\n<p>Se puede colaborar de diversas maneras con la asociaci\u00f3n: en los grupos de trabajo, organizaci\u00f3n de eventos, grupos de pr\u00e1ctica y tambi\u00e9n econ\u00f3micamente.<\/p>\n\n\n\n<p>El hacerse socio es una forma de estar en conexi\u00f3n con nuestros Maestros, con el linaje, de estar informado a nivel de la pr\u00e1ctica, visitas de los maestros, etc. \u00a1Cualquier colaboraci\u00f3n ser\u00e1 bienvenida!<\/p>\n\n\n\n<p>Si quieres ser socio cumplimenta la hoja de inscripci\u00f3n y env\u00edala a: \u00a0<a href=\"mailto:informacion@padmaling.org\" target=\"_blank\" rel=\"noopener noreferrer\">informacion@padmaling.org<\/a><\/p>\n\n\n\n<p><a href=\"https:\/\/padmaling.org\/padmaling\/wp-content\/uploads\/2025\/03\/SOCIO-PADMA-LING-FICHA-2025.pdf\">SOCIO PADMA LING FICHA 2025&nbsp;<\/a> (formato pdf)<\/p>\n\n\n\n<p><a href=\"https:\/\/padmaling.org\/newpadmaling\/wp-content\/uploads\/2025\/03\/SOCIO-PADMA-LING-FICHA-2025.odt\">SOCIO PADMA LING FICHA 2025 <\/a>(formato odt)<\/p>\n\n\n\n<p class=\"has-text-align-center has-text-color has-link-color wp-elements-c50a4ac0cce3213aaf1a2c5feafd0ada\" style=\"color:#800000\"><strong>Explicaci\u00f3n del logo de Padma Ling<\/strong><\/p>\n\n\n<div class=\"wp-block-image\">\n<figure class=\"aligncenter size-full is-resized\"><img loading=\"lazy\" decoding=\"async\" width=\"230\" height=\"219\" src=\"https:\/\/padmaling.org\/newpadmaling\/wp-content\/uploads\/2026\/04\/LogoPadmaLing.jpg\" alt=\"\" class=\"wp-image-1950\" style=\"width:121px;height:auto\" srcset=\"https:\/\/padmaling.org\/newpadmaling\/wp-content\/uploads\/2026\/04\/LogoPadmaLing.jpg 230w, https:\/\/padmaling.org\/newpadmaling\/wp-content\/uploads\/2026\/04\/LogoPadmaLing-150x143.jpg 150w\" sizes=\"auto, (max-width: 230px) 100vw, 230px\" \/><\/figure>\n<\/div>\n\n\n<p>El logo se compone de un loto donde los estambres forman un disco azul que simboliza el Dharmakaya, sobre el cual la letra tibetana Ri representa el linaje Ripa.<\/p>\n\n\n\n<p><a><\/a> <strong>Padma<\/strong>(Pema en tibetano) es la palabra s\u00e1nscrita que designa la flor de loto, s\u00edmbolo de frescor y pureza, y hace referencia a Padmasambhava, o Guru Rinpoche, fundador del Vajrayana en el T\u00edbet, origen de la escuela \u00d1ingma.<br>Padma&nbsp;tambi\u00e9n hace alusi\u00f3n al gran Tert\u00f6n Pema Lingpa,anterior reencarnaci\u00f3n de nuestro Maestro Gyetrul Jigme Rinpoche.<\/p>\n\n\n\n<p><strong>Ling<\/strong>, palabra s\u00e1nscrita que designa jard\u00edn, significa aqu\u00ed el centro o sede para las actividades espirituales.<\/p>\n","protected":false},"excerpt":{"rendered":"<p>Direcci\u00f3n espiritual de Dungsey Gyetrul Jigme Rinpoche ASOCIACI\u00d3N La asociaci\u00f3n Padma Ling fue fundada por Dungsey Gyetrul Jigme Rinpoche en 1997 para proporcionar a sus estudiantes una plataforma que les permita acceder a sus ense\u00f1anzas, as\u00ed como la formaci\u00f3n coherente, continuada y progresiva de la pr\u00e1ctica espiritual, organizando retiros, cursos,&#8230;<\/p>\n<p> <a class=\"continue-reading-link\" href=\"https:\/\/padmaling.org\/newpadmaling\/?page_id=200\"><span>Cotinuar leyendo<\/span><i class=\"crycon-right-dir\"><\/i><\/a> <\/p>\n","protected":false},"author":1,"featured_media":0,"parent":347,"menu_order":0,"comment_status":"closed","ping_status":"closed","template":"","meta":{"footnotes":""},"class_list":["post-200","page","type-page","status-publish","hentry"],"_links":{"self":[{"href":"https:\/\/padmaling.org\/newpadmaling\/index.php?rest_route=\/wp\/v2\/pages\/200","targetHints":{"allow":["GET"]}}],"collection":[{"href":"https:\/\/padmaling.org\/newpadmaling\/index.php?rest_route=\/wp\/v2\/pages"}],"about":[{"href":"https:\/\/padmaling.org\/newpadmaling\/index.php?rest_route=\/wp\/v2\/types\/page"}],"author":[{"embeddable":true,"href":"https:\/\/padmaling.org\/newpadmaling\/index.php?rest_route=\/wp\/v2\/users\/1"}],"replies":[{"embeddable":true,"href":"https:\/\/padmaling.org\/newpadmaling\/index.php?rest_route=%2Fwp%2Fv2%2Fcomments&post=200"}],"version-history":[{"count":13,"href":"https:\/\/padmaling.org\/newpadmaling\/index.php?rest_route=\/wp\/v2\/pages\/200\/revisions"}],"predecessor-version":[{"id":1958,"href":"https:\/\/padmaling.org\/newpadmaling\/index.php?rest_route=\/wp\/v2\/pages\/200\/revisions\/1958"}],"up":[{"embeddable":true,"href":"https:\/\/padmaling.org\/newpadmaling\/index.php?rest_route=\/wp\/v2\/pages\/347"}],"wp:attachment":[{"href":"https:\/\/padmaling.org\/newpadmaling\/index.php?rest_route=%2Fwp%2Fv2%2Fmedia&parent=200"}],"curies":[{"name":"wp","href":"https:\/\/api.w.org\/{rel}","templated":true}]}}