{"id":1803,"date":"2026-02-19T18:38:05","date_gmt":"2026-02-19T18:38:05","guid":{"rendered":"https:\/\/padmaling.org\/newpadmaling\/?page_id=1803"},"modified":"2026-03-10T10:40:38","modified_gmt":"2026-03-10T10:40:38","slug":"prueba-posts","status":"publish","type":"page","link":"https:\/\/padmaling.org\/newpadmaling\/?page_id=1803","title":{"rendered":"Actividades en Espa\u00f1a"},"content":{"rendered":"\n<div class=\"wp-block-columns is-layout-flex wp-container-core-columns-is-layout-9d6595d7 wp-block-columns-is-layout-flex\">\n<div class=\"wp-block-column is-layout-flow wp-block-column-is-layout-flow\" style=\"flex-basis:100%\"><ul class=\"wp-block-latest-posts__list wp-block-latest-posts\"><li><a class=\"wp-block-latest-posts__post-title\" href=\"https:\/\/padmaling.org\/newpadmaling\/?p=1786\">Dungsey Lhuntrul Dechen Rinpoche en Zaragoza &#8211; Junio 2026<\/a><div class=\"wp-block-latest-posts__post-excerpt\">Tenemos confirmaci\u00f3n de la gira europea de nuestro querido Maestro Dungsey Lhuntrul Dechen Rinpoche. En su gira visitar\u00e1 el RIC y varios pa\u00edses.&nbsp; Las fechas para visitar Espa\u00f1a ser\u00e1n los d\u00edas 6 y 7 de junio, afortunadamente este a\u00f1o coinciden con fin de semana .&nbsp; El tema ser\u00e1 \u00bbLo Jong: El entrenamiento de la mente y el cultivo de la bondad\u00bb.<p> <a class=\"continue-reading-link\" href=\"https:\/\/padmaling.org\/newpadmaling\/?p=1786\"><span>Cotinuar leyendo<\/span><i class=\"crycon-right-dir\"><\/i><\/a> <\/p><\/div><\/li>\n<li><a class=\"wp-block-latest-posts__post-title\" href=\"https:\/\/padmaling.org\/newpadmaling\/?p=1670\">Ense\u00f1anzas del Buda de la Medicina &#8211; Zaragoza 21-23 de noviembre<\/a><div class=\"wp-block-latest-posts__post-excerpt\"><p> <a class=\"continue-reading-link\" href=\"https:\/\/padmaling.org\/newpadmaling\/?p=1670\"><span>Cotinuar leyendo<\/span><i class=\"crycon-right-dir\"><\/i><\/a> <\/p><\/div><\/li>\n<\/ul><\/div>\n<\/div>\n\n\n\n<div class=\"wp-block-columns is-layout-flex wp-container-core-columns-is-layout-9d6595d7 wp-block-columns-is-layout-flex\">\n<div class=\"wp-block-column is-layout-flow wp-block-column-is-layout-flow\" style=\"flex-basis:100%\"><\/div>\n<\/div>\n\n\n\n<div class=\"wp-block-group\"><div class=\"wp-block-group__inner-container is-layout-constrained wp-block-group-is-layout-constrained\">\n<div class=\"wp-block-columns is-layout-flex wp-container-core-columns-is-layout-9d6595d7 wp-block-columns-is-layout-flex\">\n<div class=\"wp-block-column is-layout-flow wp-block-column-is-layout-flow\" style=\"flex-basis:100%\"><\/div>\n<\/div>\n<\/div><\/div>\n\n\n\n<p><\/p>\n","protected":false},"excerpt":{"rendered":"<p> <a class=\"continue-reading-link\" href=\"https:\/\/padmaling.org\/newpadmaling\/?page_id=1803\"><span>Cotinuar leyendo<\/span><i class=\"crycon-right-dir\"><\/i><\/a> <\/p>\n","protected":false},"author":1,"featured_media":0,"parent":0,"menu_order":0,"comment_status":"closed","ping_status":"closed","template":"","meta":{"footnotes":""},"class_list":["post-1803","page","type-page","status-publish","hentry"],"_links":{"self":[{"href":"https:\/\/padmaling.org\/newpadmaling\/index.php?rest_route=\/wp\/v2\/pages\/1803","targetHints":{"allow":["GET"]}}],"collection":[{"href":"https:\/\/padmaling.org\/newpadmaling\/index.php?rest_route=\/wp\/v2\/pages"}],"about":[{"href":"https:\/\/padmaling.org\/newpadmaling\/index.php?rest_route=\/wp\/v2\/types\/page"}],"author":[{"embeddable":true,"href":"https:\/\/padmaling.org\/newpadmaling\/index.php?rest_route=\/wp\/v2\/users\/1"}],"replies":[{"embeddable":true,"href":"https:\/\/padmaling.org\/newpadmaling\/index.php?rest_route=%2Fwp%2Fv2%2Fcomments&post=1803"}],"version-history":[{"count":13,"href":"https:\/\/padmaling.org\/newpadmaling\/index.php?rest_route=\/wp\/v2\/pages\/1803\/revisions"}],"predecessor-version":[{"id":1817,"href":"https:\/\/padmaling.org\/newpadmaling\/index.php?rest_route=\/wp\/v2\/pages\/1803\/revisions\/1817"}],"wp:attachment":[{"href":"https:\/\/padmaling.org\/newpadmaling\/index.php?rest_route=%2Fwp%2Fv2%2Fmedia&parent=1803"}],"curies":[{"name":"wp","href":"https:\/\/api.w.org\/{rel}","templated":true}]}}