{"id":1746,"date":"2025-11-09T10:01:15","date_gmt":"2025-11-09T10:01:15","guid":{"rendered":"https:\/\/padmaling.org\/newpadmaling\/?page_id=1746"},"modified":"2026-04-04T17:07:25","modified_gmt":"2026-04-04T17:07:25","slug":"namkha-drimed-rabjam-rinpoche","status":"publish","type":"page","link":"https:\/\/padmaling.org\/newpadmaling\/?page_id=1746","title":{"rendered":"S. E. Namkha Drimed Rabjam Rinpoche"},"content":{"rendered":"<div class=\"wp-block-image\">\n<figure class=\"alignleft size-full is-resized\"><img loading=\"lazy\" decoding=\"async\" width=\"840\" height=\"840\" src=\"https:\/\/padmaling.org\/newpadmaling\/wp-content\/uploads\/2025\/11\/1_SE.jpg\" alt=\"\" class=\"wp-image-1748\" style=\"width:346px;height:auto\" srcset=\"https:\/\/padmaling.org\/newpadmaling\/wp-content\/uploads\/2025\/11\/1_SE.jpg 840w, https:\/\/padmaling.org\/newpadmaling\/wp-content\/uploads\/2025\/11\/1_SE-300x300.jpg 300w, https:\/\/padmaling.org\/newpadmaling\/wp-content\/uploads\/2025\/11\/1_SE-150x150.jpg 150w, https:\/\/padmaling.org\/newpadmaling\/wp-content\/uploads\/2025\/11\/1_SE-768x768.jpg 768w\" sizes=\"auto, (max-width: 840px) 100vw, 840px\" \/><\/figure>\n<\/div>\n\n\n<p> Su Eminencia Namkha Drimed Rabjam Rinpoche, el IV Representante del linaje Ripa, es el m\u00e1ximo portador de esta gloriosa tradici\u00f3n dentro del budismo <em>\u00d1ingma Vajrayana<\/em>, as\u00ed como un <em>Tert\u00f6n<\/em> vivo. El linaje Ripa hunde sus ra\u00edces en el supremo maestro y Representante Glorioso Ripa Pema Deje Rolpa, dirigente tanto del linaje familiar como del linaje del Dharma del venerable monasterio Rigon Tashi Choeling.<\/p>\n\n\n\n<p><br>Las pr\u00e1cticas del linaje Ripa se sustentan en el vasto ciclo de ense\u00f1anzas reveladas (Terma) del Taksham Samten Lingpa, que incluyen las instrucciones m\u00e1s profundas y el relato m\u00e1s completo de la vida de Yeshe Tsogyal. Cabe se\u00f1alar que estas ense\u00f1anzas Taksham se remontan a una \u00e9poca anterior a la de Pema Deje Rolpa y constituyen un ciclo \u00d1ingma originado en Yeshe Tsogyal y en su consorte principal Arya Sale. Rinpoche es tambi\u00e9n el revelador del ciclo completo de ense\u00f1anzas sobre la vida de Gesar de Ling, el rey guerrero iluminado del T\u00edbet, cuyas epopeyas resplandecen con la esencia misma de la iluminaci\u00f3n activa.<\/p>\n\n\n\n<p>Tal como lo anunciar\u00e1 la profec\u00eda Troma de Terchen Traktung Dujum Lingpa (el primer Dudjom Rinpoche): \u201cLa emanaci\u00f3n del glorioso Taksham Dorje, con el nombre de Rab, un yogui t\u00e1ntrico, recibir\u00e1 y revelar\u00e1 profundas ense\u00f1anzas Terma de la Esencia Secreta\u201d. Su Eminencia Namkha Drimed Rabjam Rinpoche manifest\u00f3 su nacimiento en 1939, durante el 16\u00ba Rabjung, en el a\u00f1o del Conejo de Tierra, el d\u00eda d\u00e9cimo del duod\u00e9cimo mes, bajo signos milagrosos. Hijo de Ripa Jigme Tsewang Chokdrup (el tercer sostenedor del linaje Ripa) y de Mayum Palden Tsomo, nieta de Drubwang Shakya Shri, fue reconocido por el hijo y heredero espiritual de Drubwang Shakya Shri, Dungsey Phakchok Dorje, como la reencarnaci\u00f3n del gran maestro y santo visionario Tert\u00f6n Yongey Mingyur Dorje (1628\/41\u20131708). Este le confiri\u00f3 la iniciaci\u00f3n de larga vida Candali y le otorg\u00f3 el nombre de Namkha Drimed Rabjam.<\/p>\n\n\n<div class=\"wp-block-image\">\n<figure class=\"alignright size-full is-resized\"><img loading=\"lazy\" decoding=\"async\" width=\"634\" height=\"960\" src=\"https:\/\/padmaling.org\/newpadmaling\/wp-content\/uploads\/2025\/11\/2_S.E.jpg\" alt=\"\" class=\"wp-image-1749\" style=\"width:295px;height:auto\" srcset=\"https:\/\/padmaling.org\/newpadmaling\/wp-content\/uploads\/2025\/11\/2_S.E.jpg 634w, https:\/\/padmaling.org\/newpadmaling\/wp-content\/uploads\/2025\/11\/2_S.E-198x300.jpg 198w, https:\/\/padmaling.org\/newpadmaling\/wp-content\/uploads\/2025\/11\/2_S.E-99x150.jpg 99w\" sizes=\"auto, (max-width: 634px) 100vw, 634px\" \/><\/figure>\n<\/div>\n\n\n<p>A los trece a\u00f1os, Rinpoche tuvo una visi\u00f3n directa de Guru Rinpoche, quien le concedi\u00f3 la Iniciaci\u00f3n del Despliegue de la Consciencia y el nombre secreto Dorje Ziji Tsal. En virtud de esta visi\u00f3n, fue reconocido como regente del Guru y comenz\u00f3 a revelar preciosos tesoros de mente del Despliegue de la Consciencia. En repetidas ocasiones tuvo visiones de Gesar de Ling y, siendo la reencarnaci\u00f3n de su hermano mayor Gesar Gyatsa Shalkar, record\u00f3 su vida anterior con total claridad.<\/p>\n\n\n\n<div style=\"height:18px\" aria-hidden=\"true\" class=\"wp-block-spacer\"><\/div>\n\n\n<div class=\"wp-block-image\">\n<figure class=\"alignleft size-full is-resized\"><img loading=\"lazy\" decoding=\"async\" width=\"720\" height=\"907\" src=\"https:\/\/padmaling.org\/newpadmaling\/wp-content\/uploads\/2025\/11\/3_SE.jpg\" alt=\"\" class=\"wp-image-1750\" style=\"width:333px;height:auto\" srcset=\"https:\/\/padmaling.org\/newpadmaling\/wp-content\/uploads\/2025\/11\/3_SE.jpg 720w, https:\/\/padmaling.org\/newpadmaling\/wp-content\/uploads\/2025\/11\/3_SE-238x300.jpg 238w, https:\/\/padmaling.org\/newpadmaling\/wp-content\/uploads\/2025\/11\/3_SE-119x150.jpg 119w\" sizes=\"auto, (max-width: 720px) 100vw, 720px\" \/><\/figure>\n<\/div>\n\n\n<p>Desde su juventud, sirvi\u00f3 y estudi\u00f3 con muchos grandes maestros, entre ellos su propio padre, el yogui de la Clara Luz de la Gran Perfecci\u00f3n Jigme Chojung Lingpa; el sexto Taksham Tulku Karma Tenzin Sangngak Dorje; Baha Lama Tashi y otros maestros eminentes. Practic\u00f3 el ciclo de ense\u00f1anzas Taksham en su totalidad y, en particular, la pr\u00e1ctica m\u00e1s extensa del Lama Norbu (Guru Sadhana). Emprendi\u00f3 los ejercicios y\u00f3guicos de canales y vientos, y continu\u00f3 con las profundas pr\u00e1cticas de Trekch\u00f6 y T\u00f6gyal, a trav\u00e9s de las cuales perfeccion\u00f3 las Cuatro Visiones. Chatral Rinpoche ofreci\u00f3 estas palabras de alabanza: \u201cSu visi\u00f3n es como el cielo (Namkha), m\u00e1s all\u00e1 del l\u00edmite de palabras y expresiones. Su meditaci\u00f3n es la pureza (Drimed) del estado de Rigpa\u2026 Su conducta es liberada de forma espont\u00e1nea de los m\u00faltiples (Rabjam) pensamientos enga\u00f1osos. El resultado ha sido alcanzado con confianza en esta vida. \u00a1Cu\u00e1n asombroso!\u201d<\/p>\n\n\n\n<p>De los grandes mahasiddhas y maestros contempor\u00e1neos Kyabj\u00e9 D\u00fcdjom Rinpoche y Kyabj\u00e9 Dilgo Khyentse Rinpoche recibi\u00f3 las iniciaciones, instrucciones y transmisiones le\u00eddas (lungs) de los ciclos Kama y Terma, en particular del Precioso Tesoro de Termas. Tambi\u00e9n recibi\u00f3 el Rinchen Terdzo en su totalidad de manos del Vidyadhara Ch\u00f6gyam Trungpa Rinpoche.<\/p>\n\n\n\n<p>Conforme a las antiguas profec\u00edas que predec\u00edan las adversas circunstancias del T\u00edbet, en 1958 Su Eminencia, acompa\u00f1ado por su s\u00e9quito de asistentes y disc\u00edpulos y escoltado por los protectores del Dharma, viaj\u00f3 a salvo a trav\u00e9s de la tierra oculta de Pemak\u00f6, estableci\u00e9ndose finalmente en el asentamiento tibetano Phuntsok Ling, en Orissa, India. Con el prop\u00f3sito de preservar la tradici\u00f3n del linaje Ripa y las profundas ense\u00f1anzas de los tesoros (Termas) del gran Tert\u00f6n Taksham Nuden Dorje, y junto a su hermano mayor Drubwang Adzin Rinpoche, fund\u00f3 en la d\u00e9cada de 1970 un templo para el beneficio de la sangha y para restaurar la rica herencia espiritual del T\u00edbet en el exilio. El nuevo templo fue inaugurado amablemente por Su Santidad el Dalai Lama y recibi\u00f3 el nombre de Rigon Thubten Mindrolling. Actualmente, unos doscientos monjes y varios cientos de practicantes laicos residen all\u00ed, continuando la sagrada tradici\u00f3n.<\/p>\n\n\n\n<p>Rinpoche ha realizado numerosos rituales en los asentamientos tibetanos, principalmente en Orissa, as\u00ed como en la cueva de Maratika en Nepal y en diversas regiones de Occidente, para eliminar obst\u00e1culos y aplacar calamidades como enfermedades, hambrunas, guerras y desastres naturales derivados de los cuatro elementos. Posee dominio sobre los dioses locales, nagas y deidades guardianas de los lugares, y mediante sus rituales de pacificaci\u00f3n disipa las negatividades, infundiendo alegr\u00eda y paz a las comunidades.<\/p>\n\n\n\n<p>En cuanto a sus Termas de la mente, en La Historia de la Llave Secreta, Padmasambhava anunci\u00f3: \u201cEn este tiempo turbulento y degenerado, yo, el Guru nacido del Loto, promulgar\u00e9 para el beneficio de las generaciones futuras varias pr\u00e1cticas (sadhanas) adecuadas a los tiempos, con la intenci\u00f3n de pacificar, enriquecer, magnetizar y destruir, especialmente ritos airados para detener las armadas en la frontera.\u201d De acuerdo con la tradici\u00f3n de Gesar, el Domador heroico de las fuerzas negativas, Rinpoche recibi\u00f3 y revel\u00f3 tesoros de la mente en la tierra oculta de Pemak\u00f6, en Orissa, en Darjeeling y en Paro Taksang, entre ellos las ense\u00f1anzas del Ciclo del Precioso Tesoro de las Tres Familias. Ha recibido tesoros que abarcan los aspectos completos de Gesar como manifestaci\u00f3n de las Tres Ra\u00edces y de las Cuatro Actividades combinadas, as\u00ed como revelaciones de Phurba, Yeshe Tsogyal, Dorje Dr\u00f6lo, la pr\u00e1ctica del Coraz\u00f3n del Guru, Dzogchen y otras. Hasta el presente, ha revelado ocho vol\u00famenes Terma.<\/p>\n\n\n<div class=\"wp-block-image\">\n<figure class=\"alignleft size-large is-resized\"><img loading=\"lazy\" decoding=\"async\" width=\"715\" height=\"1024\" src=\"https:\/\/padmaling.org\/newpadmaling\/wp-content\/uploads\/2025\/11\/4_SE_Trono-715x1024.jpg\" alt=\"\" class=\"wp-image-1751\" style=\"width:281px;height:auto\" srcset=\"https:\/\/padmaling.org\/newpadmaling\/wp-content\/uploads\/2025\/11\/4_SE_Trono-715x1024.jpg 715w, https:\/\/padmaling.org\/newpadmaling\/wp-content\/uploads\/2025\/11\/4_SE_Trono-210x300.jpg 210w, https:\/\/padmaling.org\/newpadmaling\/wp-content\/uploads\/2025\/11\/4_SE_Trono-768x1100.jpg 768w, https:\/\/padmaling.org\/newpadmaling\/wp-content\/uploads\/2025\/11\/4_SE_Trono-105x150.jpg 105w, https:\/\/padmaling.org\/newpadmaling\/wp-content\/uploads\/2025\/11\/4_SE_Trono.jpg 894w\" sizes=\"auto, (max-width: 715px) 100vw, 715px\" \/><\/figure>\n<\/div>\n\n\n<p>Kyabj\u00e9 Dilgo Khyentse Rinpoche escribi\u00f3 sobre \u00c9l: \u201cA trav\u00e9s de la iluminada intenci\u00f3n del Heruka Pema Gyalpo (Guru Rinpoche) y mediante el poder de aspiraci\u00f3n de Dorje Ziji Tsal, El Gran Le\u00f3n (Gesar), del Tesoro de la Joya de las Tres Familias, pueda traer beneficio y felicidad a las ense\u00f1anzas y a los seres en este tiempo degenerado.\u201d Y \u00d1oshul Khen Rinpoche Jamyang Dorje a\u00f1adi\u00f3 en el colof\u00f3n a la S\u00faplica al Gran Tert\u00f6n: \u201cCon ocasi\u00f3n de recibir la iniciaci\u00f3n de maduraci\u00f3n y la instrucci\u00f3n liberadora del Dharma profundo de la Quintaesencia del Guru Pema, el profundo tesoro de la mente revelado por el Tert\u00f6n Namkha Drimed Rabjam Rinpoche, suplico con gran fe que pacifique todo da\u00f1o que pueda llegar a los seres en este turbulento tiempo degenerado y extienda la actividad del profundo Dharma hasta los confines del espacio.\u201d<\/p>\n\n\n\n<p>Todos estos maestros realizados y grandes seres, habiendo reconocido la autenticidad y profundidad de las ense\u00f1anzas Terma, elogiaron a Namkha Rinpoche con palabra aut\u00e9ntica y fe inconmovible. En numerosos lugares abri\u00f3 las puertas del gran y profundo Dharma. Fund\u00f3 la Fundaci\u00f3n Ripa Ladrang en los Estados Unidos y, movido por el deseo de beneficiar a los seres, estableci\u00f3 el monasterio Rigon Tashi Choeling y la residencia de la Sangha en Yangleshod (Pharping), Nepal. Siguiendo la tradici\u00f3n de los grandes monasterios tibetanos con sus ramificaciones menores, Rinpoche edific\u00f3 este centro para garantizar la continuidad de las iniciaciones y de las instrucciones esenciales de la gloriosa tradici\u00f3n Ripa.<\/p>\n\n\n\n<p>Como sublime maestro encarnado, entre los m\u00e1s elevados maestros de sabidur\u00eda, Su Eminencia Namkha Drimed Rabjam Rinpoche confiere continuamente iniciaciones que maduran, ense\u00f1anzas que liberan y consejos espirituales a los innumerables seres que necesitan ser guiados. Su constante esfuerzo por proteger y preservar el Buddhadharma se manifiesta a trav\u00e9s de su compasi\u00f3n y de sus proyectos dedicados a las comunidades de refugiados tibetanos, as\u00ed como en la construcci\u00f3n de los monasterios Ripa en India, T\u00edbet y Nepal. Sus incesantes actividades iluminadas garantizan una lluvia de bienestar y felicidad, tanto temporal como \u00faltima, que se expande por vastos reinos, estableciendo a los seres en el estado de liberaci\u00f3n.<\/p>\n\n\n\n<p>Su Eminencia Namkha Drimed Rabjam Rinpoche es un maestro brillante, un practicante consumado y un portador de las profundas ense\u00f1anzas de los tesoros ocultos (Terma), profundamente arraigado en el linaje de la pr\u00e1ctica y la realizaci\u00f3n. Venerado por disc\u00edpulos de todo el mundo por su sabidur\u00eda suprema, su realizaci\u00f3n y el poder de sus pr\u00e1cticas de sanaci\u00f3n, adivinaci\u00f3n y pacificaci\u00f3n de obst\u00e1culos, contin\u00faa expandiendo su actividad iluminada con ecuanimidad y benevolencia, asegurando que su vida permanezca, firme e inmutable, en el espacio indestructible de la naturaleza del vajra de las siete puntas.<\/p>\n\n\n<div class=\"wp-block-image\">\n<figure class=\"aligncenter size-large is-resized\"><img loading=\"lazy\" decoding=\"async\" width=\"679\" height=\"1024\" src=\"https:\/\/padmaling.org\/newpadmaling\/wp-content\/uploads\/2025\/11\/5_SE-e1762683287964-679x1024.png\" alt=\"\" class=\"wp-image-1754\" style=\"width:271px;height:auto\" srcset=\"https:\/\/padmaling.org\/newpadmaling\/wp-content\/uploads\/2025\/11\/5_SE-e1762683287964-679x1024.png 679w, https:\/\/padmaling.org\/newpadmaling\/wp-content\/uploads\/2025\/11\/5_SE-e1762683287964-199x300.png 199w, https:\/\/padmaling.org\/newpadmaling\/wp-content\/uploads\/2025\/11\/5_SE-e1762683287964-99x150.png 99w, https:\/\/padmaling.org\/newpadmaling\/wp-content\/uploads\/2025\/11\/5_SE-e1762683287964.png 720w\" sizes=\"auto, (max-width: 679px) 100vw, 679px\" \/><\/figure>\n<\/div>\n\n\n<p class=\"has-text-color has-link-color wp-elements-2daa29aa69c7c7f87d2ec1cc9d8413d7\" style=\"color:#800000\"><em><strong>\u00a1Su Visi\u00f3n es como el cielo (Namkha),<\/strong><br>m\u00e1s all\u00e1 de los l\u00edmites de palabras y expresiones!<br>Su Meditaci\u00f3n es la Pureza (Drimed)<br>del estado de Rigpa.<br>Su Conducta es liberada de manera espont\u00e1nea<br>de los m\u00faltiples (Rabjam) pensamientos enga\u00f1osos.<br>El Resultado ha sido plenamente alcanzado<br>con confianza en esta misma vida!<\/em><\/p>\n\n\n\n<p class=\"has-text-color has-link-color wp-elements-3475f9a304327e9dc6a9d6f20957f3e9\" style=\"color:#800000\"><em>\u00a1Cu\u00e1n asombroso!<\/em><\/p>\n\n\n\n<p><\/p>\n","protected":false},"excerpt":{"rendered":"<p>Su Eminencia Namkha Drimed Rabjam Rinpoche, el IV Representante del linaje Ripa, es el m\u00e1ximo portador de esta gloriosa tradici\u00f3n dentro del budismo \u00d1ingma Vajrayana, as\u00ed como un Tert\u00f6n vivo. El linaje Ripa hunde sus ra\u00edces en el supremo maestro y Representante Glorioso Ripa Pema Deje Rolpa, dirigente tanto del&#8230;<\/p>\n<p> <a class=\"continue-reading-link\" href=\"https:\/\/padmaling.org\/newpadmaling\/?page_id=1746\"><span>Cotinuar leyendo<\/span><i class=\"crycon-right-dir\"><\/i><\/a> <\/p>\n","protected":false},"author":1,"featured_media":0,"parent":0,"menu_order":0,"comment_status":"closed","ping_status":"closed","template":"","meta":{"footnotes":""},"class_list":["post-1746","page","type-page","status-publish","hentry"],"_links":{"self":[{"href":"https:\/\/padmaling.org\/newpadmaling\/index.php?rest_route=\/wp\/v2\/pages\/1746","targetHints":{"allow":["GET"]}}],"collection":[{"href":"https:\/\/padmaling.org\/newpadmaling\/index.php?rest_route=\/wp\/v2\/pages"}],"about":[{"href":"https:\/\/padmaling.org\/newpadmaling\/index.php?rest_route=\/wp\/v2\/types\/page"}],"author":[{"embeddable":true,"href":"https:\/\/padmaling.org\/newpadmaling\/index.php?rest_route=\/wp\/v2\/users\/1"}],"replies":[{"embeddable":true,"href":"https:\/\/padmaling.org\/newpadmaling\/index.php?rest_route=%2Fwp%2Fv2%2Fcomments&post=1746"}],"version-history":[{"count":17,"href":"https:\/\/padmaling.org\/newpadmaling\/index.php?rest_route=\/wp\/v2\/pages\/1746\/revisions"}],"predecessor-version":[{"id":1903,"href":"https:\/\/padmaling.org\/newpadmaling\/index.php?rest_route=\/wp\/v2\/pages\/1746\/revisions\/1903"}],"wp:attachment":[{"href":"https:\/\/padmaling.org\/newpadmaling\/index.php?rest_route=%2Fwp%2Fv2%2Fmedia&parent=1746"}],"curies":[{"name":"wp","href":"https:\/\/api.w.org\/{rel}","templated":true}]}}