{"id":1673,"date":"2025-11-03T10:13:01","date_gmt":"2025-11-03T10:13:01","guid":{"rendered":"https:\/\/padmaling.org\/newpadmaling\/?page_id=1673"},"modified":"2026-03-28T17:22:19","modified_gmt":"2026-03-28T17:22:19","slug":"historia-del-linaje-2","status":"publish","type":"page","link":"https:\/\/padmaling.org\/newpadmaling\/?page_id=1673","title":{"rendered":"Historia del Linaje"},"content":{"rendered":"<div class=\"wp-block-image\">\n<figure class=\"alignleft size-large is-resized\"><img loading=\"lazy\" decoding=\"async\" width=\"740\" height=\"1024\" src=\"https:\/\/padmaling.org\/newpadmaling\/wp-content\/uploads\/2025\/11\/01_Padmasambhaba-740x1024.jpg\" alt=\"\" class=\"wp-image-1675\" style=\"width:314px;height:auto\" srcset=\"https:\/\/padmaling.org\/newpadmaling\/wp-content\/uploads\/2025\/11\/01_Padmasambhaba-740x1024.jpg 740w, https:\/\/padmaling.org\/newpadmaling\/wp-content\/uploads\/2025\/11\/01_Padmasambhaba-217x300.jpg 217w, https:\/\/padmaling.org\/newpadmaling\/wp-content\/uploads\/2025\/11\/01_Padmasambhaba-768x1062.jpg 768w, https:\/\/padmaling.org\/newpadmaling\/wp-content\/uploads\/2025\/11\/01_Padmasambhaba-1110x1536.jpg 1110w, https:\/\/padmaling.org\/newpadmaling\/wp-content\/uploads\/2025\/11\/01_Padmasambhaba-108x150.jpg 108w, https:\/\/padmaling.org\/newpadmaling\/wp-content\/uploads\/2025\/11\/01_Padmasambhaba.jpg 1127w\" sizes=\"auto, (max-width: 740px) 100vw, 740px\" \/><figcaption class=\"wp-element-caption\">Padmasambhaba<\/figcaption><\/figure>\n<\/div>\n\n\n<p>En el vasto paisaje espiritual del T\u00edbet, el linaje Ripa floreci\u00f3 como una corriente de profunda sabidur\u00eda y compasi\u00f3n. La palabra Ripa significa \u201caquel que habita en las monta\u00f1as\u201d, un consumado meditador que vive recluido en retiros permanentes. <em>Ri<\/em> quiere decir monta\u00f1a o \u00e1rea solitaria, y <em>Pa<\/em> designa a quien viste un h\u00e1bito blanco, el yogui. As\u00ed, el linaje Ripa representa la tradici\u00f3n asc\u00e9tica de los yoguis de los linajes \u00d1ingma y Kagyu, tal como se practicaba en las monta\u00f1as tibetanas.<\/p>\n\n\n\n<p>La l\u00ednea familiar Ripa se inici\u00f3 en el siglo XII con el practicante de Dharma Senge Wangchuk, fundador del linaje, como linaje hereditario de la tradici\u00f3n Barom Kagyu, una de las cuatro principales escuelas Kagyupa. Con el paso del tiempo, el linaje adquiri\u00f3 un brillo a\u00fan mayor con el nacimiento del m\u00edstico t\u00e1ntrico Pema Deje Rolpa en el siglo XVII, hijo del <em>Tert\u00f6n<\/em> \u2014descubridor de tesoros escondidos\u2014 Rigzin Shiney Dorje y de Sangyum Kyimotso. Fue reconocido como la reencarnaci\u00f3n del gran maestro t\u00e1ntrico Ripa Pawo Tinley Dorje, y pas\u00f3 a\u00f1os siguiendo las huellas de su predecesor, viajando en solitario de un lugar sagrado a otro.<\/p>\n\n\n\n<div style=\"height:10px\" aria-hidden=\"true\" class=\"wp-block-spacer\"><\/div>\n\n\n<div class=\"wp-block-image\">\n<figure class=\"alignleft size-full is-resized\"><img loading=\"lazy\" decoding=\"async\" width=\"505\" height=\"758\" src=\"https:\/\/padmaling.org\/newpadmaling\/wp-content\/uploads\/2025\/11\/1_Pema-Deje-Rolpa.jpg\" alt=\"\" class=\"wp-image-1676\" style=\"width:321px;height:auto\" srcset=\"https:\/\/padmaling.org\/newpadmaling\/wp-content\/uploads\/2025\/11\/1_Pema-Deje-Rolpa.jpg 505w, https:\/\/padmaling.org\/newpadmaling\/wp-content\/uploads\/2025\/11\/1_Pema-Deje-Rolpa-200x300.jpg 200w, https:\/\/padmaling.org\/newpadmaling\/wp-content\/uploads\/2025\/11\/1_Pema-Deje-Rolpa-100x150.jpg 100w\" sizes=\"auto, (max-width: 505px) 100vw, 505px\" \/><figcaption class=\"wp-element-caption\">Pema Deje Rolpa<\/figcaption><\/figure>\n<\/div>\n\n\n<p>Numerosas realizaciones se despertaron en \u00e9l, y sus logros espirituales fueron ampliamente aclamados. Su fama creci\u00f3 hasta que se le conoci\u00f3 simplemente como el Lama Ripa: <em>Ri<\/em>, monta\u00f1a; <em>Pa<\/em>, habitante, es decir, el que habita en la soledad de las monta\u00f1as. Pema Deje Rolpa hizo de las monta\u00f1as salvajes sus compa\u00f1eras, y en su biograf\u00eda se dice que \u201cel aire era su alimento y las nubes su vestido\u201d. Libre de preocupaciones y consciente sin miedo, inspir\u00f3 y ayud\u00f3 a innumerables seres, compartiendo con ellos sus profundas experiencias espirituales.<\/p>\n\n\n\n<p>Guiado por una visi\u00f3n de Padmasambhava, Pema Deje Rolpa se dirigi\u00f3 hacia un valle situado al este del T\u00edbet, en la provincia de Kham, llamado Nyima Puk, el Valle del Sol. En aquel elevado lugar vio dragones \u2014s\u00edmbolos de poder, gracia y magia\u2014 elev\u00e1ndose en el cielo con rugidos poderosos. Bajo este signo auspicioso, fund\u00f3 Rigon Tashi Choeling, que se convirti\u00f3 en la sede principal del linaje Ripa en el T\u00edbet. El monasterio en Pharping, Nepal, lleva el mismo nombre, y la sede en Orissa, India, es Rigon Thubten Mindrolling.<\/p>\n\n\n\n<div style=\"height:17px\" aria-hidden=\"true\" class=\"wp-block-spacer\"><\/div>\n\n\n<div class=\"wp-block-image\">\n<figure class=\"alignleft size-full is-resized\"><img loading=\"lazy\" decoding=\"async\" width=\"614\" height=\"409\" src=\"https:\/\/padmaling.org\/newpadmaling\/wp-content\/uploads\/2025\/11\/2_Nyima-Puk-el-Valle-del-Sol-Tibet.jpg\" alt=\"\" class=\"wp-image-1677\" style=\"width:515px;height:auto\" srcset=\"https:\/\/padmaling.org\/newpadmaling\/wp-content\/uploads\/2025\/11\/2_Nyima-Puk-el-Valle-del-Sol-Tibet.jpg 614w, https:\/\/padmaling.org\/newpadmaling\/wp-content\/uploads\/2025\/11\/2_Nyima-Puk-el-Valle-del-Sol-Tibet-300x200.jpg 300w, https:\/\/padmaling.org\/newpadmaling\/wp-content\/uploads\/2025\/11\/2_Nyima-Puk-el-Valle-del-Sol-Tibet-150x100.jpg 150w\" sizes=\"auto, (max-width: 614px) 100vw, 614px\" \/><figcaption class=\"wp-element-caption\">Nyima Puk<\/figcaption><\/figure>\n<\/div>\n\n\n<p>Pema Deje Rolpa fue considerado la reencarnaci\u00f3n de Arya Tsale, consorte principal de Yeshe Tsogyal, y la emanaci\u00f3n de la palabra de Taksham Nuden Dorje, un <em>Tert\u00f6n<\/em> que revel\u00f3 profundos tesoros espirituales. Taksham Nuden Dorje fue muy prol\u00edfico: produjo veinte vol\u00famenes de descubrimientos e instrucciones <em>Terma<\/em>. Su linaje pone gran \u00e9nfasis en las pr\u00e1cticas de Hayagriva, la manifestaci\u00f3n airada del aspecto de la palabra de todos los Budas, y en las de Yeshe Tsogyal y Mandarava, las principales consortes de Padmasambhava.<\/p>\n\n\n\n<p>Las ense\u00f1anzas <em>Terma<\/em> de Taksham Nuden Dorje constituyen uno de los dos pilares centrales de la tradici\u00f3n Ripa. El otro pilar son las pr\u00e1cticas de Guesar de Ling, el rey guerrero bodhisattva del este del T\u00edbet, emanaci\u00f3n de Padmasambhava. Guesar restaur\u00f3 la cultura tibetana tras el per\u00edodo de oscuridad espiritual que sigui\u00f3 al reinado de Langdarma, el monarca que intent\u00f3 suprimir el Dharma en el siglo IX. Las pr\u00e1cticas, cantos, relatos y danzas de Guesar de Ling se mantienen vivas entre las comunidades laicas y mon\u00e1sticas, aportando fuerza e inspiraci\u00f3n en una era dominada por la prisa y el materialismo.<\/p>\n\n\n<div class=\"wp-block-image\">\n<figure class=\"alignleft size-large is-resized\"><img loading=\"lazy\" decoding=\"async\" width=\"768\" height=\"1024\" src=\"https:\/\/padmaling.org\/newpadmaling\/wp-content\/uploads\/2025\/11\/3_Gesar-768x1024.jpg\" alt=\"\" class=\"wp-image-1678\" style=\"width:335px;height:auto\" srcset=\"https:\/\/padmaling.org\/newpadmaling\/wp-content\/uploads\/2025\/11\/3_Gesar-768x1024.jpg 768w, https:\/\/padmaling.org\/newpadmaling\/wp-content\/uploads\/2025\/11\/3_Gesar-225x300.jpg 225w, https:\/\/padmaling.org\/newpadmaling\/wp-content\/uploads\/2025\/11\/3_Gesar-113x150.jpg 113w, https:\/\/padmaling.org\/newpadmaling\/wp-content\/uploads\/2025\/11\/3_Gesar.jpg 960w\" sizes=\"auto, (max-width: 768px) 100vw, 768px\" \/><figcaption class=\"wp-element-caption\">Guesar de Ling<\/figcaption><\/figure>\n<\/div>\n\n\n<p>Despu\u00e9s de a\u00f1os de pr\u00e1ctica en retiro solitario, Pema Deje Rolpa alcanz\u00f3 una realizaci\u00f3n extraordinaria. En 1830 fund\u00f3 oficialmente Rigon Tashi Choeling en \u00d1ima Puk o Cueva del Sol, en Do Kham, al este del T\u00edbet. Se considera que su fundaci\u00f3n fue una coincidencia auspiciosa para el beneficio de todos los seres, predicha por las Dakinis. All\u00ed residieron doscientos monjes y una gran comunidad laica. A la edad de setenta y ocho a\u00f1os, en 1880, el a\u00f1o del Drag\u00f3n de Hierro, mostr\u00f3 el acto de morir, dejando una estela de ofrendas y devoci\u00f3n entre sus disc\u00edpulos. De este gran maestro surgieron el linaje familiar Ripa Dunjud y el linaje de los Tulku Ripa.<\/p>\n\n\n\n<p>Su hijo, Drubwang Ngedon Gyatso (1844-1901), fue el segundo sostenedor del linaje Ripa. Hijo de Pema Deje Rolpa y de su consorte Samgyum Kartso, fue un poderoso meditador que imparti\u00f3 iniciaciones e instrucciones amplias. Durante su vida, el gobierno tibetano le honr\u00f3 con altos s\u00edmbolos de respeto, reconociendo su posici\u00f3n como gran lama. Seg\u00fan la profec\u00eda, tom\u00f3 por consorte a la hija de la familia Dorma de Doshul, y mientras difund\u00eda el Dharma, mostr\u00f3 el acto de disolver su cuerpo en el Dharmakaya en 1901.<\/p>\n\n\n\n<div style=\"height:13px\" aria-hidden=\"true\" class=\"wp-block-spacer\"><\/div>\n\n\n<div class=\"wp-block-image\">\n<figure class=\"alignleft size-full\"><img loading=\"lazy\" decoding=\"async\" width=\"200\" height=\"278\" src=\"https:\/\/padmaling.org\/newpadmaling\/wp-content\/uploads\/2025\/11\/4_Drubwang-Sakya-Shri.jpg\" alt=\"\" class=\"wp-image-1681\" srcset=\"https:\/\/padmaling.org\/newpadmaling\/wp-content\/uploads\/2025\/11\/4_Drubwang-Sakya-Shri.jpg 200w, https:\/\/padmaling.org\/newpadmaling\/wp-content\/uploads\/2025\/11\/4_Drubwang-Sakya-Shri-108x150.jpg 108w\" sizes=\"auto, (max-width: 200px) 100vw, 200px\" \/><figcaption class=\"wp-element-caption\">Drubwang Sakya Shri<\/figcaption><\/figure>\n<\/div>\n\n\n<p>El tercer sostenedor del linaje, Drubwang Jigme Tsewang Chokdrup (1891-1954), fue reconocido como una emanaci\u00f3n de Dorje Drolo, una de las manifestaciones airadas de Padmasambhava. Tom\u00f3 por consorte a Palden Tsomo, descendiente de Drubwang Shakya Shri, gran maestro de las tradiciones Drukpa Kagyu y \u00d1ingma, asegurando as\u00ed la uni\u00f3n del linaje familiar y del Dharma. Su compasi\u00f3n y poder de palabra fueron legendarios. A su muerte, el linaje continu\u00f3 a trav\u00e9s de su familia y disc\u00edpulos.<\/p>\n\n\n\n<div style=\"height:17px\" aria-hidden=\"true\" class=\"wp-block-spacer\"><\/div>\n\n\n<div class=\"wp-block-image\">\n<figure class=\"alignleft size-full is-resized\"><img loading=\"lazy\" decoding=\"async\" width=\"500\" height=\"700\" src=\"https:\/\/padmaling.org\/newpadmaling\/wp-content\/uploads\/2025\/11\/5-Anzin-Rinpoche.jpg\" alt=\"\" class=\"wp-image-1682\" style=\"width:279px;height:auto\" srcset=\"https:\/\/padmaling.org\/newpadmaling\/wp-content\/uploads\/2025\/11\/5-Anzin-Rinpoche.jpg 500w, https:\/\/padmaling.org\/newpadmaling\/wp-content\/uploads\/2025\/11\/5-Anzin-Rinpoche-214x300.jpg 214w, https:\/\/padmaling.org\/newpadmaling\/wp-content\/uploads\/2025\/11\/5-Anzin-Rinpoche-107x150.jpg 107w\" sizes=\"auto, (max-width: 500px) 100vw, 500px\" \/><figcaption class=\"wp-element-caption\">Drubwang Adzin Rinpoche<\/figcaption><\/figure>\n<\/div>\n\n\n<p>El cuarto sostenedor fue Drubwang Adzin Rinpoche (1933-1992), hermano mayor del actual detentor del linaje, Su Eminencia Namkha Drimed Rabjam Rinpoche. Reconocido por Dzongsar Kyentse Chokyi Lodro como la reencarnaci\u00f3n del tercer Tulku Ripa, recibi\u00f3 extensas ense\u00f1anzas e iniciaciones de grandes maestros como Dudjom Rinpoche y Dilgo Khyentse Rinpoche. Durante el exilio, trabaj\u00f3 junto a su hermano Namkha Drimed Rinpoche en la construcci\u00f3n del monasterio Rigon Thubten Mindrolling en Orissa, India, garantizando as\u00ed la continuidad del linaje. Sus disc\u00edpulos le veneraron profundamente, y al morir mostr\u00f3 signos de realizaci\u00f3n perfecta, con apariciones de arco\u00edris y reliquias luminosas.<\/p>\n\n\n\n<div style=\"height:16px\" aria-hidden=\"true\" class=\"wp-block-spacer\"><\/div>\n\n\n\n<figure class=\"wp-block-gallery has-nested-images columns-default is-cropped wp-block-gallery-1 is-layout-flex wp-block-gallery-is-layout-flex\">\n<figure class=\"wp-block-image size-large is-resized\"><img loading=\"lazy\" decoding=\"async\" width=\"961\" height=\"720\" data-id=\"1685\" src=\"https:\/\/padmaling.org\/newpadmaling\/wp-content\/uploads\/2025\/11\/8.jpg\" alt=\"\" class=\"wp-image-1685\" style=\"width:346px;height:auto\" srcset=\"https:\/\/padmaling.org\/newpadmaling\/wp-content\/uploads\/2025\/11\/8.jpg 961w, https:\/\/padmaling.org\/newpadmaling\/wp-content\/uploads\/2025\/11\/8-300x225.jpg 300w, https:\/\/padmaling.org\/newpadmaling\/wp-content\/uploads\/2025\/11\/8-768x575.jpg 768w, https:\/\/padmaling.org\/newpadmaling\/wp-content\/uploads\/2025\/11\/8-150x112.jpg 150w\" sizes=\"auto, (max-width: 961px) 100vw, 961px\" \/><\/figure>\n\n\n\n<figure class=\"wp-block-image size-large\"><img loading=\"lazy\" decoding=\"async\" width=\"259\" height=\"194\" data-id=\"1683\" src=\"https:\/\/padmaling.org\/newpadmaling\/wp-content\/uploads\/2025\/11\/7_Rigon-Thubten-Mindrolling.jpeg\" alt=\"\" class=\"wp-image-1683\" srcset=\"https:\/\/padmaling.org\/newpadmaling\/wp-content\/uploads\/2025\/11\/7_Rigon-Thubten-Mindrolling.jpeg 259w, https:\/\/padmaling.org\/newpadmaling\/wp-content\/uploads\/2025\/11\/7_Rigon-Thubten-Mindrolling-150x112.jpeg 150w\" sizes=\"auto, (max-width: 259px) 100vw, 259px\" \/><figcaption class=\"wp-element-caption\">Rigon Thubten Mindrolling<\/figcaption><\/figure>\n<\/figure>\n\n\n\n<div style=\"height:14px\" aria-hidden=\"true\" class=\"wp-block-spacer\"><\/div>\n\n\n\n<p>En el siglo XX, Jigme Tsewang Chokdrup, el quinto representante del linaje Ripa, cumpli\u00f3 una profec\u00eda de Padmasambhava al casarse con la yoguini Sangyum Palden Tsomo, nieta de Drubwang Shakya Shri. De su uni\u00f3n naci\u00f3 Su Eminencia Namkha Drimed Rabjam Rinpoche, actual detentor del linaje y <em>Tert\u00f6n<\/em> que ha descubierto y descifrado numerosos tesoros espirituales ocultos. Su ense\u00f1anza combina la sabidur\u00eda mon\u00e1stica de los Sutras con las t\u00e9cnicas t\u00e1ntricas del Vajrayana, accesibles a\u00fan hoy de forma directa y viva.<\/p>\n\n\n<div class=\"wp-block-image\">\n<figure class=\"alignleft size-full is-resized\"><img loading=\"lazy\" decoding=\"async\" width=\"683\" height=\"1024\" src=\"https:\/\/padmaling.org\/newpadmaling\/wp-content\/uploads\/2025\/11\/6_SE_Retrato-sillon.jpg\" alt=\"\" class=\"wp-image-1686\" style=\"width:235px;height:auto\" srcset=\"https:\/\/padmaling.org\/newpadmaling\/wp-content\/uploads\/2025\/11\/6_SE_Retrato-sillon.jpg 683w, https:\/\/padmaling.org\/newpadmaling\/wp-content\/uploads\/2025\/11\/6_SE_Retrato-sillon-200x300.jpg 200w, https:\/\/padmaling.org\/newpadmaling\/wp-content\/uploads\/2025\/11\/6_SE_Retrato-sillon-100x150.jpg 100w\" sizes=\"auto, (max-width: 683px) 100vw, 683px\" \/><figcaption class=\"wp-element-caption\">Su Eminencia<em> Namkha Drimed Rabjam Rinpoche<\/em><\/figcaption><\/figure>\n<\/div>\n\n\n<p>Namkha Drimed Rinpoche es ampliamente respetado por su sabidur\u00eda, sus pr\u00e1cticas de sanaci\u00f3n y su poder de bendici\u00f3n. Recibi\u00f3 ense\u00f1anzas de Dudjom Rinpoche, Dilgo Khyentse Rinpoche y otros grandes maestros, y complet\u00f3 el linaje del Rinchen Terdzo bajo la gu\u00eda de Chogyam Trungpa Rinpoche. Sus siete hijos contin\u00faan la obra de su linaje: Tenzin \u00d1ima Rinpoche cuida de Rigon Tashi Choeling en T\u00edbet; Gyetrul Jigme Rinpoche, emanaci\u00f3n de Pema Lingpa, dirige los monasterios de Nepal e India y ense\u00f1a en Occidente; Lunthrul Dechen Gyurme Rinpoche apoya las comunidades tibetanas de Asia y Canad\u00e1; y sus hermanas, Semo Sonam Peldzom, Semo Pema Dechen y Semo Sonam Palmo, mantienen viva la tradici\u00f3n de Guesar a trav\u00e9s del canto y la danza. La menor, Dechen Choying Sangmo, es Sakyong Wangmo en la tradici\u00f3n de Shambhala.<\/p>\n\n\n\n<div style=\"height:19px\" aria-hidden=\"true\" class=\"wp-block-spacer\"><\/div>\n\n\n\n<figure class=\"wp-block-gallery has-nested-images columns-default is-cropped wp-block-gallery-2 is-layout-flex wp-block-gallery-is-layout-flex\">\n<figure class=\"wp-block-image size-large is-resized\"><img loading=\"lazy\" decoding=\"async\" width=\"505\" height=\"415\" data-id=\"1696\" src=\"https:\/\/padmaling.org\/newpadmaling\/wp-content\/uploads\/2025\/11\/12_Tenzin-Nima-Rimpoche.jpg\" alt=\"\" class=\"wp-image-1696\" style=\"width:305px;height:auto\" srcset=\"https:\/\/padmaling.org\/newpadmaling\/wp-content\/uploads\/2025\/11\/12_Tenzin-Nima-Rimpoche.jpg 505w, https:\/\/padmaling.org\/newpadmaling\/wp-content\/uploads\/2025\/11\/12_Tenzin-Nima-Rimpoche-300x247.jpg 300w, https:\/\/padmaling.org\/newpadmaling\/wp-content\/uploads\/2025\/11\/12_Tenzin-Nima-Rimpoche-150x123.jpg 150w\" sizes=\"auto, (max-width: 505px) 100vw, 505px\" \/><\/figure>\n\n\n\n<figure class=\"wp-block-image size-large is-resized\"><img loading=\"lazy\" decoding=\"async\" width=\"730\" height=\"440\" data-id=\"1687\" src=\"https:\/\/padmaling.org\/newpadmaling\/wp-content\/uploads\/2025\/11\/9_Su-Eminencia-Namkha-Drimed-Rabjam-Rinpoche-y-Dungsey-Gyetrul-Jigme-Norbu-Rinpoche.jpg\" alt=\"\" class=\"wp-image-1687\" style=\"width:405px;height:auto\" srcset=\"https:\/\/padmaling.org\/newpadmaling\/wp-content\/uploads\/2025\/11\/9_Su-Eminencia-Namkha-Drimed-Rabjam-Rinpoche-y-Dungsey-Gyetrul-Jigme-Norbu-Rinpoche.jpg 730w, https:\/\/padmaling.org\/newpadmaling\/wp-content\/uploads\/2025\/11\/9_Su-Eminencia-Namkha-Drimed-Rabjam-Rinpoche-y-Dungsey-Gyetrul-Jigme-Norbu-Rinpoche-300x181.jpg 300w, https:\/\/padmaling.org\/newpadmaling\/wp-content\/uploads\/2025\/11\/9_Su-Eminencia-Namkha-Drimed-Rabjam-Rinpoche-y-Dungsey-Gyetrul-Jigme-Norbu-Rinpoche-150x90.jpg 150w\" sizes=\"auto, (max-width: 730px) 100vw, 730px\" \/><\/figure>\n<\/figure>\n\n\n\n<div style=\"height:12px\" aria-hidden=\"true\" class=\"wp-block-spacer\"><\/div>\n\n\n\n<figure class=\"wp-block-gallery has-nested-images columns-default is-cropped wp-block-gallery-3 is-layout-flex wp-block-gallery-is-layout-flex\">\n<figure class=\"wp-block-image size-large is-resized\"><img loading=\"lazy\" decoding=\"async\" width=\"537\" height=\"849\" data-id=\"1688\" src=\"https:\/\/padmaling.org\/newpadmaling\/wp-content\/uploads\/2025\/11\/10_Dungsey-Gyetrul-Jigme-Norbu-Rinpoche.jpg\" alt=\"\" class=\"wp-image-1688\" style=\"width:217px;height:auto\" srcset=\"https:\/\/padmaling.org\/newpadmaling\/wp-content\/uploads\/2025\/11\/10_Dungsey-Gyetrul-Jigme-Norbu-Rinpoche.jpg 537w, https:\/\/padmaling.org\/newpadmaling\/wp-content\/uploads\/2025\/11\/10_Dungsey-Gyetrul-Jigme-Norbu-Rinpoche-190x300.jpg 190w, https:\/\/padmaling.org\/newpadmaling\/wp-content\/uploads\/2025\/11\/10_Dungsey-Gyetrul-Jigme-Norbu-Rinpoche-95x150.jpg 95w\" sizes=\"auto, (max-width: 537px) 100vw, 537px\" \/><figcaption class=\"wp-element-caption\">Dungsey Gyetrul Jigme Norbu Rinpoche<\/figcaption><\/figure>\n\n\n\n<figure class=\"wp-block-image size-large is-resized\"><img loading=\"lazy\" decoding=\"async\" width=\"768\" height=\"1024\" data-id=\"1689\" src=\"https:\/\/padmaling.org\/newpadmaling\/wp-content\/uploads\/2025\/11\/11_Semolas_Traje-danzas-Gesar-768x1024.jpg\" alt=\"\" class=\"wp-image-1689\" style=\"width:239px;height:auto\" srcset=\"https:\/\/padmaling.org\/newpadmaling\/wp-content\/uploads\/2025\/11\/11_Semolas_Traje-danzas-Gesar-768x1024.jpg 768w, https:\/\/padmaling.org\/newpadmaling\/wp-content\/uploads\/2025\/11\/11_Semolas_Traje-danzas-Gesar-225x300.jpg 225w, https:\/\/padmaling.org\/newpadmaling\/wp-content\/uploads\/2025\/11\/11_Semolas_Traje-danzas-Gesar-113x150.jpg 113w, https:\/\/padmaling.org\/newpadmaling\/wp-content\/uploads\/2025\/11\/11_Semolas_Traje-danzas-Gesar.jpg 960w\" sizes=\"auto, (max-width: 768px) 100vw, 768px\" \/><figcaption class=\"wp-element-caption\">Semolas: Traje danzas Gesar<\/figcaption><\/figure>\n<\/figure>\n\n\n\n<div class=\"wp-block-group\"><div class=\"wp-block-group__inner-container is-layout-constrained wp-block-group-is-layout-constrained\"><\/div><\/div>\n\n\n\n<div style=\"height:21px\" aria-hidden=\"true\" class=\"wp-block-spacer\"><\/div>\n\n\n\n<p>As\u00ed, el linaje Ripa de tesoros revelados representa un sistema \u00fanico que armoniza las virtudes mon\u00e1sticas de los Sutras con las realizaciones del <em>Tantra<\/em>. Sus m\u00e9todos se adaptan a las capacidades de cada ser, gui\u00e1ndolo hacia la iluminaci\u00f3n. Floreci\u00f3 en el T\u00edbet hasta la invasi\u00f3n china, contando con m\u00e1s de quinientos monjes y monjas en Rigon Tashi Choeling y una vasta comunidad laica. Hoy, los monasterios de Nepal y la India contin\u00faan preservando esta tradici\u00f3n viva, que se eleva, como los dragones del Valle del Sol, hacia el cielo del despertar.<\/p>\n\n\n\n<p>OM SVASTI<br><em>\u00a1Maestros consumados del glorioso linaje Ripa,<br>Como una ininterrumpida guirnalda preciosa<br>T\u00fa, que sostienes en el hombro de las monta\u00f1as del este,<br>Las profundas ense\u00f1anzas tesoro Taksham,<br>Emanaci\u00f3n de Dorje Drolo,<br>El monarca de oc\u00e9anos de Tertons,<br>Sirvo a los maestros del profundo linaje,<br>Hasta la realizaci\u00f3n.<br>\u00a1Por favor, otorgar virtud y excelencia!<\/em><\/p>\n","protected":false},"excerpt":{"rendered":"<p>En el vasto paisaje espiritual del T\u00edbet, el linaje Ripa floreci\u00f3 como una corriente de profunda sabidur\u00eda y compasi\u00f3n. La palabra Ripa significa \u201caquel que habita en las monta\u00f1as\u201d, un consumado meditador que vive recluido en retiros permanentes. Ri quiere decir monta\u00f1a o \u00e1rea solitaria, y Pa designa a quien&#8230;<\/p>\n<p> <a class=\"continue-reading-link\" href=\"https:\/\/padmaling.org\/newpadmaling\/?page_id=1673\"><span>Cotinuar leyendo<\/span><i class=\"crycon-right-dir\"><\/i><\/a> <\/p>\n","protected":false},"author":1,"featured_media":0,"parent":0,"menu_order":0,"comment_status":"closed","ping_status":"closed","template":"","meta":{"footnotes":""},"class_list":["post-1673","page","type-page","status-publish","hentry"],"_links":{"self":[{"href":"https:\/\/padmaling.org\/newpadmaling\/index.php?rest_route=\/wp\/v2\/pages\/1673","targetHints":{"allow":["GET"]}}],"collection":[{"href":"https:\/\/padmaling.org\/newpadmaling\/index.php?rest_route=\/wp\/v2\/pages"}],"about":[{"href":"https:\/\/padmaling.org\/newpadmaling\/index.php?rest_route=\/wp\/v2\/types\/page"}],"author":[{"embeddable":true,"href":"https:\/\/padmaling.org\/newpadmaling\/index.php?rest_route=\/wp\/v2\/users\/1"}],"replies":[{"embeddable":true,"href":"https:\/\/padmaling.org\/newpadmaling\/index.php?rest_route=%2Fwp%2Fv2%2Fcomments&post=1673"}],"version-history":[{"count":60,"href":"https:\/\/padmaling.org\/newpadmaling\/index.php?rest_route=\/wp\/v2\/pages\/1673\/revisions"}],"predecessor-version":[{"id":1852,"href":"https:\/\/padmaling.org\/newpadmaling\/index.php?rest_route=\/wp\/v2\/pages\/1673\/revisions\/1852"}],"wp:attachment":[{"href":"https:\/\/padmaling.org\/newpadmaling\/index.php?rest_route=%2Fwp%2Fv2%2Fmedia&parent=1673"}],"curies":[{"name":"wp","href":"https:\/\/api.w.org\/{rel}","templated":true}]}}